{"id":7582,"date":"2024-01-19T01:01:55","date_gmt":"2024-01-19T00:01:55","guid":{"rendered":"https:\/\/badiadipomaio.com\/uliveto\/"},"modified":"2024-03-14T10:01:00","modified_gmt":"2024-03-14T09:01:00","slug":"uliveto","status":"publish","type":"page","link":"https:\/\/badiadipomaio.com\/it\/uliveto\/","title":{"rendered":"Uliveto"},"content":{"rendered":"\t\t<div data-elementor-type=\"wp-page\" data-elementor-id=\"7582\" class=\"elementor elementor-7582 elementor-7556\">\n\t\t\t\t\t\t<section class=\"elementor-section elementor-top-section elementor-element elementor-element-0758c1d page-title text-white elementor-section-height-min-height elementor-section-items-bottom elementor-section-boxed elementor-section-height-default\" data-id=\"0758c1d\" data-element_type=\"section\" data-e-type=\"section\" data-settings=\"{&quot;background_background&quot;:&quot;classic&quot;}\">\n\t\t\t\t\t\t\t<div class=\"elementor-background-overlay\"><\/div>\n\t\t\t\t\t\t\t<div class=\"elementor-container elementor-column-gap-default\">\n\t\t\t\t\t<div class=\"elementor-column elementor-col-100 elementor-top-column elementor-element elementor-element-189d5be\" data-id=\"189d5be\" data-element_type=\"column\" data-e-type=\"column\">\n\t\t\t<div class=\"elementor-widget-wrap elementor-element-populated\">\n\t\t\t\t\t\t<div class=\"elementor-element elementor-element-f8604bc elementor-widget elementor-widget-text-editor\" data-id=\"f8604bc\" data-element_type=\"widget\" data-e-type=\"widget\" data-widget_type=\"text-editor.default\">\n\t\t\t\t<div class=\"elementor-widget-container\">\n\t\t\t\t\t\t\t\t\t<h1 style=\"text-align: center;\">ULIVETO<\/h1>\n\t\t\t\t\t\t\t\t<\/div>\n\t\t\t\t<\/div>\n\t\t\t\t\t<\/div>\n\t\t<\/div>\n\t\t\t\t\t<\/div>\n\t\t<\/section>\n\t\t\t\t<section class=\"elementor-section elementor-top-section elementor-element elementor-element-205b6a7 elementor-section-boxed elementor-section-height-default elementor-section-height-default\" data-id=\"205b6a7\" data-element_type=\"section\" data-e-type=\"section\">\n\t\t\t\t\t\t<div class=\"elementor-container elementor-column-gap-default\">\n\t\t\t\t\t<div class=\"elementor-column elementor-col-16 elementor-top-column elementor-element elementor-element-a3b6d1c\" data-id=\"a3b6d1c\" data-element_type=\"column\" data-e-type=\"column\">\n\t\t\t<div class=\"elementor-widget-wrap\">\n\t\t\t\t\t\t\t<\/div>\n\t\t<\/div>\n\t\t\t\t<div class=\"elementor-column elementor-col-66 elementor-top-column elementor-element elementor-element-73bf3de\" data-id=\"73bf3de\" data-element_type=\"column\" data-e-type=\"column\">\n\t\t\t<div class=\"elementor-widget-wrap elementor-element-populated\">\n\t\t\t\t\t\t<div class=\"elementor-element elementor-element-c041c22 elementor-widget elementor-widget-text-editor\" data-id=\"c041c22\" data-element_type=\"widget\" data-e-type=\"widget\" data-widget_type=\"text-editor.default\">\n\t\t\t\t<div class=\"elementor-widget-container\">\n\t\t\t\t\t\t\t\t\t<h2 style=\"text-align: center;\">Il sapore autentico del Mediterraneo<\/h2><p style=\"text-align: center;\">Uno degli aspetti pi\u00f9 affascinanti del paesaggio rurale toscano \u00e8 sicuramente la continua presenza di lunghe di interminabili file di alberi di ulivi. I loro tronchi nodosi e rami ritorti che si stagliano nel cielo donano al territorio una bellezza selvaggia.<\/p><p style=\"text-align: center;\">Oltre ad essere un elemento sempre presente nel nostro paesaggio, gli alberi di ulivo rappresentano un inseparabile parte della nostra cultura e eredit\u00e0 ormai da secoli. La coltivazione di questi alberi risale infatti a migliaia di anni fa, ai tempi degli Etruschi e Romani.<\/p>\t\t\t\t\t\t\t\t<\/div>\n\t\t\t\t<\/div>\n\t\t\t\t\t<\/div>\n\t\t<\/div>\n\t\t\t\t<div class=\"elementor-column elementor-col-16 elementor-top-column elementor-element elementor-element-b7845c0\" data-id=\"b7845c0\" data-element_type=\"column\" data-e-type=\"column\">\n\t\t\t<div class=\"elementor-widget-wrap\">\n\t\t\t\t\t\t\t<\/div>\n\t\t<\/div>\n\t\t\t\t\t<\/div>\n\t\t<\/section>\n\t\t\t\t<section class=\"elementor-section elementor-top-section elementor-element elementor-element-6fac508 elementor-section-full_width elementor-section-content-middle elementor-section-height-default elementor-section-height-default\" data-id=\"6fac508\" data-element_type=\"section\" data-e-type=\"section\">\n\t\t\t\t\t\t<div class=\"elementor-container elementor-column-gap-no\">\n\t\t\t\t\t<div class=\"elementor-column elementor-col-66 elementor-top-column elementor-element elementor-element-70e763c\" data-id=\"70e763c\" data-element_type=\"column\" data-e-type=\"column\">\n\t\t\t<div class=\"elementor-widget-wrap elementor-element-populated\">\n\t\t\t\t\t\t<div class=\"elementor-element elementor-element-e9cca3e elementor-widget elementor-widget-image\" data-id=\"e9cca3e\" data-element_type=\"widget\" data-e-type=\"widget\" data-widget_type=\"image.default\">\n\t\t\t\t<div class=\"elementor-widget-container\">\n\t\t\t\t\t\t\t\t\t\t\t\t\t\t\t<img fetchpriority=\"high\" decoding=\"async\" width=\"1000\" height=\"652\" src=\"https:\/\/badiadipomaio.com\/wp-content\/uploads\/2024\/01\/olio-extravergine-benefici.jpg\" class=\"attachment-full size-full wp-image-7568\" alt=\"\" srcset=\"https:\/\/badiadipomaio.com\/wp-content\/uploads\/2024\/01\/olio-extravergine-benefici.jpg 1000w, https:\/\/badiadipomaio.com\/wp-content\/uploads\/2024\/01\/olio-extravergine-benefici-300x196.jpg 300w, https:\/\/badiadipomaio.com\/wp-content\/uploads\/2024\/01\/olio-extravergine-benefici-768x501.jpg 768w\" sizes=\"(max-width: 1000px) 100vw, 1000px\" \/>\t\t\t\t\t\t\t\t\t\t\t\t\t\t\t<\/div>\n\t\t\t\t<\/div>\n\t\t\t\t\t<\/div>\n\t\t<\/div>\n\t\t\t\t<div class=\"elementor-column elementor-col-33 elementor-top-column elementor-element elementor-element-84a7523 elementor-invisible\" data-id=\"84a7523\" data-element_type=\"column\" data-e-type=\"column\" data-settings=\"{&quot;background_background&quot;:&quot;classic&quot;,&quot;animation&quot;:&quot;fadeInRight&quot;}\">\n\t\t\t<div class=\"elementor-widget-wrap elementor-element-populated\">\n\t\t\t\t\t\t<div class=\"elementor-element elementor-element-6279bc1 elementor-widget elementor-widget-text-editor\" data-id=\"6279bc1\" data-element_type=\"widget\" data-e-type=\"widget\" data-widget_type=\"text-editor.default\">\n\t\t\t\t<div class=\"elementor-widget-container\">\n\t\t\t\t\t\t\t\t\t<p>Oggi, l&#8217;olio \u00e8 considerato il &#8220;re &#8221; della dieta mediterranea: non solo un condimento, ma piuttosto un vero e proprio alimento, conosciuto in tutto il mondo per le sue qualit\u00e0 e propriet\u00e0 benefiche.<br \/>Badia di Pomaio orgogliosamente possiede pi\u00f9 di 3oo alberi all&#8217;interno della sua propriet\u00e0.<\/p><p>L&#8217;uliveto costituisce un altro aspetto fondamentale della nostra visione di sostenibilit\u00e0 ambientale. Gli alberi di ulivo ben si adattano al clima ed al suolo fertile della Toscana. Non hanno bisogno di troppi interventi umani per prosperare e hanno la capacit\u00e0 di preservare con le loro radici le nostre riserve di acqua sotterranee.<\/p>\t\t\t\t\t\t\t\t<\/div>\n\t\t\t\t<\/div>\n\t\t\t\t\t<\/div>\n\t\t<\/div>\n\t\t\t\t\t<\/div>\n\t\t<\/section>\n\t\t\t\t<section class=\"elementor-section elementor-top-section elementor-element elementor-element-8ed1483 elementor-section-full_width elementor-section-content-middle elementor-section-height-default elementor-section-height-default\" data-id=\"8ed1483\" data-element_type=\"section\" data-e-type=\"section\">\n\t\t\t\t\t\t<div class=\"elementor-container elementor-column-gap-no\">\n\t\t\t\t\t<div class=\"elementor-column elementor-col-33 elementor-top-column elementor-element elementor-element-4d77fc0 elementor-invisible\" data-id=\"4d77fc0\" data-element_type=\"column\" data-e-type=\"column\" data-settings=\"{&quot;background_background&quot;:&quot;classic&quot;,&quot;animation&quot;:&quot;fadeInRight&quot;}\">\n\t\t\t<div class=\"elementor-widget-wrap elementor-element-populated\">\n\t\t\t\t\t\t<div class=\"elementor-element elementor-element-6630b7b elementor-widget elementor-widget-text-editor\" data-id=\"6630b7b\" data-element_type=\"widget\" data-e-type=\"widget\" data-widget_type=\"text-editor.default\">\n\t\t\t\t<div class=\"elementor-widget-container\">\n\t\t\t\t\t\t\t\t\t<p>Nella tarda primavera e nei primi giorni di estate, i rami si riempono di piccoli fiori bianchi accarezzati dalla brezza. A met\u00e0 Giugno i fiori fanno posto ai frutti ma bisogna aspettare sino alla fine di Ottobre affinch\u00e8 le olive siano pronte per essere colte. Proprio in questo periodo dell&#8217;anno si pu\u00f2 sentire nell&#8217;aria il loro particolare aroma agrodolce.<\/p>\n<p>Qui a Badia di Pomaio stendiamo le nostre reti dopo la fine della stagione turistica. Con le olive colte, produciamo il nostro olio di oliva bio che poi il nostro ristorante utilizzer\u00e0 per l&#8217;intera stagione successiva.<\/p>\n\t\t\t\t\t\t\t\t<\/div>\n\t\t\t\t<\/div>\n\t\t\t\t\t<\/div>\n\t\t<\/div>\n\t\t\t\t<div class=\"elementor-column elementor-col-66 elementor-top-column elementor-element elementor-element-bb56299\" data-id=\"bb56299\" data-element_type=\"column\" data-e-type=\"column\">\n\t\t\t<div class=\"elementor-widget-wrap elementor-element-populated\">\n\t\t\t\t\t\t<div class=\"elementor-element elementor-element-f75d418 elementor-widget elementor-widget-image\" data-id=\"f75d418\" data-element_type=\"widget\" data-e-type=\"widget\" data-widget_type=\"image.default\">\n\t\t\t\t<div class=\"elementor-widget-container\">\n\t\t\t\t\t\t\t\t\t\t\t\t\t\t\t<img decoding=\"async\" width=\"1500\" height=\"1000\" src=\"https:\/\/badiadipomaio.com\/wp-content\/uploads\/2024\/01\/olive-plants.jpg\" class=\"attachment-full size-full wp-image-7572\" alt=\"\" srcset=\"https:\/\/badiadipomaio.com\/wp-content\/uploads\/2024\/01\/olive-plants.jpg 1500w, https:\/\/badiadipomaio.com\/wp-content\/uploads\/2024\/01\/olive-plants-300x200.jpg 300w, https:\/\/badiadipomaio.com\/wp-content\/uploads\/2024\/01\/olive-plants-1024x683.jpg 1024w, https:\/\/badiadipomaio.com\/wp-content\/uploads\/2024\/01\/olive-plants-768x512.jpg 768w\" sizes=\"(max-width: 1500px) 100vw, 1500px\" \/>\t\t\t\t\t\t\t\t\t\t\t\t\t\t\t<\/div>\n\t\t\t\t<\/div>\n\t\t\t\t\t<\/div>\n\t\t<\/div>\n\t\t\t\t\t<\/div>\n\t\t<\/section>\n\t\t\t\t<\/div>\n\t\t","protected":false},"excerpt":{"rendered":"<p>ULIVETO Il sapore autentico del Mediterraneo Uno degli aspetti pi\u00f9 affascinanti del paesaggio rurale toscano \u00e8 sicuramente la continua presenza di lunghe di interminabili file&#8230; <a class=\"read-more\" style=\"text-decoration:underline;\" href=\"https:\/\/badiadipomaio.com\/it\/uliveto\/\">Leggi ancora ><\/a><\/p>\n","protected":false},"author":1,"featured_media":0,"parent":0,"menu_order":0,"comment_status":"closed","ping_status":"closed","template":"elementor_header_footer","meta":{"_acf_changed":false,"footnotes":""},"class_list":["post-7582","page","type-page","status-publish","hentry"],"acf":[],"yoast_head":"<!-- This site is optimized with the Yoast SEO plugin v27.4 - https:\/\/yoast.com\/product\/yoast-seo-wordpress\/ -->\n<title>Uliveto - Badia di Pomaio<\/title>\n<meta name=\"robots\" content=\"index, follow, max-snippet:-1, max-image-preview:large, max-video-preview:-1\" \/>\n<link rel=\"canonical\" href=\"https:\/\/badiadipomaio.com\/it\/uliveto\/\" \/>\n<meta property=\"og:locale\" content=\"it_IT\" \/>\n<meta property=\"og:type\" content=\"article\" \/>\n<meta property=\"og:title\" content=\"Uliveto - Badia di Pomaio\" \/>\n<meta property=\"og:description\" content=\"ULIVETO Il sapore autentico del Mediterraneo Uno degli aspetti pi\u00f9 affascinanti del paesaggio rurale toscano \u00e8 sicuramente la continua presenza di lunghe di interminabili file... Leggi ancora &gt;\" \/>\n<meta property=\"og:url\" content=\"https:\/\/badiadipomaio.com\/it\/uliveto\/\" \/>\n<meta property=\"og:site_name\" content=\"Badia di Pomaio\" \/>\n<meta property=\"article:modified_time\" content=\"2024-03-14T09:01:00+00:00\" \/>\n<meta property=\"og:image\" content=\"https:\/\/badiadipomaio.com\/wp-content\/uploads\/2024\/01\/olio-extravergine-benefici.jpg\" \/>\n<meta name=\"twitter:card\" content=\"summary_large_image\" \/>\n<meta name=\"twitter:label1\" content=\"Tempo di lettura stimato\" \/>\n\t<meta name=\"twitter:data1\" content=\"2 minuti\" \/>\n<script type=\"application\/ld+json\" class=\"yoast-schema-graph\">{\"@context\":\"https:\\\/\\\/schema.org\",\"@graph\":[{\"@type\":\"WebPage\",\"@id\":\"https:\\\/\\\/badiadipomaio.com\\\/it\\\/uliveto\\\/\",\"url\":\"https:\\\/\\\/badiadipomaio.com\\\/it\\\/uliveto\\\/\",\"name\":\"Uliveto - Badia di Pomaio\",\"isPartOf\":{\"@id\":\"https:\\\/\\\/badiadipomaio.com\\\/#website\"},\"primaryImageOfPage\":{\"@id\":\"https:\\\/\\\/badiadipomaio.com\\\/it\\\/uliveto\\\/#primaryimage\"},\"image\":{\"@id\":\"https:\\\/\\\/badiadipomaio.com\\\/it\\\/uliveto\\\/#primaryimage\"},\"thumbnailUrl\":\"https:\\\/\\\/badiadipomaio.com\\\/wp-content\\\/uploads\\\/2024\\\/01\\\/olio-extravergine-benefici.jpg\",\"datePublished\":\"2024-01-19T00:01:55+00:00\",\"dateModified\":\"2024-03-14T09:01:00+00:00\",\"breadcrumb\":{\"@id\":\"https:\\\/\\\/badiadipomaio.com\\\/it\\\/uliveto\\\/#breadcrumb\"},\"inLanguage\":\"it-IT\",\"potentialAction\":[{\"@type\":\"ReadAction\",\"target\":[\"https:\\\/\\\/badiadipomaio.com\\\/it\\\/uliveto\\\/\"]}]},{\"@type\":\"ImageObject\",\"inLanguage\":\"it-IT\",\"@id\":\"https:\\\/\\\/badiadipomaio.com\\\/it\\\/uliveto\\\/#primaryimage\",\"url\":\"https:\\\/\\\/badiadipomaio.com\\\/wp-content\\\/uploads\\\/2024\\\/01\\\/olio-extravergine-benefici.jpg\",\"contentUrl\":\"https:\\\/\\\/badiadipomaio.com\\\/wp-content\\\/uploads\\\/2024\\\/01\\\/olio-extravergine-benefici.jpg\"},{\"@type\":\"BreadcrumbList\",\"@id\":\"https:\\\/\\\/badiadipomaio.com\\\/it\\\/uliveto\\\/#breadcrumb\",\"itemListElement\":[{\"@type\":\"ListItem\",\"position\":1,\"name\":\"Home\",\"item\":\"https:\\\/\\\/badiadipomaio.com\\\/it\\\/home-2\\\/\"},{\"@type\":\"ListItem\",\"position\":2,\"name\":\"Uliveto\"}]},{\"@type\":\"WebSite\",\"@id\":\"https:\\\/\\\/badiadipomaio.com\\\/#website\",\"url\":\"https:\\\/\\\/badiadipomaio.com\\\/\",\"name\":\"Badia di Pomaio\",\"description\":\"\",\"publisher\":{\"@id\":\"https:\\\/\\\/badiadipomaio.com\\\/#organization\"},\"potentialAction\":[{\"@type\":\"SearchAction\",\"target\":{\"@type\":\"EntryPoint\",\"urlTemplate\":\"https:\\\/\\\/badiadipomaio.com\\\/?s={search_term_string}\"},\"query-input\":{\"@type\":\"PropertyValueSpecification\",\"valueRequired\":true,\"valueName\":\"search_term_string\"}}],\"inLanguage\":\"it-IT\"},{\"@type\":\"Organization\",\"@id\":\"https:\\\/\\\/badiadipomaio.com\\\/#organization\",\"name\":\"Badia di Pomaio\",\"url\":\"https:\\\/\\\/badiadipomaio.com\\\/\",\"logo\":{\"@type\":\"ImageObject\",\"inLanguage\":\"it-IT\",\"@id\":\"https:\\\/\\\/badiadipomaio.com\\\/#\\\/schema\\\/logo\\\/image\\\/\",\"url\":\"https:\\\/\\\/badiadipomaio.com\\\/wp-content\\\/uploads\\\/2020\\\/11\\\/bdp_logo.png\",\"contentUrl\":\"https:\\\/\\\/badiadipomaio.com\\\/wp-content\\\/uploads\\\/2020\\\/11\\\/bdp_logo.png\",\"width\":368,\"height\":117,\"caption\":\"Badia di Pomaio\"},\"image\":{\"@id\":\"https:\\\/\\\/badiadipomaio.com\\\/#\\\/schema\\\/logo\\\/image\\\/\"}}]}<\/script>\n<!-- \/ Yoast SEO plugin. -->","yoast_head_json":{"title":"Uliveto - Badia di Pomaio","robots":{"index":"index","follow":"follow","max-snippet":"max-snippet:-1","max-image-preview":"max-image-preview:large","max-video-preview":"max-video-preview:-1"},"canonical":"https:\/\/badiadipomaio.com\/it\/uliveto\/","og_locale":"it_IT","og_type":"article","og_title":"Uliveto - Badia di Pomaio","og_description":"ULIVETO Il sapore autentico del Mediterraneo Uno degli aspetti pi\u00f9 affascinanti del paesaggio rurale toscano \u00e8 sicuramente la continua presenza di lunghe di interminabili file... Leggi ancora >","og_url":"https:\/\/badiadipomaio.com\/it\/uliveto\/","og_site_name":"Badia di Pomaio","article_modified_time":"2024-03-14T09:01:00+00:00","og_image":[{"url":"https:\/\/badiadipomaio.com\/wp-content\/uploads\/2024\/01\/olio-extravergine-benefici.jpg","type":"","width":"","height":""}],"twitter_card":"summary_large_image","twitter_misc":{"Tempo di lettura stimato":"2 minuti"},"schema":{"@context":"https:\/\/schema.org","@graph":[{"@type":"WebPage","@id":"https:\/\/badiadipomaio.com\/it\/uliveto\/","url":"https:\/\/badiadipomaio.com\/it\/uliveto\/","name":"Uliveto - Badia di Pomaio","isPartOf":{"@id":"https:\/\/badiadipomaio.com\/#website"},"primaryImageOfPage":{"@id":"https:\/\/badiadipomaio.com\/it\/uliveto\/#primaryimage"},"image":{"@id":"https:\/\/badiadipomaio.com\/it\/uliveto\/#primaryimage"},"thumbnailUrl":"https:\/\/badiadipomaio.com\/wp-content\/uploads\/2024\/01\/olio-extravergine-benefici.jpg","datePublished":"2024-01-19T00:01:55+00:00","dateModified":"2024-03-14T09:01:00+00:00","breadcrumb":{"@id":"https:\/\/badiadipomaio.com\/it\/uliveto\/#breadcrumb"},"inLanguage":"it-IT","potentialAction":[{"@type":"ReadAction","target":["https:\/\/badiadipomaio.com\/it\/uliveto\/"]}]},{"@type":"ImageObject","inLanguage":"it-IT","@id":"https:\/\/badiadipomaio.com\/it\/uliveto\/#primaryimage","url":"https:\/\/badiadipomaio.com\/wp-content\/uploads\/2024\/01\/olio-extravergine-benefici.jpg","contentUrl":"https:\/\/badiadipomaio.com\/wp-content\/uploads\/2024\/01\/olio-extravergine-benefici.jpg"},{"@type":"BreadcrumbList","@id":"https:\/\/badiadipomaio.com\/it\/uliveto\/#breadcrumb","itemListElement":[{"@type":"ListItem","position":1,"name":"Home","item":"https:\/\/badiadipomaio.com\/it\/home-2\/"},{"@type":"ListItem","position":2,"name":"Uliveto"}]},{"@type":"WebSite","@id":"https:\/\/badiadipomaio.com\/#website","url":"https:\/\/badiadipomaio.com\/","name":"Badia di Pomaio","description":"","publisher":{"@id":"https:\/\/badiadipomaio.com\/#organization"},"potentialAction":[{"@type":"SearchAction","target":{"@type":"EntryPoint","urlTemplate":"https:\/\/badiadipomaio.com\/?s={search_term_string}"},"query-input":{"@type":"PropertyValueSpecification","valueRequired":true,"valueName":"search_term_string"}}],"inLanguage":"it-IT"},{"@type":"Organization","@id":"https:\/\/badiadipomaio.com\/#organization","name":"Badia di Pomaio","url":"https:\/\/badiadipomaio.com\/","logo":{"@type":"ImageObject","inLanguage":"it-IT","@id":"https:\/\/badiadipomaio.com\/#\/schema\/logo\/image\/","url":"https:\/\/badiadipomaio.com\/wp-content\/uploads\/2020\/11\/bdp_logo.png","contentUrl":"https:\/\/badiadipomaio.com\/wp-content\/uploads\/2020\/11\/bdp_logo.png","width":368,"height":117,"caption":"Badia di Pomaio"},"image":{"@id":"https:\/\/badiadipomaio.com\/#\/schema\/logo\/image\/"}}]}},"_links":{"self":[{"href":"https:\/\/badiadipomaio.com\/it\/wp-json\/wp\/v2\/pages\/7582","targetHints":{"allow":["GET"]}}],"collection":[{"href":"https:\/\/badiadipomaio.com\/it\/wp-json\/wp\/v2\/pages"}],"about":[{"href":"https:\/\/badiadipomaio.com\/it\/wp-json\/wp\/v2\/types\/page"}],"author":[{"embeddable":true,"href":"https:\/\/badiadipomaio.com\/it\/wp-json\/wp\/v2\/users\/1"}],"replies":[{"embeddable":true,"href":"https:\/\/badiadipomaio.com\/it\/wp-json\/wp\/v2\/comments?post=7582"}],"version-history":[{"count":9,"href":"https:\/\/badiadipomaio.com\/it\/wp-json\/wp\/v2\/pages\/7582\/revisions"}],"predecessor-version":[{"id":7998,"href":"https:\/\/badiadipomaio.com\/it\/wp-json\/wp\/v2\/pages\/7582\/revisions\/7998"}],"wp:attachment":[{"href":"https:\/\/badiadipomaio.com\/it\/wp-json\/wp\/v2\/media?parent=7582"}],"curies":[{"name":"wp","href":"https:\/\/api.w.org\/{rel}","templated":true}]}}