{"id":5762,"date":"2021-12-07T18:50:57","date_gmt":"2021-12-07T17:50:57","guid":{"rendered":"https:\/\/badiadipomaio.com\/?page_id=5762"},"modified":"2026-02-06T15:11:20","modified_gmt":"2026-02-06T14:11:20","slug":"acqua","status":"publish","type":"page","link":"https:\/\/badiadipomaio.com\/it\/sostenibilita\/acqua\/","title":{"rendered":"Acqua"},"content":{"rendered":"\t\t<div data-elementor-type=\"wp-page\" data-elementor-id=\"5762\" class=\"elementor elementor-5762 elementor-5346\">\n\t\t\t\t\t\t<section class=\"elementor-section elementor-top-section elementor-element elementor-element-107ba66 page-title text-white elementor-section-height-min-height elementor-section-items-bottom elementor-section-boxed elementor-section-height-default\" data-id=\"107ba66\" data-element_type=\"section\" data-e-type=\"section\" data-settings=\"{&quot;background_background&quot;:&quot;classic&quot;}\">\n\t\t\t\t\t\t\t<div class=\"elementor-background-overlay\"><\/div>\n\t\t\t\t\t\t\t<div class=\"elementor-container elementor-column-gap-default\">\n\t\t\t\t\t<div class=\"elementor-column elementor-col-100 elementor-top-column elementor-element elementor-element-24bc7e8\" data-id=\"24bc7e8\" data-element_type=\"column\" data-e-type=\"column\">\n\t\t\t<div class=\"elementor-widget-wrap elementor-element-populated\">\n\t\t\t\t\t\t<div class=\"elementor-element elementor-element-9a6183b elementor-widget elementor-widget-text-editor\" data-id=\"9a6183b\" data-element_type=\"widget\" data-e-type=\"widget\" data-widget_type=\"text-editor.default\">\n\t\t\t\t<div class=\"elementor-widget-container\">\n\t\t\t\t\t\t\t\t\t<h1 style=\"text-align: center;\">Acqua<\/h1>\t\t\t\t\t\t\t\t<\/div>\n\t\t\t\t<\/div>\n\t\t\t\t\t<\/div>\n\t\t<\/div>\n\t\t\t\t\t<\/div>\n\t\t<\/section>\n\t\t\t\t<section class=\"elementor-section elementor-top-section elementor-element elementor-element-a0a648c elementor-section-boxed elementor-section-height-default elementor-section-height-default\" data-id=\"a0a648c\" data-element_type=\"section\" data-e-type=\"section\" data-settings=\"{&quot;background_background&quot;:&quot;classic&quot;}\">\n\t\t\t\t\t\t<div class=\"elementor-container elementor-column-gap-default\">\n\t\t\t\t\t<div class=\"elementor-column elementor-col-16 elementor-top-column elementor-element elementor-element-d8df054\" data-id=\"d8df054\" data-element_type=\"column\" data-e-type=\"column\">\n\t\t\t<div class=\"elementor-widget-wrap\">\n\t\t\t\t\t\t\t<\/div>\n\t\t<\/div>\n\t\t\t\t<div class=\"elementor-column elementor-col-66 elementor-top-column elementor-element elementor-element-d91a014\" data-id=\"d91a014\" data-element_type=\"column\" data-e-type=\"column\">\n\t\t\t<div class=\"elementor-widget-wrap elementor-element-populated\">\n\t\t\t\t\t\t<div class=\"elementor-element elementor-element-9e33d2d elementor-widget elementor-widget-text-editor\" data-id=\"9e33d2d\" data-element_type=\"widget\" data-e-type=\"widget\" data-widget_type=\"text-editor.default\">\n\t\t\t\t<div class=\"elementor-widget-container\">\n\t\t\t\t\t\t\t\t\t<p style=\"text-align: center;\">L&#8217;acqua ha sempre occupato un posto speciale nel cuore degli abitanti di Pomaio. Molto prima della costruzione della Badia di Pomaio, la vita in montagna era incentrata sul culto pagano dell&#8217;acqua. La sorgente sul punto pi\u00f9 alto della montagna era considerata miracolosa, in particolare per la sua capacit\u00e0 di guarire le malattie.  <\/p><p style=\"text-align: center;\">Anche se l&#8217;acqua non \u00e8 pi\u00f9 venerata come nei secoli passati, noi di Badia di Pomaio prendiamo ancora sul serio la protezione delle nostre riserve. Abbiamo un nostro pozzo, dal quale sia l&#8217;hotel che il ristorante ricevono l&#8217;acqua di cui hanno bisogno. \u00c8 filtrata naturalmente e priva di sostanze chimiche e, pertanto, \u00e8 pi\u00f9 salutare per l&#8217;ecosistema e anche per noi.  <\/p>\t\t\t\t\t\t\t\t<\/div>\n\t\t\t\t<\/div>\n\t\t\t\t\t<\/div>\n\t\t<\/div>\n\t\t\t\t<div class=\"elementor-column elementor-col-16 elementor-top-column elementor-element elementor-element-543ad4a\" data-id=\"543ad4a\" data-element_type=\"column\" data-e-type=\"column\">\n\t\t\t<div class=\"elementor-widget-wrap\">\n\t\t\t\t\t\t\t<\/div>\n\t\t<\/div>\n\t\t\t\t\t<\/div>\n\t\t<\/section>\n\t\t\t\t<section class=\"elementor-section elementor-top-section elementor-element elementor-element-34d8b01 elementor-section-full_width elementor-section-content-middle elementor-section-height-default elementor-section-height-default\" data-id=\"34d8b01\" data-element_type=\"section\" data-e-type=\"section\" data-settings=\"{&quot;background_background&quot;:&quot;classic&quot;}\">\n\t\t\t\t\t\t<div class=\"elementor-container elementor-column-gap-no\">\n\t\t\t\t\t<div class=\"elementor-column elementor-col-50 elementor-top-column elementor-element elementor-element-5146559\" data-id=\"5146559\" data-element_type=\"column\" data-e-type=\"column\">\n\t\t\t<div class=\"elementor-widget-wrap elementor-element-populated\">\n\t\t\t\t\t\t<div class=\"elementor-element elementor-element-a41385d elementor-widget elementor-widget-image\" data-id=\"a41385d\" data-element_type=\"widget\" data-e-type=\"widget\" data-widget_type=\"image.default\">\n\t\t\t\t<div class=\"elementor-widget-container\">\n\t\t\t\t\t\t\t\t\t\t\t\t\t\t\t<img fetchpriority=\"high\" decoding=\"async\" width=\"1000\" height=\"1000\" src=\"https:\/\/badiadipomaio.com\/wp-content\/uploads\/2021\/11\/water-details.jpg\" class=\"attachment-full size-full wp-image-5527\" alt=\"\" srcset=\"https:\/\/badiadipomaio.com\/wp-content\/uploads\/2021\/11\/water-details.jpg 1000w, https:\/\/badiadipomaio.com\/wp-content\/uploads\/2021\/11\/water-details-300x300.jpg 300w, https:\/\/badiadipomaio.com\/wp-content\/uploads\/2021\/11\/water-details-150x150.jpg 150w, https:\/\/badiadipomaio.com\/wp-content\/uploads\/2021\/11\/water-details-768x768.jpg 768w, https:\/\/badiadipomaio.com\/wp-content\/uploads\/2021\/11\/water-details-400x400.jpg 400w\" sizes=\"(max-width: 1000px) 100vw, 1000px\" \/>\t\t\t\t\t\t\t\t\t\t\t\t\t\t\t<\/div>\n\t\t\t\t<\/div>\n\t\t\t\t\t<\/div>\n\t\t<\/div>\n\t\t\t\t<div class=\"elementor-column elementor-col-50 elementor-top-column elementor-element elementor-element-5357466\" data-id=\"5357466\" data-element_type=\"column\" data-e-type=\"column\">\n\t\t\t<div class=\"elementor-widget-wrap elementor-element-populated\">\n\t\t\t\t\t\t<div class=\"elementor-element elementor-element-1b45823 elementor-widget elementor-widget-text-editor\" data-id=\"1b45823\" data-element_type=\"widget\" data-e-type=\"widget\" data-widget_type=\"text-editor.default\">\n\t\t\t\t<div class=\"elementor-widget-container\">\n\t\t\t\t\t\t\t\t\t<p>Siamo inoltre sempre attenti a considerare il nostro impatto sulle riserve idriche sotterranee: la nostra acqua viene immagazzinata, riutilizzata e smaltita in modi che mirano a preservare le nostre risorse naturali.<\/p><p>Essendo in alta montagna e circondati da boschi, l&#8217;umidit\u00e0 pu\u00f2 essere un problema e causare danni agli edifici, soprattutto a quelli vecchi come il nostro. Noi l&#8217;abbiamo trasformata in un&#8217;opportunit\u00e0. La raccogliamo utilizzando un deumidificatore e il fossato scavato intorno all&#8217;edificio e la usiamo come irrigazione.  <\/p>\t\t\t\t\t\t\t\t<\/div>\n\t\t\t\t<\/div>\n\t\t\t\t\t<\/div>\n\t\t<\/div>\n\t\t\t\t\t<\/div>\n\t\t<\/section>\n\t\t\t\t<\/div>\n\t\t","protected":false},"excerpt":{"rendered":"<p>Acqua L&#8217;acqua ha sempre occupato un posto speciale nel cuore degli abitanti di Pomaio. Molto prima della costruzione della Badia di Pomaio, la vita in&#8230; <a class=\"read-more\" style=\"text-decoration:underline;\" href=\"https:\/\/badiadipomaio.com\/it\/sostenibilita\/acqua\/\">Leggi ancora ><\/a><\/p>\n","protected":false},"author":1,"featured_media":0,"parent":5701,"menu_order":0,"comment_status":"closed","ping_status":"closed","template":"elementor_header_footer","meta":{"_acf_changed":false,"footnotes":""},"class_list":["post-5762","page","type-page","status-publish","hentry"],"acf":[],"yoast_head":"<!-- This site is optimized with the Yoast SEO plugin v27.0 - https:\/\/yoast.com\/product\/yoast-seo-wordpress\/ -->\n<title>Acqua - Badia di Pomaio<\/title>\n<meta name=\"robots\" content=\"index, follow, max-snippet:-1, max-image-preview:large, max-video-preview:-1\" \/>\n<link rel=\"canonical\" href=\"https:\/\/badiadipomaio.com\/it\/sostenibilita\/acqua\/\" \/>\n<meta property=\"og:locale\" content=\"it_IT\" \/>\n<meta property=\"og:type\" content=\"article\" \/>\n<meta property=\"og:title\" content=\"Acqua - Badia di Pomaio\" \/>\n<meta property=\"og:description\" content=\"Acqua L&#8217;acqua ha sempre occupato un posto speciale nel cuore degli abitanti di Pomaio. Molto prima della costruzione della Badia di Pomaio, la vita in... Leggi ancora &gt;\" \/>\n<meta property=\"og:url\" content=\"https:\/\/badiadipomaio.com\/it\/sostenibilita\/acqua\/\" \/>\n<meta property=\"og:site_name\" content=\"Badia di Pomaio\" \/>\n<meta property=\"article:modified_time\" content=\"2026-02-06T14:11:20+00:00\" \/>\n<meta property=\"og:image\" content=\"https:\/\/badiadipomaio.com\/wp-content\/uploads\/2021\/11\/water-details.jpg\" \/>\n<meta name=\"twitter:card\" content=\"summary_large_image\" \/>\n<meta name=\"twitter:label1\" content=\"Tempo di lettura stimato\" \/>\n\t<meta name=\"twitter:data1\" content=\"2 minuti\" \/>\n<script type=\"application\/ld+json\" class=\"yoast-schema-graph\">{\"@context\":\"https:\/\/schema.org\",\"@graph\":[{\"@type\":\"WebPage\",\"@id\":\"https:\/\/badiadipomaio.com\/it\/sostenibilita\/acqua\/\",\"url\":\"https:\/\/badiadipomaio.com\/it\/sostenibilita\/acqua\/\",\"name\":\"Acqua - Badia di Pomaio\",\"isPartOf\":{\"@id\":\"https:\/\/badiadipomaio.com\/#website\"},\"primaryImageOfPage\":{\"@id\":\"https:\/\/badiadipomaio.com\/it\/sostenibilita\/acqua\/#primaryimage\"},\"image\":{\"@id\":\"https:\/\/badiadipomaio.com\/it\/sostenibilita\/acqua\/#primaryimage\"},\"thumbnailUrl\":\"https:\/\/badiadipomaio.com\/wp-content\/uploads\/2021\/11\/water-details.jpg\",\"datePublished\":\"2021-12-07T17:50:57+00:00\",\"dateModified\":\"2026-02-06T14:11:20+00:00\",\"breadcrumb\":{\"@id\":\"https:\/\/badiadipomaio.com\/it\/sostenibilita\/acqua\/#breadcrumb\"},\"inLanguage\":\"it-IT\",\"potentialAction\":[{\"@type\":\"ReadAction\",\"target\":[\"https:\/\/badiadipomaio.com\/it\/sostenibilita\/acqua\/\"]}]},{\"@type\":\"ImageObject\",\"inLanguage\":\"it-IT\",\"@id\":\"https:\/\/badiadipomaio.com\/it\/sostenibilita\/acqua\/#primaryimage\",\"url\":\"https:\/\/badiadipomaio.com\/wp-content\/uploads\/2021\/11\/water-details.jpg\",\"contentUrl\":\"https:\/\/badiadipomaio.com\/wp-content\/uploads\/2021\/11\/water-details.jpg\"},{\"@type\":\"BreadcrumbList\",\"@id\":\"https:\/\/badiadipomaio.com\/it\/sostenibilita\/acqua\/#breadcrumb\",\"itemListElement\":[{\"@type\":\"ListItem\",\"position\":1,\"name\":\"Home\",\"item\":\"https:\/\/badiadipomaio.com\/it\/home-2\/\"},{\"@type\":\"ListItem\",\"position\":2,\"name\":\"Sostenibilit\u00e0\",\"item\":\"https:\/\/badiadipomaio.com\/it\/sostenibilita\/\"},{\"@type\":\"ListItem\",\"position\":3,\"name\":\"Acqua\"}]},{\"@type\":\"WebSite\",\"@id\":\"https:\/\/badiadipomaio.com\/#website\",\"url\":\"https:\/\/badiadipomaio.com\/\",\"name\":\"Badia di Pomaio\",\"description\":\"\",\"publisher\":{\"@id\":\"https:\/\/badiadipomaio.com\/#organization\"},\"potentialAction\":[{\"@type\":\"SearchAction\",\"target\":{\"@type\":\"EntryPoint\",\"urlTemplate\":\"https:\/\/badiadipomaio.com\/?s={search_term_string}\"},\"query-input\":{\"@type\":\"PropertyValueSpecification\",\"valueRequired\":true,\"valueName\":\"search_term_string\"}}],\"inLanguage\":\"it-IT\"},{\"@type\":\"Organization\",\"@id\":\"https:\/\/badiadipomaio.com\/#organization\",\"name\":\"Badia di Pomaio\",\"url\":\"https:\/\/badiadipomaio.com\/\",\"logo\":{\"@type\":\"ImageObject\",\"inLanguage\":\"it-IT\",\"@id\":\"https:\/\/badiadipomaio.com\/#\/schema\/logo\/image\/\",\"url\":\"https:\/\/badiadipomaio.com\/wp-content\/uploads\/2020\/11\/bdp_logo.png\",\"contentUrl\":\"https:\/\/badiadipomaio.com\/wp-content\/uploads\/2020\/11\/bdp_logo.png\",\"width\":368,\"height\":117,\"caption\":\"Badia di Pomaio\"},\"image\":{\"@id\":\"https:\/\/badiadipomaio.com\/#\/schema\/logo\/image\/\"}}]}<\/script>\n<!-- \/ Yoast SEO plugin. -->","yoast_head_json":{"title":"Acqua - Badia di Pomaio","robots":{"index":"index","follow":"follow","max-snippet":"max-snippet:-1","max-image-preview":"max-image-preview:large","max-video-preview":"max-video-preview:-1"},"canonical":"https:\/\/badiadipomaio.com\/it\/sostenibilita\/acqua\/","og_locale":"it_IT","og_type":"article","og_title":"Acqua - Badia di Pomaio","og_description":"Acqua L&#8217;acqua ha sempre occupato un posto speciale nel cuore degli abitanti di Pomaio. Molto prima della costruzione della Badia di Pomaio, la vita in... Leggi ancora >","og_url":"https:\/\/badiadipomaio.com\/it\/sostenibilita\/acqua\/","og_site_name":"Badia di Pomaio","article_modified_time":"2026-02-06T14:11:20+00:00","og_image":[{"url":"https:\/\/badiadipomaio.com\/wp-content\/uploads\/2021\/11\/water-details.jpg","type":"","width":"","height":""}],"twitter_card":"summary_large_image","twitter_misc":{"Tempo di lettura stimato":"2 minuti"},"schema":{"@context":"https:\/\/schema.org","@graph":[{"@type":"WebPage","@id":"https:\/\/badiadipomaio.com\/it\/sostenibilita\/acqua\/","url":"https:\/\/badiadipomaio.com\/it\/sostenibilita\/acqua\/","name":"Acqua - Badia di Pomaio","isPartOf":{"@id":"https:\/\/badiadipomaio.com\/#website"},"primaryImageOfPage":{"@id":"https:\/\/badiadipomaio.com\/it\/sostenibilita\/acqua\/#primaryimage"},"image":{"@id":"https:\/\/badiadipomaio.com\/it\/sostenibilita\/acqua\/#primaryimage"},"thumbnailUrl":"https:\/\/badiadipomaio.com\/wp-content\/uploads\/2021\/11\/water-details.jpg","datePublished":"2021-12-07T17:50:57+00:00","dateModified":"2026-02-06T14:11:20+00:00","breadcrumb":{"@id":"https:\/\/badiadipomaio.com\/it\/sostenibilita\/acqua\/#breadcrumb"},"inLanguage":"it-IT","potentialAction":[{"@type":"ReadAction","target":["https:\/\/badiadipomaio.com\/it\/sostenibilita\/acqua\/"]}]},{"@type":"ImageObject","inLanguage":"it-IT","@id":"https:\/\/badiadipomaio.com\/it\/sostenibilita\/acqua\/#primaryimage","url":"https:\/\/badiadipomaio.com\/wp-content\/uploads\/2021\/11\/water-details.jpg","contentUrl":"https:\/\/badiadipomaio.com\/wp-content\/uploads\/2021\/11\/water-details.jpg"},{"@type":"BreadcrumbList","@id":"https:\/\/badiadipomaio.com\/it\/sostenibilita\/acqua\/#breadcrumb","itemListElement":[{"@type":"ListItem","position":1,"name":"Home","item":"https:\/\/badiadipomaio.com\/it\/home-2\/"},{"@type":"ListItem","position":2,"name":"Sostenibilit\u00e0","item":"https:\/\/badiadipomaio.com\/it\/sostenibilita\/"},{"@type":"ListItem","position":3,"name":"Acqua"}]},{"@type":"WebSite","@id":"https:\/\/badiadipomaio.com\/#website","url":"https:\/\/badiadipomaio.com\/","name":"Badia di Pomaio","description":"","publisher":{"@id":"https:\/\/badiadipomaio.com\/#organization"},"potentialAction":[{"@type":"SearchAction","target":{"@type":"EntryPoint","urlTemplate":"https:\/\/badiadipomaio.com\/?s={search_term_string}"},"query-input":{"@type":"PropertyValueSpecification","valueRequired":true,"valueName":"search_term_string"}}],"inLanguage":"it-IT"},{"@type":"Organization","@id":"https:\/\/badiadipomaio.com\/#organization","name":"Badia di Pomaio","url":"https:\/\/badiadipomaio.com\/","logo":{"@type":"ImageObject","inLanguage":"it-IT","@id":"https:\/\/badiadipomaio.com\/#\/schema\/logo\/image\/","url":"https:\/\/badiadipomaio.com\/wp-content\/uploads\/2020\/11\/bdp_logo.png","contentUrl":"https:\/\/badiadipomaio.com\/wp-content\/uploads\/2020\/11\/bdp_logo.png","width":368,"height":117,"caption":"Badia di Pomaio"},"image":{"@id":"https:\/\/badiadipomaio.com\/#\/schema\/logo\/image\/"}}]}},"_links":{"self":[{"href":"https:\/\/badiadipomaio.com\/it\/wp-json\/wp\/v2\/pages\/5762","targetHints":{"allow":["GET"]}}],"collection":[{"href":"https:\/\/badiadipomaio.com\/it\/wp-json\/wp\/v2\/pages"}],"about":[{"href":"https:\/\/badiadipomaio.com\/it\/wp-json\/wp\/v2\/types\/page"}],"author":[{"embeddable":true,"href":"https:\/\/badiadipomaio.com\/it\/wp-json\/wp\/v2\/users\/1"}],"replies":[{"embeddable":true,"href":"https:\/\/badiadipomaio.com\/it\/wp-json\/wp\/v2\/comments?post=5762"}],"version-history":[{"count":6,"href":"https:\/\/badiadipomaio.com\/it\/wp-json\/wp\/v2\/pages\/5762\/revisions"}],"predecessor-version":[{"id":8617,"href":"https:\/\/badiadipomaio.com\/it\/wp-json\/wp\/v2\/pages\/5762\/revisions\/8617"}],"up":[{"embeddable":true,"href":"https:\/\/badiadipomaio.com\/it\/wp-json\/wp\/v2\/pages\/5701"}],"wp:attachment":[{"href":"https:\/\/badiadipomaio.com\/it\/wp-json\/wp\/v2\/media?parent=5762"}],"curies":[{"name":"wp","href":"https:\/\/api.w.org\/{rel}","templated":true}]}}