{"id":5754,"date":"2021-12-07T18:48:49","date_gmt":"2021-12-07T17:48:49","guid":{"rendered":"https:\/\/badiadipomaio.com\/?page_id=5754"},"modified":"2026-02-06T15:11:09","modified_gmt":"2026-02-06T14:11:09","slug":"restauro-sostenibile","status":"publish","type":"page","link":"https:\/\/badiadipomaio.com\/it\/sostenibilita\/restauro-sostenibile\/","title":{"rendered":"Ristrutturazione sostenibile"},"content":{"rendered":"\t\t<div data-elementor-type=\"wp-page\" data-elementor-id=\"5754\" class=\"elementor elementor-5754 elementor-5386\">\n\t\t\t\t\t\t<section class=\"elementor-section elementor-top-section elementor-element elementor-element-107ba66 page-title text-white elementor-section-height-min-height elementor-section-items-bottom elementor-section-boxed elementor-section-height-default\" data-id=\"107ba66\" data-element_type=\"section\" data-e-type=\"section\" data-settings=\"{&quot;background_background&quot;:&quot;classic&quot;}\">\n\t\t\t\t\t\t\t<div class=\"elementor-background-overlay\"><\/div>\n\t\t\t\t\t\t\t<div class=\"elementor-container elementor-column-gap-default\">\n\t\t\t\t\t<div class=\"elementor-column elementor-col-100 elementor-top-column elementor-element elementor-element-24bc7e8\" data-id=\"24bc7e8\" data-element_type=\"column\" data-e-type=\"column\">\n\t\t\t<div class=\"elementor-widget-wrap elementor-element-populated\">\n\t\t\t\t\t\t<div class=\"elementor-element elementor-element-9a6183b elementor-widget elementor-widget-text-editor\" data-id=\"9a6183b\" data-element_type=\"widget\" data-e-type=\"widget\" data-widget_type=\"text-editor.default\">\n\t\t\t\t<div class=\"elementor-widget-container\">\n\t\t\t\t\t\t\t\t\t<h1 style=\"text-align: center;\">Ristrutturazione sostenibile<\/h1>\t\t\t\t\t\t\t\t<\/div>\n\t\t\t\t<\/div>\n\t\t\t\t\t<\/div>\n\t\t<\/div>\n\t\t\t\t\t<\/div>\n\t\t<\/section>\n\t\t\t\t<section class=\"elementor-section elementor-top-section elementor-element elementor-element-a0a648c elementor-section-boxed elementor-section-height-default elementor-section-height-default\" data-id=\"a0a648c\" data-element_type=\"section\" data-e-type=\"section\" data-settings=\"{&quot;background_background&quot;:&quot;classic&quot;}\">\n\t\t\t\t\t\t<div class=\"elementor-container elementor-column-gap-default\">\n\t\t\t\t\t<div class=\"elementor-column elementor-col-16 elementor-top-column elementor-element elementor-element-d8df054\" data-id=\"d8df054\" data-element_type=\"column\" data-e-type=\"column\">\n\t\t\t<div class=\"elementor-widget-wrap\">\n\t\t\t\t\t\t\t<\/div>\n\t\t<\/div>\n\t\t\t\t<div class=\"elementor-column elementor-col-66 elementor-top-column elementor-element elementor-element-d91a014\" data-id=\"d91a014\" data-element_type=\"column\" data-e-type=\"column\">\n\t\t\t<div class=\"elementor-widget-wrap elementor-element-populated\">\n\t\t\t\t\t\t<div class=\"elementor-element elementor-element-9e33d2d elementor-widget elementor-widget-text-editor\" data-id=\"9e33d2d\" data-element_type=\"widget\" data-e-type=\"widget\" data-widget_type=\"text-editor.default\">\n\t\t\t\t<div class=\"elementor-widget-container\">\n\t\t\t\t\t\t\t\t\t<p style=\"text-align: center;\">La sfida pi\u00f9 grande durante il processo di ristrutturazione \u00e8 stata forse quella di costruire qualcosa che potesse resistere al passare del tempo senza risultare dannoso per la flora e la fauna autoctone.<\/p><p style=\"text-align: center;\">Il riciclo \u00e8 diventato il nome del gioco.<br>La nostra principale fonte di materiale \u00e8 stata la stessa Badia di Pomaio.<\/p><p style=\"text-align: center;\">Non c&#8217;era bisogno di sostituire fondamenta e pietre che erano rimaste in piedi per secoli, quando bastava un po&#8217; di amorevole cura per farle brillare di nuovo (e per renderle sicure per noi e per i nostri ospiti).<\/p><p style=\"text-align: center;\">L&#8217;edificio \u00e8 stato sventrato e svuotato: ogni pezzo di pietra e di legno che \u00e8 stato possibile recuperare \u00e8 stato ricollocato e gli \u00e8 stato dato un nuovo scopo.<\/p>\t\t\t\t\t\t\t\t<\/div>\n\t\t\t\t<\/div>\n\t\t\t\t\t<\/div>\n\t\t<\/div>\n\t\t\t\t<div class=\"elementor-column elementor-col-16 elementor-top-column elementor-element elementor-element-543ad4a\" data-id=\"543ad4a\" data-element_type=\"column\" data-e-type=\"column\">\n\t\t\t<div class=\"elementor-widget-wrap\">\n\t\t\t\t\t\t\t<\/div>\n\t\t<\/div>\n\t\t\t\t\t<\/div>\n\t\t<\/section>\n\t\t\t\t<section class=\"elementor-section elementor-top-section elementor-element elementor-element-1c8c8ea elementor-section-full_width elementor-section-content-middle elementor-section-height-default elementor-section-height-default\" data-id=\"1c8c8ea\" data-element_type=\"section\" data-e-type=\"section\" data-settings=\"{&quot;background_background&quot;:&quot;classic&quot;}\">\n\t\t\t\t\t\t<div class=\"elementor-container elementor-column-gap-no\">\n\t\t\t\t\t<div class=\"elementor-column elementor-col-50 elementor-top-column elementor-element elementor-element-19a51b7\" data-id=\"19a51b7\" data-element_type=\"column\" data-e-type=\"column\">\n\t\t\t<div class=\"elementor-widget-wrap elementor-element-populated\">\n\t\t\t\t\t\t<div class=\"elementor-element elementor-element-856262e elementor-widget elementor-widget-image\" data-id=\"856262e\" data-element_type=\"widget\" data-e-type=\"widget\" data-widget_type=\"image.default\">\n\t\t\t\t<div class=\"elementor-widget-container\">\n\t\t\t\t\t\t\t\t\t\t\t\t\t\t\t<img fetchpriority=\"high\" decoding=\"async\" width=\"1000\" height=\"1000\" src=\"https:\/\/badiadipomaio.com\/wp-content\/uploads\/2021\/11\/rennovation-squared.jpg\" class=\"attachment-full size-full wp-image-5382\" alt=\"\" srcset=\"https:\/\/badiadipomaio.com\/wp-content\/uploads\/2021\/11\/rennovation-squared.jpg 1000w, https:\/\/badiadipomaio.com\/wp-content\/uploads\/2021\/11\/rennovation-squared-300x300.jpg 300w, https:\/\/badiadipomaio.com\/wp-content\/uploads\/2021\/11\/rennovation-squared-150x150.jpg 150w, https:\/\/badiadipomaio.com\/wp-content\/uploads\/2021\/11\/rennovation-squared-768x768.jpg 768w, https:\/\/badiadipomaio.com\/wp-content\/uploads\/2021\/11\/rennovation-squared-400x400.jpg 400w\" sizes=\"(max-width: 1000px) 100vw, 1000px\" \/>\t\t\t\t\t\t\t\t\t\t\t\t\t\t\t<\/div>\n\t\t\t\t<\/div>\n\t\t\t\t\t<\/div>\n\t\t<\/div>\n\t\t\t\t<div class=\"elementor-column elementor-col-50 elementor-top-column elementor-element elementor-element-3d88467\" data-id=\"3d88467\" data-element_type=\"column\" data-e-type=\"column\">\n\t\t\t<div class=\"elementor-widget-wrap elementor-element-populated\">\n\t\t\t\t\t\t<div class=\"elementor-element elementor-element-79d1fc6 elementor-widget elementor-widget-text-editor\" data-id=\"79d1fc6\" data-element_type=\"widget\" data-e-type=\"widget\" data-widget_type=\"text-editor.default\">\n\t\t\t\t<div class=\"elementor-widget-container\">\n\t\t\t\t\t\t\t\t\t<p style=\"text-align: left;\">I numerosi artigiani e artisti locali che hanno collaborato a questo progetto hanno apportato non solo la loro notevole competenza ed esperienza, ma anche i loro materiali locali, dal cemento utilizzato per i pavimenti al legno per i parquet delle camere. Allo stesso modo, i mobili artigianali e la maggior parte delle decorazioni sono stati prodotti localmente e realizzati interamente con materiali naturali come pietra, legno, lino e canapa. <\/p>\t\t\t\t\t\t\t\t<\/div>\n\t\t\t\t<\/div>\n\t\t\t\t\t<\/div>\n\t\t<\/div>\n\t\t\t\t\t<\/div>\n\t\t<\/section>\n\t\t\t\t<\/div>\n\t\t","protected":false},"excerpt":{"rendered":"<p>Ristrutturazione sostenibile La sfida pi\u00f9 grande durante il processo di ristrutturazione \u00e8 stata forse quella di costruire qualcosa che potesse resistere al passare del tempo&#8230; <a class=\"read-more\" style=\"text-decoration:underline;\" href=\"https:\/\/badiadipomaio.com\/it\/sostenibilita\/restauro-sostenibile\/\">Leggi ancora ><\/a><\/p>\n","protected":false},"author":1,"featured_media":0,"parent":5701,"menu_order":0,"comment_status":"closed","ping_status":"closed","template":"elementor_header_footer","meta":{"_acf_changed":false,"footnotes":""},"class_list":["post-5754","page","type-page","status-publish","hentry"],"acf":[],"yoast_head":"<!-- This site is optimized with the Yoast SEO plugin v27.4 - https:\/\/yoast.com\/product\/yoast-seo-wordpress\/ -->\n<title>Ristrutturazione sostenibile - Badia di Pomaio<\/title>\n<meta name=\"robots\" content=\"index, follow, max-snippet:-1, max-image-preview:large, max-video-preview:-1\" \/>\n<link rel=\"canonical\" href=\"https:\/\/badiadipomaio.com\/it\/sostenibilita\/restauro-sostenibile\/\" \/>\n<meta property=\"og:locale\" content=\"it_IT\" \/>\n<meta property=\"og:type\" content=\"article\" \/>\n<meta property=\"og:title\" content=\"Ristrutturazione sostenibile - Badia di Pomaio\" \/>\n<meta property=\"og:description\" content=\"Ristrutturazione sostenibile La sfida pi\u00f9 grande durante il processo di ristrutturazione \u00e8 stata forse quella di costruire qualcosa che potesse resistere al passare del tempo... Leggi ancora &gt;\" \/>\n<meta property=\"og:url\" content=\"https:\/\/badiadipomaio.com\/it\/sostenibilita\/restauro-sostenibile\/\" \/>\n<meta property=\"og:site_name\" content=\"Badia di Pomaio\" \/>\n<meta property=\"article:modified_time\" content=\"2026-02-06T14:11:09+00:00\" \/>\n<meta property=\"og:image\" content=\"https:\/\/badiadipomaio.com\/wp-content\/uploads\/2021\/11\/rennovation-squared.jpg\" \/>\n<meta name=\"twitter:card\" content=\"summary_large_image\" \/>\n<meta name=\"twitter:label1\" content=\"Tempo di lettura stimato\" \/>\n\t<meta name=\"twitter:data1\" content=\"2 minuti\" \/>\n<script type=\"application\/ld+json\" class=\"yoast-schema-graph\">{\"@context\":\"https:\\\/\\\/schema.org\",\"@graph\":[{\"@type\":\"WebPage\",\"@id\":\"https:\\\/\\\/badiadipomaio.com\\\/it\\\/sostenibilita\\\/restauro-sostenibile\\\/\",\"url\":\"https:\\\/\\\/badiadipomaio.com\\\/it\\\/sostenibilita\\\/restauro-sostenibile\\\/\",\"name\":\"Ristrutturazione sostenibile - Badia di Pomaio\",\"isPartOf\":{\"@id\":\"https:\\\/\\\/badiadipomaio.com\\\/#website\"},\"primaryImageOfPage\":{\"@id\":\"https:\\\/\\\/badiadipomaio.com\\\/it\\\/sostenibilita\\\/restauro-sostenibile\\\/#primaryimage\"},\"image\":{\"@id\":\"https:\\\/\\\/badiadipomaio.com\\\/it\\\/sostenibilita\\\/restauro-sostenibile\\\/#primaryimage\"},\"thumbnailUrl\":\"https:\\\/\\\/badiadipomaio.com\\\/wp-content\\\/uploads\\\/2021\\\/11\\\/rennovation-squared.jpg\",\"datePublished\":\"2021-12-07T17:48:49+00:00\",\"dateModified\":\"2026-02-06T14:11:09+00:00\",\"breadcrumb\":{\"@id\":\"https:\\\/\\\/badiadipomaio.com\\\/it\\\/sostenibilita\\\/restauro-sostenibile\\\/#breadcrumb\"},\"inLanguage\":\"it-IT\",\"potentialAction\":[{\"@type\":\"ReadAction\",\"target\":[\"https:\\\/\\\/badiadipomaio.com\\\/it\\\/sostenibilita\\\/restauro-sostenibile\\\/\"]}]},{\"@type\":\"ImageObject\",\"inLanguage\":\"it-IT\",\"@id\":\"https:\\\/\\\/badiadipomaio.com\\\/it\\\/sostenibilita\\\/restauro-sostenibile\\\/#primaryimage\",\"url\":\"https:\\\/\\\/badiadipomaio.com\\\/wp-content\\\/uploads\\\/2021\\\/11\\\/rennovation-squared.jpg\",\"contentUrl\":\"https:\\\/\\\/badiadipomaio.com\\\/wp-content\\\/uploads\\\/2021\\\/11\\\/rennovation-squared.jpg\"},{\"@type\":\"BreadcrumbList\",\"@id\":\"https:\\\/\\\/badiadipomaio.com\\\/it\\\/sostenibilita\\\/restauro-sostenibile\\\/#breadcrumb\",\"itemListElement\":[{\"@type\":\"ListItem\",\"position\":1,\"name\":\"Home\",\"item\":\"https:\\\/\\\/badiadipomaio.com\\\/it\\\/home-2\\\/\"},{\"@type\":\"ListItem\",\"position\":2,\"name\":\"Sostenibilit\u00e0\",\"item\":\"https:\\\/\\\/badiadipomaio.com\\\/it\\\/sostenibilita\\\/\"},{\"@type\":\"ListItem\",\"position\":3,\"name\":\"Ristrutturazione sostenibile\"}]},{\"@type\":\"WebSite\",\"@id\":\"https:\\\/\\\/badiadipomaio.com\\\/#website\",\"url\":\"https:\\\/\\\/badiadipomaio.com\\\/\",\"name\":\"Badia di Pomaio\",\"description\":\"\",\"publisher\":{\"@id\":\"https:\\\/\\\/badiadipomaio.com\\\/#organization\"},\"potentialAction\":[{\"@type\":\"SearchAction\",\"target\":{\"@type\":\"EntryPoint\",\"urlTemplate\":\"https:\\\/\\\/badiadipomaio.com\\\/?s={search_term_string}\"},\"query-input\":{\"@type\":\"PropertyValueSpecification\",\"valueRequired\":true,\"valueName\":\"search_term_string\"}}],\"inLanguage\":\"it-IT\"},{\"@type\":\"Organization\",\"@id\":\"https:\\\/\\\/badiadipomaio.com\\\/#organization\",\"name\":\"Badia di Pomaio\",\"url\":\"https:\\\/\\\/badiadipomaio.com\\\/\",\"logo\":{\"@type\":\"ImageObject\",\"inLanguage\":\"it-IT\",\"@id\":\"https:\\\/\\\/badiadipomaio.com\\\/#\\\/schema\\\/logo\\\/image\\\/\",\"url\":\"https:\\\/\\\/badiadipomaio.com\\\/wp-content\\\/uploads\\\/2020\\\/11\\\/bdp_logo.png\",\"contentUrl\":\"https:\\\/\\\/badiadipomaio.com\\\/wp-content\\\/uploads\\\/2020\\\/11\\\/bdp_logo.png\",\"width\":368,\"height\":117,\"caption\":\"Badia di Pomaio\"},\"image\":{\"@id\":\"https:\\\/\\\/badiadipomaio.com\\\/#\\\/schema\\\/logo\\\/image\\\/\"}}]}<\/script>\n<!-- \/ Yoast SEO plugin. -->","yoast_head_json":{"title":"Ristrutturazione sostenibile - Badia di Pomaio","robots":{"index":"index","follow":"follow","max-snippet":"max-snippet:-1","max-image-preview":"max-image-preview:large","max-video-preview":"max-video-preview:-1"},"canonical":"https:\/\/badiadipomaio.com\/it\/sostenibilita\/restauro-sostenibile\/","og_locale":"it_IT","og_type":"article","og_title":"Ristrutturazione sostenibile - Badia di Pomaio","og_description":"Ristrutturazione sostenibile La sfida pi\u00f9 grande durante il processo di ristrutturazione \u00e8 stata forse quella di costruire qualcosa che potesse resistere al passare del tempo... Leggi ancora >","og_url":"https:\/\/badiadipomaio.com\/it\/sostenibilita\/restauro-sostenibile\/","og_site_name":"Badia di Pomaio","article_modified_time":"2026-02-06T14:11:09+00:00","og_image":[{"url":"https:\/\/badiadipomaio.com\/wp-content\/uploads\/2021\/11\/rennovation-squared.jpg","type":"","width":"","height":""}],"twitter_card":"summary_large_image","twitter_misc":{"Tempo di lettura stimato":"2 minuti"},"schema":{"@context":"https:\/\/schema.org","@graph":[{"@type":"WebPage","@id":"https:\/\/badiadipomaio.com\/it\/sostenibilita\/restauro-sostenibile\/","url":"https:\/\/badiadipomaio.com\/it\/sostenibilita\/restauro-sostenibile\/","name":"Ristrutturazione sostenibile - Badia di Pomaio","isPartOf":{"@id":"https:\/\/badiadipomaio.com\/#website"},"primaryImageOfPage":{"@id":"https:\/\/badiadipomaio.com\/it\/sostenibilita\/restauro-sostenibile\/#primaryimage"},"image":{"@id":"https:\/\/badiadipomaio.com\/it\/sostenibilita\/restauro-sostenibile\/#primaryimage"},"thumbnailUrl":"https:\/\/badiadipomaio.com\/wp-content\/uploads\/2021\/11\/rennovation-squared.jpg","datePublished":"2021-12-07T17:48:49+00:00","dateModified":"2026-02-06T14:11:09+00:00","breadcrumb":{"@id":"https:\/\/badiadipomaio.com\/it\/sostenibilita\/restauro-sostenibile\/#breadcrumb"},"inLanguage":"it-IT","potentialAction":[{"@type":"ReadAction","target":["https:\/\/badiadipomaio.com\/it\/sostenibilita\/restauro-sostenibile\/"]}]},{"@type":"ImageObject","inLanguage":"it-IT","@id":"https:\/\/badiadipomaio.com\/it\/sostenibilita\/restauro-sostenibile\/#primaryimage","url":"https:\/\/badiadipomaio.com\/wp-content\/uploads\/2021\/11\/rennovation-squared.jpg","contentUrl":"https:\/\/badiadipomaio.com\/wp-content\/uploads\/2021\/11\/rennovation-squared.jpg"},{"@type":"BreadcrumbList","@id":"https:\/\/badiadipomaio.com\/it\/sostenibilita\/restauro-sostenibile\/#breadcrumb","itemListElement":[{"@type":"ListItem","position":1,"name":"Home","item":"https:\/\/badiadipomaio.com\/it\/home-2\/"},{"@type":"ListItem","position":2,"name":"Sostenibilit\u00e0","item":"https:\/\/badiadipomaio.com\/it\/sostenibilita\/"},{"@type":"ListItem","position":3,"name":"Ristrutturazione sostenibile"}]},{"@type":"WebSite","@id":"https:\/\/badiadipomaio.com\/#website","url":"https:\/\/badiadipomaio.com\/","name":"Badia di Pomaio","description":"","publisher":{"@id":"https:\/\/badiadipomaio.com\/#organization"},"potentialAction":[{"@type":"SearchAction","target":{"@type":"EntryPoint","urlTemplate":"https:\/\/badiadipomaio.com\/?s={search_term_string}"},"query-input":{"@type":"PropertyValueSpecification","valueRequired":true,"valueName":"search_term_string"}}],"inLanguage":"it-IT"},{"@type":"Organization","@id":"https:\/\/badiadipomaio.com\/#organization","name":"Badia di Pomaio","url":"https:\/\/badiadipomaio.com\/","logo":{"@type":"ImageObject","inLanguage":"it-IT","@id":"https:\/\/badiadipomaio.com\/#\/schema\/logo\/image\/","url":"https:\/\/badiadipomaio.com\/wp-content\/uploads\/2020\/11\/bdp_logo.png","contentUrl":"https:\/\/badiadipomaio.com\/wp-content\/uploads\/2020\/11\/bdp_logo.png","width":368,"height":117,"caption":"Badia di Pomaio"},"image":{"@id":"https:\/\/badiadipomaio.com\/#\/schema\/logo\/image\/"}}]}},"_links":{"self":[{"href":"https:\/\/badiadipomaio.com\/it\/wp-json\/wp\/v2\/pages\/5754","targetHints":{"allow":["GET"]}}],"collection":[{"href":"https:\/\/badiadipomaio.com\/it\/wp-json\/wp\/v2\/pages"}],"about":[{"href":"https:\/\/badiadipomaio.com\/it\/wp-json\/wp\/v2\/types\/page"}],"author":[{"embeddable":true,"href":"https:\/\/badiadipomaio.com\/it\/wp-json\/wp\/v2\/users\/1"}],"replies":[{"embeddable":true,"href":"https:\/\/badiadipomaio.com\/it\/wp-json\/wp\/v2\/comments?post=5754"}],"version-history":[{"count":6,"href":"https:\/\/badiadipomaio.com\/it\/wp-json\/wp\/v2\/pages\/5754\/revisions"}],"predecessor-version":[{"id":8601,"href":"https:\/\/badiadipomaio.com\/it\/wp-json\/wp\/v2\/pages\/5754\/revisions\/8601"}],"up":[{"embeddable":true,"href":"https:\/\/badiadipomaio.com\/it\/wp-json\/wp\/v2\/pages\/5701"}],"wp:attachment":[{"href":"https:\/\/badiadipomaio.com\/it\/wp-json\/wp\/v2\/media?parent=5754"}],"curies":[{"name":"wp","href":"https:\/\/api.w.org\/{rel}","templated":true}]}}