{"id":5706,"date":"2021-12-07T17:46:27","date_gmt":"2021-12-07T16:46:27","guid":{"rendered":"https:\/\/badiadipomaio.com\/?page_id=5706"},"modified":"2026-02-06T15:11:20","modified_gmt":"2026-02-06T14:11:20","slug":"impronta-ecologica","status":"publish","type":"page","link":"https:\/\/badiadipomaio.com\/it\/sostenibilita\/impronta-ecologica\/","title":{"rendered":"Impronta di carbonio"},"content":{"rendered":"\t\t<div data-elementor-type=\"wp-page\" data-elementor-id=\"5706\" class=\"elementor elementor-5706 elementor-5369\">\n\t\t\t\t\t\t<section class=\"elementor-section elementor-top-section elementor-element elementor-element-107ba66 page-title text-white elementor-section-height-min-height elementor-section-items-bottom elementor-section-boxed elementor-section-height-default\" data-id=\"107ba66\" data-element_type=\"section\" data-e-type=\"section\" data-settings=\"{&quot;background_background&quot;:&quot;classic&quot;}\">\n\t\t\t\t\t\t\t<div class=\"elementor-background-overlay\"><\/div>\n\t\t\t\t\t\t\t<div class=\"elementor-container elementor-column-gap-default\">\n\t\t\t\t\t<div class=\"elementor-column elementor-col-100 elementor-top-column elementor-element elementor-element-24bc7e8\" data-id=\"24bc7e8\" data-element_type=\"column\" data-e-type=\"column\">\n\t\t\t<div class=\"elementor-widget-wrap elementor-element-populated\">\n\t\t\t\t\t\t<div class=\"elementor-element elementor-element-9a6183b elementor-widget elementor-widget-text-editor\" data-id=\"9a6183b\" data-element_type=\"widget\" data-e-type=\"widget\" data-widget_type=\"text-editor.default\">\n\t\t\t\t<div class=\"elementor-widget-container\">\n\t\t\t\t\t\t\t\t\t<h1 style=\"text-align: center;\">Impronta di carbonio<\/h1>\t\t\t\t\t\t\t\t<\/div>\n\t\t\t\t<\/div>\n\t\t\t\t\t<\/div>\n\t\t<\/div>\n\t\t\t\t\t<\/div>\n\t\t<\/section>\n\t\t\t\t<section class=\"elementor-section elementor-top-section elementor-element elementor-element-a0a648c elementor-section-boxed elementor-section-height-default elementor-section-height-default\" data-id=\"a0a648c\" data-element_type=\"section\" data-e-type=\"section\" data-settings=\"{&quot;background_background&quot;:&quot;classic&quot;}\">\n\t\t\t\t\t\t<div class=\"elementor-container elementor-column-gap-default\">\n\t\t\t\t\t<div class=\"elementor-column elementor-col-16 elementor-top-column elementor-element elementor-element-d8df054\" data-id=\"d8df054\" data-element_type=\"column\" data-e-type=\"column\">\n\t\t\t<div class=\"elementor-widget-wrap\">\n\t\t\t\t\t\t\t<\/div>\n\t\t<\/div>\n\t\t\t\t<div class=\"elementor-column elementor-col-66 elementor-top-column elementor-element elementor-element-d91a014\" data-id=\"d91a014\" data-element_type=\"column\" data-e-type=\"column\">\n\t\t\t<div class=\"elementor-widget-wrap elementor-element-populated\">\n\t\t\t\t\t\t<div class=\"elementor-element elementor-element-9e33d2d elementor-widget elementor-widget-text-editor\" data-id=\"9e33d2d\" data-element_type=\"widget\" data-e-type=\"widget\" data-widget_type=\"text-editor.default\">\n\t\t\t\t<div class=\"elementor-widget-container\">\n\t\t\t\t\t\t\t\t\t<p style=\"text-align: center;\">Tutte le nostre azioni, per quanto piccole, hanno un effetto su scala maggiore. Tutto ci\u00f2 che facciamo e usiamo richiede energia per crescere, creare o spedire, da ci\u00f2 che mangiamo a ci\u00f2 che indossiamo fino al carburante per i nostri veicoli. Inoltre, genera rifiuti. Tutto ci\u00f2 costituisce la nostra impronta di carbonio e influisce sul nostro clima, provocando il riscaldamento globale.     <br>Per ridurre la propria impronta di carbonio e diminuire l&#8217;impatto sull&#8217;ambiente, Badia di Pomaio ha intrapreso una serie di azioni volte a conservare le risorse ed evitare inutili sprechi.  <\/p>\t\t\t\t\t\t\t\t<\/div>\n\t\t\t\t<\/div>\n\t\t\t\t\t<\/div>\n\t\t<\/div>\n\t\t\t\t<div class=\"elementor-column elementor-col-16 elementor-top-column elementor-element elementor-element-543ad4a\" data-id=\"543ad4a\" data-element_type=\"column\" data-e-type=\"column\">\n\t\t\t<div class=\"elementor-widget-wrap\">\n\t\t\t\t\t\t\t<\/div>\n\t\t<\/div>\n\t\t\t\t\t<\/div>\n\t\t<\/section>\n\t\t\t\t<section class=\"elementor-section elementor-top-section elementor-element elementor-element-496cd50 elementor-section-full_width elementor-section-content-middle elementor-section-height-default elementor-section-height-default\" data-id=\"496cd50\" data-element_type=\"section\" data-e-type=\"section\" data-settings=\"{&quot;background_background&quot;:&quot;classic&quot;}\">\n\t\t\t\t\t\t<div class=\"elementor-container elementor-column-gap-no\">\n\t\t\t\t\t<div class=\"elementor-column elementor-col-50 elementor-top-column elementor-element elementor-element-a1f7cd2\" data-id=\"a1f7cd2\" data-element_type=\"column\" data-e-type=\"column\">\n\t\t\t<div class=\"elementor-widget-wrap elementor-element-populated\">\n\t\t\t\t\t\t<div class=\"elementor-element elementor-element-ceee310 elementor-widget elementor-widget-image\" data-id=\"ceee310\" data-element_type=\"widget\" data-e-type=\"widget\" data-widget_type=\"image.default\">\n\t\t\t\t<div class=\"elementor-widget-container\">\n\t\t\t\t\t\t\t\t\t\t\t\t\t\t\t<img fetchpriority=\"high\" decoding=\"async\" width=\"1000\" height=\"1000\" src=\"https:\/\/badiadipomaio.com\/wp-content\/uploads\/2021\/12\/carbon-footprint-detail.jpg\" class=\"attachment-full size-full wp-image-5790\" alt=\"\" srcset=\"https:\/\/badiadipomaio.com\/wp-content\/uploads\/2021\/12\/carbon-footprint-detail.jpg 1000w, https:\/\/badiadipomaio.com\/wp-content\/uploads\/2021\/12\/carbon-footprint-detail-300x300.jpg 300w, https:\/\/badiadipomaio.com\/wp-content\/uploads\/2021\/12\/carbon-footprint-detail-150x150.jpg 150w, https:\/\/badiadipomaio.com\/wp-content\/uploads\/2021\/12\/carbon-footprint-detail-768x768.jpg 768w, https:\/\/badiadipomaio.com\/wp-content\/uploads\/2021\/12\/carbon-footprint-detail-400x400.jpg 400w\" sizes=\"(max-width: 1000px) 100vw, 1000px\" \/>\t\t\t\t\t\t\t\t\t\t\t\t\t\t\t<\/div>\n\t\t\t\t<\/div>\n\t\t\t\t\t<\/div>\n\t\t<\/div>\n\t\t\t\t<div class=\"elementor-column elementor-col-50 elementor-top-column elementor-element elementor-element-eb3e600\" data-id=\"eb3e600\" data-element_type=\"column\" data-e-type=\"column\">\n\t\t\t<div class=\"elementor-widget-wrap elementor-element-populated\">\n\t\t\t\t\t\t<div class=\"elementor-element elementor-element-74d32cd elementor-widget elementor-widget-text-editor\" data-id=\"74d32cd\" data-element_type=\"widget\" data-e-type=\"widget\" data-widget_type=\"text-editor.default\">\n\t\t\t\t<div class=\"elementor-widget-container\">\n\t\t\t\t\t\t\t\t\t<p>Ricicliamo tutto ci\u00f2 che pu\u00f2 essere riciclato e limitiamo l&#8217;uso di materiali nocivi, come la plastica. La maggior parte delle verdure, della frutta e delle erbe aromatiche utilizzate dal ristorante sono coltivate sul nostro territorio e il resto lo acquistiamo localmente, con il doppio vantaggio di ridurre l&#8217;inquinamento da trasporto e di sostenere le imprese locali. <\/p><p>Produciamo energia rinnovabile grazie a un sistema di pannelli solari e riceviamo acqua fresca e pulita dal nostro pozzo, entrambe azioni che ci permettono di risparmiare energia e preservare le riserve di acqua sotterranea. I nostri rifiuti vengono trasformati in cibo per i nostri animali o in fertilizzante biologico per il nostro orto. <\/p><p>Oltre a ridurre il degrado dell&#8217;ambiente e a diminuire i livelli di inquinamento, queste pratiche hanno anche un effetto positivo sulla nostra salute. L&#8217;aria a Badia di Pomaio \u00e8 pulita e fresca &#8211; grazie non solo alla massiccia presenza di alberi, ma anche alle nostre azioni &#8211; e l&#8217;acqua \u00e8 priva di sostanze chimiche e filtrata naturalmente.   <\/p>\t\t\t\t\t\t\t\t<\/div>\n\t\t\t\t<\/div>\n\t\t\t\t\t<\/div>\n\t\t<\/div>\n\t\t\t\t\t<\/div>\n\t\t<\/section>\n\t\t\t\t<\/div>\n\t\t","protected":false},"excerpt":{"rendered":"<p>Impronta di carbonio Tutte le nostre azioni, per quanto piccole, hanno un effetto su scala maggiore. Tutto ci\u00f2 che facciamo e usiamo richiede energia per&#8230; <a class=\"read-more\" style=\"text-decoration:underline;\" href=\"https:\/\/badiadipomaio.com\/it\/sostenibilita\/impronta-ecologica\/\">Leggi ancora ><\/a><\/p>\n","protected":false},"author":1,"featured_media":0,"parent":5701,"menu_order":0,"comment_status":"closed","ping_status":"closed","template":"elementor_header_footer","meta":{"_acf_changed":false,"footnotes":""},"class_list":["post-5706","page","type-page","status-publish","hentry"],"acf":[],"yoast_head":"<!-- This site is optimized with the Yoast SEO plugin v27.4 - https:\/\/yoast.com\/product\/yoast-seo-wordpress\/ -->\n<title>Impronta di carbonio - Badia di Pomaio<\/title>\n<meta name=\"robots\" content=\"index, follow, max-snippet:-1, max-image-preview:large, max-video-preview:-1\" \/>\n<link rel=\"canonical\" href=\"https:\/\/badiadipomaio.com\/it\/sostenibilita\/impronta-ecologica\/\" \/>\n<meta property=\"og:locale\" content=\"it_IT\" \/>\n<meta property=\"og:type\" content=\"article\" \/>\n<meta property=\"og:title\" content=\"Impronta di carbonio - Badia di Pomaio\" \/>\n<meta property=\"og:description\" content=\"Impronta di carbonio Tutte le nostre azioni, per quanto piccole, hanno un effetto su scala maggiore. Tutto ci\u00f2 che facciamo e usiamo richiede energia per... Leggi ancora &gt;\" \/>\n<meta property=\"og:url\" content=\"https:\/\/badiadipomaio.com\/it\/sostenibilita\/impronta-ecologica\/\" \/>\n<meta property=\"og:site_name\" content=\"Badia di Pomaio\" \/>\n<meta property=\"article:modified_time\" content=\"2026-02-06T14:11:20+00:00\" \/>\n<meta property=\"og:image\" content=\"https:\/\/badiadipomaio.com\/wp-content\/uploads\/2021\/12\/carbon-footprint-detail.jpg\" \/>\n<meta name=\"twitter:card\" content=\"summary_large_image\" \/>\n<meta name=\"twitter:label1\" content=\"Tempo di lettura stimato\" \/>\n\t<meta name=\"twitter:data1\" content=\"2 minuti\" \/>\n<script type=\"application\/ld+json\" class=\"yoast-schema-graph\">{\"@context\":\"https:\\\/\\\/schema.org\",\"@graph\":[{\"@type\":\"WebPage\",\"@id\":\"https:\\\/\\\/badiadipomaio.com\\\/it\\\/sostenibilita\\\/impronta-ecologica\\\/\",\"url\":\"https:\\\/\\\/badiadipomaio.com\\\/it\\\/sostenibilita\\\/impronta-ecologica\\\/\",\"name\":\"Impronta di carbonio - Badia di Pomaio\",\"isPartOf\":{\"@id\":\"https:\\\/\\\/badiadipomaio.com\\\/#website\"},\"primaryImageOfPage\":{\"@id\":\"https:\\\/\\\/badiadipomaio.com\\\/it\\\/sostenibilita\\\/impronta-ecologica\\\/#primaryimage\"},\"image\":{\"@id\":\"https:\\\/\\\/badiadipomaio.com\\\/it\\\/sostenibilita\\\/impronta-ecologica\\\/#primaryimage\"},\"thumbnailUrl\":\"https:\\\/\\\/badiadipomaio.com\\\/wp-content\\\/uploads\\\/2021\\\/12\\\/carbon-footprint-detail.jpg\",\"datePublished\":\"2021-12-07T16:46:27+00:00\",\"dateModified\":\"2026-02-06T14:11:20+00:00\",\"breadcrumb\":{\"@id\":\"https:\\\/\\\/badiadipomaio.com\\\/it\\\/sostenibilita\\\/impronta-ecologica\\\/#breadcrumb\"},\"inLanguage\":\"it-IT\",\"potentialAction\":[{\"@type\":\"ReadAction\",\"target\":[\"https:\\\/\\\/badiadipomaio.com\\\/it\\\/sostenibilita\\\/impronta-ecologica\\\/\"]}]},{\"@type\":\"ImageObject\",\"inLanguage\":\"it-IT\",\"@id\":\"https:\\\/\\\/badiadipomaio.com\\\/it\\\/sostenibilita\\\/impronta-ecologica\\\/#primaryimage\",\"url\":\"https:\\\/\\\/badiadipomaio.com\\\/wp-content\\\/uploads\\\/2021\\\/12\\\/carbon-footprint-detail.jpg\",\"contentUrl\":\"https:\\\/\\\/badiadipomaio.com\\\/wp-content\\\/uploads\\\/2021\\\/12\\\/carbon-footprint-detail.jpg\"},{\"@type\":\"BreadcrumbList\",\"@id\":\"https:\\\/\\\/badiadipomaio.com\\\/it\\\/sostenibilita\\\/impronta-ecologica\\\/#breadcrumb\",\"itemListElement\":[{\"@type\":\"ListItem\",\"position\":1,\"name\":\"Home\",\"item\":\"https:\\\/\\\/badiadipomaio.com\\\/it\\\/home-2\\\/\"},{\"@type\":\"ListItem\",\"position\":2,\"name\":\"Sostenibilit\u00e0\",\"item\":\"https:\\\/\\\/badiadipomaio.com\\\/it\\\/sostenibilita\\\/\"},{\"@type\":\"ListItem\",\"position\":3,\"name\":\"Impronta di carbonio\"}]},{\"@type\":\"WebSite\",\"@id\":\"https:\\\/\\\/badiadipomaio.com\\\/#website\",\"url\":\"https:\\\/\\\/badiadipomaio.com\\\/\",\"name\":\"Badia di Pomaio\",\"description\":\"\",\"publisher\":{\"@id\":\"https:\\\/\\\/badiadipomaio.com\\\/#organization\"},\"potentialAction\":[{\"@type\":\"SearchAction\",\"target\":{\"@type\":\"EntryPoint\",\"urlTemplate\":\"https:\\\/\\\/badiadipomaio.com\\\/?s={search_term_string}\"},\"query-input\":{\"@type\":\"PropertyValueSpecification\",\"valueRequired\":true,\"valueName\":\"search_term_string\"}}],\"inLanguage\":\"it-IT\"},{\"@type\":\"Organization\",\"@id\":\"https:\\\/\\\/badiadipomaio.com\\\/#organization\",\"name\":\"Badia di Pomaio\",\"url\":\"https:\\\/\\\/badiadipomaio.com\\\/\",\"logo\":{\"@type\":\"ImageObject\",\"inLanguage\":\"it-IT\",\"@id\":\"https:\\\/\\\/badiadipomaio.com\\\/#\\\/schema\\\/logo\\\/image\\\/\",\"url\":\"https:\\\/\\\/badiadipomaio.com\\\/wp-content\\\/uploads\\\/2020\\\/11\\\/bdp_logo.png\",\"contentUrl\":\"https:\\\/\\\/badiadipomaio.com\\\/wp-content\\\/uploads\\\/2020\\\/11\\\/bdp_logo.png\",\"width\":368,\"height\":117,\"caption\":\"Badia di Pomaio\"},\"image\":{\"@id\":\"https:\\\/\\\/badiadipomaio.com\\\/#\\\/schema\\\/logo\\\/image\\\/\"}}]}<\/script>\n<!-- \/ Yoast SEO plugin. -->","yoast_head_json":{"title":"Impronta di carbonio - Badia di Pomaio","robots":{"index":"index","follow":"follow","max-snippet":"max-snippet:-1","max-image-preview":"max-image-preview:large","max-video-preview":"max-video-preview:-1"},"canonical":"https:\/\/badiadipomaio.com\/it\/sostenibilita\/impronta-ecologica\/","og_locale":"it_IT","og_type":"article","og_title":"Impronta di carbonio - Badia di Pomaio","og_description":"Impronta di carbonio Tutte le nostre azioni, per quanto piccole, hanno un effetto su scala maggiore. Tutto ci\u00f2 che facciamo e usiamo richiede energia per... Leggi ancora >","og_url":"https:\/\/badiadipomaio.com\/it\/sostenibilita\/impronta-ecologica\/","og_site_name":"Badia di Pomaio","article_modified_time":"2026-02-06T14:11:20+00:00","og_image":[{"url":"https:\/\/badiadipomaio.com\/wp-content\/uploads\/2021\/12\/carbon-footprint-detail.jpg","type":"","width":"","height":""}],"twitter_card":"summary_large_image","twitter_misc":{"Tempo di lettura stimato":"2 minuti"},"schema":{"@context":"https:\/\/schema.org","@graph":[{"@type":"WebPage","@id":"https:\/\/badiadipomaio.com\/it\/sostenibilita\/impronta-ecologica\/","url":"https:\/\/badiadipomaio.com\/it\/sostenibilita\/impronta-ecologica\/","name":"Impronta di carbonio - Badia di Pomaio","isPartOf":{"@id":"https:\/\/badiadipomaio.com\/#website"},"primaryImageOfPage":{"@id":"https:\/\/badiadipomaio.com\/it\/sostenibilita\/impronta-ecologica\/#primaryimage"},"image":{"@id":"https:\/\/badiadipomaio.com\/it\/sostenibilita\/impronta-ecologica\/#primaryimage"},"thumbnailUrl":"https:\/\/badiadipomaio.com\/wp-content\/uploads\/2021\/12\/carbon-footprint-detail.jpg","datePublished":"2021-12-07T16:46:27+00:00","dateModified":"2026-02-06T14:11:20+00:00","breadcrumb":{"@id":"https:\/\/badiadipomaio.com\/it\/sostenibilita\/impronta-ecologica\/#breadcrumb"},"inLanguage":"it-IT","potentialAction":[{"@type":"ReadAction","target":["https:\/\/badiadipomaio.com\/it\/sostenibilita\/impronta-ecologica\/"]}]},{"@type":"ImageObject","inLanguage":"it-IT","@id":"https:\/\/badiadipomaio.com\/it\/sostenibilita\/impronta-ecologica\/#primaryimage","url":"https:\/\/badiadipomaio.com\/wp-content\/uploads\/2021\/12\/carbon-footprint-detail.jpg","contentUrl":"https:\/\/badiadipomaio.com\/wp-content\/uploads\/2021\/12\/carbon-footprint-detail.jpg"},{"@type":"BreadcrumbList","@id":"https:\/\/badiadipomaio.com\/it\/sostenibilita\/impronta-ecologica\/#breadcrumb","itemListElement":[{"@type":"ListItem","position":1,"name":"Home","item":"https:\/\/badiadipomaio.com\/it\/home-2\/"},{"@type":"ListItem","position":2,"name":"Sostenibilit\u00e0","item":"https:\/\/badiadipomaio.com\/it\/sostenibilita\/"},{"@type":"ListItem","position":3,"name":"Impronta di carbonio"}]},{"@type":"WebSite","@id":"https:\/\/badiadipomaio.com\/#website","url":"https:\/\/badiadipomaio.com\/","name":"Badia di Pomaio","description":"","publisher":{"@id":"https:\/\/badiadipomaio.com\/#organization"},"potentialAction":[{"@type":"SearchAction","target":{"@type":"EntryPoint","urlTemplate":"https:\/\/badiadipomaio.com\/?s={search_term_string}"},"query-input":{"@type":"PropertyValueSpecification","valueRequired":true,"valueName":"search_term_string"}}],"inLanguage":"it-IT"},{"@type":"Organization","@id":"https:\/\/badiadipomaio.com\/#organization","name":"Badia di Pomaio","url":"https:\/\/badiadipomaio.com\/","logo":{"@type":"ImageObject","inLanguage":"it-IT","@id":"https:\/\/badiadipomaio.com\/#\/schema\/logo\/image\/","url":"https:\/\/badiadipomaio.com\/wp-content\/uploads\/2020\/11\/bdp_logo.png","contentUrl":"https:\/\/badiadipomaio.com\/wp-content\/uploads\/2020\/11\/bdp_logo.png","width":368,"height":117,"caption":"Badia di Pomaio"},"image":{"@id":"https:\/\/badiadipomaio.com\/#\/schema\/logo\/image\/"}}]}},"_links":{"self":[{"href":"https:\/\/badiadipomaio.com\/it\/wp-json\/wp\/v2\/pages\/5706","targetHints":{"allow":["GET"]}}],"collection":[{"href":"https:\/\/badiadipomaio.com\/it\/wp-json\/wp\/v2\/pages"}],"about":[{"href":"https:\/\/badiadipomaio.com\/it\/wp-json\/wp\/v2\/types\/page"}],"author":[{"embeddable":true,"href":"https:\/\/badiadipomaio.com\/it\/wp-json\/wp\/v2\/users\/1"}],"replies":[{"embeddable":true,"href":"https:\/\/badiadipomaio.com\/it\/wp-json\/wp\/v2\/comments?post=5706"}],"version-history":[{"count":9,"href":"https:\/\/badiadipomaio.com\/it\/wp-json\/wp\/v2\/pages\/5706\/revisions"}],"predecessor-version":[{"id":8619,"href":"https:\/\/badiadipomaio.com\/it\/wp-json\/wp\/v2\/pages\/5706\/revisions\/8619"}],"up":[{"embeddable":true,"href":"https:\/\/badiadipomaio.com\/it\/wp-json\/wp\/v2\/pages\/5701"}],"wp:attachment":[{"href":"https:\/\/badiadipomaio.com\/it\/wp-json\/wp\/v2\/media?parent=5706"}],"curies":[{"name":"wp","href":"https:\/\/api.w.org\/{rel}","templated":true}]}}