{"id":5851,"date":"2021-12-20T11:25:39","date_gmt":"2021-12-20T10:25:39","guid":{"rendered":"https:\/\/badiadipomaio.com\/?page_id=5851"},"modified":"2026-02-06T15:11:06","modified_gmt":"2026-02-06T14:11:06","slug":"la-nourriture-durable","status":"publish","type":"page","link":"https:\/\/badiadipomaio.com\/fr\/la-durabilite\/la-nourriture-durable\/","title":{"rendered":"F&amp;B durable"},"content":{"rendered":"\t\t<div data-elementor-type=\"wp-page\" data-elementor-id=\"5851\" class=\"elementor elementor-5851 elementor-5411\">\n\t\t\t\t\t\t<section class=\"elementor-section elementor-top-section elementor-element elementor-element-107ba66 page-title text-white elementor-section-height-min-height elementor-section-items-bottom elementor-section-boxed elementor-section-height-default\" data-id=\"107ba66\" data-element_type=\"section\" data-e-type=\"section\" data-settings=\"{&quot;background_background&quot;:&quot;classic&quot;}\">\n\t\t\t\t\t\t\t<div class=\"elementor-background-overlay\"><\/div>\n\t\t\t\t\t\t\t<div class=\"elementor-container elementor-column-gap-default\">\n\t\t\t\t\t<div class=\"elementor-column elementor-col-100 elementor-top-column elementor-element elementor-element-24bc7e8\" data-id=\"24bc7e8\" data-element_type=\"column\" data-e-type=\"column\">\n\t\t\t<div class=\"elementor-widget-wrap elementor-element-populated\">\n\t\t\t\t\t\t<div class=\"elementor-element elementor-element-9a6183b elementor-widget elementor-widget-text-editor\" data-id=\"9a6183b\" data-element_type=\"widget\" data-e-type=\"widget\" data-widget_type=\"text-editor.default\">\n\t\t\t\t<div class=\"elementor-widget-container\">\n\t\t\t\t\t\t\t\t\t<h1 style=\"text-align: center;\">F&amp;B durable<\/h1>\t\t\t\t\t\t\t\t<\/div>\n\t\t\t\t<\/div>\n\t\t\t\t\t<\/div>\n\t\t<\/div>\n\t\t\t\t\t<\/div>\n\t\t<\/section>\n\t\t\t\t<section class=\"elementor-section elementor-top-section elementor-element elementor-element-a0a648c elementor-section-boxed elementor-section-height-default elementor-section-height-default\" data-id=\"a0a648c\" data-element_type=\"section\" data-e-type=\"section\" data-settings=\"{&quot;background_background&quot;:&quot;classic&quot;}\">\n\t\t\t\t\t\t<div class=\"elementor-container elementor-column-gap-default\">\n\t\t\t\t\t<div class=\"elementor-column elementor-col-16 elementor-top-column elementor-element elementor-element-d8df054\" data-id=\"d8df054\" data-element_type=\"column\" data-e-type=\"column\">\n\t\t\t<div class=\"elementor-widget-wrap\">\n\t\t\t\t\t\t\t<\/div>\n\t\t<\/div>\n\t\t\t\t<div class=\"elementor-column elementor-col-66 elementor-top-column elementor-element elementor-element-d91a014\" data-id=\"d91a014\" data-element_type=\"column\" data-e-type=\"column\">\n\t\t\t<div class=\"elementor-widget-wrap elementor-element-populated\">\n\t\t\t\t\t\t<div class=\"elementor-element elementor-element-9e33d2d elementor-widget elementor-widget-text-editor\" data-id=\"9e33d2d\" data-element_type=\"widget\" data-e-type=\"widget\" data-widget_type=\"text-editor.default\">\n\t\t\t\t<div class=\"elementor-widget-container\">\n\t\t\t\t\t\t\t\t\t<p style=\"text-align: center;\">L&rsquo;h\u00f4tel Badia di Pomaio, mais aussi le restaurant, jouent un r\u00f4le important dans la protection de l&rsquo;environnement.<\/p><p style=\"text-align: center;\">Notre cuisine est \u00e9troitement li\u00e9e \u00e0 la culture gastronomique de notre pays en g\u00e9n\u00e9ral et de notre r\u00e9gion en particulier. Nous pensons que la pr\u00e9servation du riche patrimoine et de l&rsquo;histoire de l&rsquo;Italie doit faire partie de notre engagement \u00e0 prot\u00e9ger notre environnement. C&rsquo;est pourquoi nous utilisons exclusivement des produits biologiques cultiv\u00e9s par nos soins sur notre territoire ou achet\u00e9s \u00e0 de petits producteurs locaux.  <\/p>\t\t\t\t\t\t\t\t<\/div>\n\t\t\t\t<\/div>\n\t\t\t\t\t<\/div>\n\t\t<\/div>\n\t\t\t\t<div class=\"elementor-column elementor-col-16 elementor-top-column elementor-element elementor-element-543ad4a\" data-id=\"543ad4a\" data-element_type=\"column\" data-e-type=\"column\">\n\t\t\t<div class=\"elementor-widget-wrap\">\n\t\t\t\t\t\t\t<\/div>\n\t\t<\/div>\n\t\t\t\t\t<\/div>\n\t\t<\/section>\n\t\t\t\t<section class=\"elementor-section elementor-top-section elementor-element elementor-element-b2e46ec elementor-section-full_width elementor-section-content-middle elementor-section-height-default elementor-section-height-default\" data-id=\"b2e46ec\" data-element_type=\"section\" data-e-type=\"section\" data-settings=\"{&quot;background_background&quot;:&quot;classic&quot;}\">\n\t\t\t\t\t\t<div class=\"elementor-container elementor-column-gap-no\">\n\t\t\t\t\t<div class=\"elementor-column elementor-col-50 elementor-top-column elementor-element elementor-element-16b4af0\" data-id=\"16b4af0\" data-element_type=\"column\" data-e-type=\"column\">\n\t\t\t<div class=\"elementor-widget-wrap elementor-element-populated\">\n\t\t\t\t\t\t<div class=\"elementor-element elementor-element-78d1cbf elementor-widget elementor-widget-image\" data-id=\"78d1cbf\" data-element_type=\"widget\" data-e-type=\"widget\" data-widget_type=\"image.default\">\n\t\t\t\t<div class=\"elementor-widget-container\">\n\t\t\t\t\t\t\t\t\t\t\t\t\t\t\t<img fetchpriority=\"high\" decoding=\"async\" width=\"1000\" height=\"1000\" src=\"https:\/\/badiadipomaio.com\/wp-content\/uploads\/2021\/11\/sustainable-food-squared.jpg\" class=\"attachment-full size-full wp-image-5402\" alt=\"\" srcset=\"https:\/\/badiadipomaio.com\/wp-content\/uploads\/2021\/11\/sustainable-food-squared.jpg 1000w, https:\/\/badiadipomaio.com\/wp-content\/uploads\/2021\/11\/sustainable-food-squared-300x300.jpg 300w, https:\/\/badiadipomaio.com\/wp-content\/uploads\/2021\/11\/sustainable-food-squared-150x150.jpg 150w, https:\/\/badiadipomaio.com\/wp-content\/uploads\/2021\/11\/sustainable-food-squared-768x768.jpg 768w, https:\/\/badiadipomaio.com\/wp-content\/uploads\/2021\/11\/sustainable-food-squared-400x400.jpg 400w\" sizes=\"(max-width: 1000px) 100vw, 1000px\" \/>\t\t\t\t\t\t\t\t\t\t\t\t\t\t\t<\/div>\n\t\t\t\t<\/div>\n\t\t\t\t\t<\/div>\n\t\t<\/div>\n\t\t\t\t<div class=\"elementor-column elementor-col-50 elementor-top-column elementor-element elementor-element-966e806\" data-id=\"966e806\" data-element_type=\"column\" data-e-type=\"column\">\n\t\t\t<div class=\"elementor-widget-wrap elementor-element-populated\">\n\t\t\t\t\t\t<div class=\"elementor-element elementor-element-84b391a elementor-widget elementor-widget-text-editor\" data-id=\"84b391a\" data-element_type=\"widget\" data-e-type=\"widget\" data-widget_type=\"text-editor.default\">\n\t\t\t\t<div class=\"elementor-widget-container\">\n\t\t\t\t\t\t\t\t\t<p>La Badia di Pomaio dispose d&rsquo;un vaste jardin potager. Au cours des ann\u00e9es qui ont suivi son ouverture, il s&rsquo;est enrichi et abrite aujourd&rsquo;hui de nombreuses vari\u00e9t\u00e9s de l\u00e9gumes, de fruits et d&rsquo;herbes aromatiques, tous rigoureusement exempts de pesticides. Dans la cuisine, nos produits sont aromatis\u00e9s avec notre propre huile d&rsquo;olive, obtenue \u00e0 partir de la r\u00e9colte de plus de trois cents oliviers que nous avons plant\u00e9s.  <\/p><p>Mais tout plat frais et biologique a besoin d&rsquo;un vin adapt\u00e9.<\/p><p>Notre cave est remplie de vins prestigieux &#8211; certains proviennent de domaines viticoles de renomm\u00e9e mondiale, d&rsquo;autres de plus petits producteurs : la plupart sont des vins biodynamiques et biologiques, afin de repr\u00e9senter au mieux la nouvelle approche \u00e9cologique de la vinification en plein essor en Italie.<\/p><p>Les l\u00e9gumes et les fruits ne sont pas les seuls aliments que nous produisons nous-m\u00eames. Nous avons \u00e9galement une petite ferme biologique, avec une quarantaine de poulets de diff\u00e9rentes races et quatre ch\u00e8vres. Les animaux ne sont pas \u00e9lev\u00e9s pour la table : ils produisent des \u0153ufs de plein air et du lait frais, \u00e0 partir duquel nous fabriquons nos propres fromages et yaourts.  <\/p>\t\t\t\t\t\t\t\t<\/div>\n\t\t\t\t<\/div>\n\t\t\t\t\t<\/div>\n\t\t<\/div>\n\t\t\t\t\t<\/div>\n\t\t<\/section>\n\t\t\t\t<\/div>\n\t\t","protected":false},"excerpt":{"rendered":"<p>F&amp;B durable L&rsquo;h\u00f4tel Badia di Pomaio, mais aussi le restaurant, jouent un r\u00f4le important dans la protection de l&rsquo;environnement. Notre cuisine est \u00e9troitement li\u00e9e \u00e0&#8230; <a class=\"read-more\" style=\"text-decoration:underline;\" href=\"https:\/\/badiadipomaio.com\/fr\/la-durabilite\/la-nourriture-durable\/\">Rouge plus ><\/a><\/p>\n","protected":false},"author":1,"featured_media":0,"parent":5797,"menu_order":0,"comment_status":"closed","ping_status":"closed","template":"elementor_header_footer","meta":{"_acf_changed":false,"footnotes":""},"class_list":["post-5851","page","type-page","status-publish","hentry"],"acf":[],"yoast_head":"<!-- This site is optimized with the Yoast SEO plugin v27.4 - https:\/\/yoast.com\/product\/yoast-seo-wordpress\/ -->\n<title>F&amp;B durable - Badia di Pomaio<\/title>\n<meta name=\"robots\" content=\"index, follow, max-snippet:-1, max-image-preview:large, max-video-preview:-1\" \/>\n<link rel=\"canonical\" href=\"https:\/\/badiadipomaio.com\/fr\/la-durabilite\/la-nourriture-durable\/\" \/>\n<meta property=\"og:locale\" content=\"fr_FR\" \/>\n<meta property=\"og:type\" content=\"article\" \/>\n<meta property=\"og:title\" content=\"F&amp;B durable - Badia di Pomaio\" \/>\n<meta property=\"og:description\" content=\"F&amp;B durable L&rsquo;h\u00f4tel Badia di Pomaio, mais aussi le restaurant, jouent un r\u00f4le important dans la protection de l&rsquo;environnement. Notre cuisine est \u00e9troitement li\u00e9e \u00e0... Rouge plus &gt;\" \/>\n<meta property=\"og:url\" content=\"https:\/\/badiadipomaio.com\/fr\/la-durabilite\/la-nourriture-durable\/\" \/>\n<meta property=\"og:site_name\" content=\"Badia di Pomaio\" \/>\n<meta property=\"article:modified_time\" content=\"2026-02-06T14:11:06+00:00\" \/>\n<meta property=\"og:image\" content=\"https:\/\/badiadipomaio.com\/wp-content\/uploads\/2021\/11\/sustainable-food-squared.jpg\" \/>\n<meta name=\"twitter:card\" content=\"summary_large_image\" \/>\n<meta name=\"twitter:label1\" content=\"Dur\u00e9e de lecture estim\u00e9e\" \/>\n\t<meta name=\"twitter:data1\" content=\"2 minutes\" \/>\n<script type=\"application\/ld+json\" class=\"yoast-schema-graph\">{\"@context\":\"https:\\\/\\\/schema.org\",\"@graph\":[{\"@type\":\"WebPage\",\"@id\":\"https:\\\/\\\/badiadipomaio.com\\\/fr\\\/la-durabilite\\\/la-nourriture-durable\\\/\",\"url\":\"https:\\\/\\\/badiadipomaio.com\\\/fr\\\/la-durabilite\\\/la-nourriture-durable\\\/\",\"name\":\"F&amp;B durable - Badia di Pomaio\",\"isPartOf\":{\"@id\":\"https:\\\/\\\/badiadipomaio.com\\\/#website\"},\"primaryImageOfPage\":{\"@id\":\"https:\\\/\\\/badiadipomaio.com\\\/fr\\\/la-durabilite\\\/la-nourriture-durable\\\/#primaryimage\"},\"image\":{\"@id\":\"https:\\\/\\\/badiadipomaio.com\\\/fr\\\/la-durabilite\\\/la-nourriture-durable\\\/#primaryimage\"},\"thumbnailUrl\":\"https:\\\/\\\/badiadipomaio.com\\\/wp-content\\\/uploads\\\/2021\\\/11\\\/sustainable-food-squared.jpg\",\"datePublished\":\"2021-12-20T10:25:39+00:00\",\"dateModified\":\"2026-02-06T14:11:06+00:00\",\"breadcrumb\":{\"@id\":\"https:\\\/\\\/badiadipomaio.com\\\/fr\\\/la-durabilite\\\/la-nourriture-durable\\\/#breadcrumb\"},\"inLanguage\":\"fr-FR\",\"potentialAction\":[{\"@type\":\"ReadAction\",\"target\":[\"https:\\\/\\\/badiadipomaio.com\\\/fr\\\/la-durabilite\\\/la-nourriture-durable\\\/\"]}]},{\"@type\":\"ImageObject\",\"inLanguage\":\"fr-FR\",\"@id\":\"https:\\\/\\\/badiadipomaio.com\\\/fr\\\/la-durabilite\\\/la-nourriture-durable\\\/#primaryimage\",\"url\":\"https:\\\/\\\/badiadipomaio.com\\\/wp-content\\\/uploads\\\/2021\\\/11\\\/sustainable-food-squared.jpg\",\"contentUrl\":\"https:\\\/\\\/badiadipomaio.com\\\/wp-content\\\/uploads\\\/2021\\\/11\\\/sustainable-food-squared.jpg\"},{\"@type\":\"BreadcrumbList\",\"@id\":\"https:\\\/\\\/badiadipomaio.com\\\/fr\\\/la-durabilite\\\/la-nourriture-durable\\\/#breadcrumb\",\"itemListElement\":[{\"@type\":\"ListItem\",\"position\":1,\"name\":\"Home\",\"item\":\"https:\\\/\\\/badiadipomaio.com\\\/fr\\\/home\\\/\"},{\"@type\":\"ListItem\",\"position\":2,\"name\":\"Durabilit\u00e9\",\"item\":\"https:\\\/\\\/badiadipomaio.com\\\/fr\\\/la-durabilite\\\/\"},{\"@type\":\"ListItem\",\"position\":3,\"name\":\"F&amp;B durable\"}]},{\"@type\":\"WebSite\",\"@id\":\"https:\\\/\\\/badiadipomaio.com\\\/#website\",\"url\":\"https:\\\/\\\/badiadipomaio.com\\\/\",\"name\":\"Badia di Pomaio\",\"description\":\"\",\"publisher\":{\"@id\":\"https:\\\/\\\/badiadipomaio.com\\\/#organization\"},\"potentialAction\":[{\"@type\":\"SearchAction\",\"target\":{\"@type\":\"EntryPoint\",\"urlTemplate\":\"https:\\\/\\\/badiadipomaio.com\\\/?s={search_term_string}\"},\"query-input\":{\"@type\":\"PropertyValueSpecification\",\"valueRequired\":true,\"valueName\":\"search_term_string\"}}],\"inLanguage\":\"fr-FR\"},{\"@type\":\"Organization\",\"@id\":\"https:\\\/\\\/badiadipomaio.com\\\/#organization\",\"name\":\"Badia di Pomaio\",\"url\":\"https:\\\/\\\/badiadipomaio.com\\\/\",\"logo\":{\"@type\":\"ImageObject\",\"inLanguage\":\"fr-FR\",\"@id\":\"https:\\\/\\\/badiadipomaio.com\\\/#\\\/schema\\\/logo\\\/image\\\/\",\"url\":\"https:\\\/\\\/badiadipomaio.com\\\/wp-content\\\/uploads\\\/2020\\\/11\\\/bdp_logo.png\",\"contentUrl\":\"https:\\\/\\\/badiadipomaio.com\\\/wp-content\\\/uploads\\\/2020\\\/11\\\/bdp_logo.png\",\"width\":368,\"height\":117,\"caption\":\"Badia di Pomaio\"},\"image\":{\"@id\":\"https:\\\/\\\/badiadipomaio.com\\\/#\\\/schema\\\/logo\\\/image\\\/\"}}]}<\/script>\n<!-- \/ Yoast SEO plugin. -->","yoast_head_json":{"title":"F&amp;B durable - Badia di Pomaio","robots":{"index":"index","follow":"follow","max-snippet":"max-snippet:-1","max-image-preview":"max-image-preview:large","max-video-preview":"max-video-preview:-1"},"canonical":"https:\/\/badiadipomaio.com\/fr\/la-durabilite\/la-nourriture-durable\/","og_locale":"fr_FR","og_type":"article","og_title":"F&amp;B durable - Badia di Pomaio","og_description":"F&amp;B durable L&rsquo;h\u00f4tel Badia di Pomaio, mais aussi le restaurant, jouent un r\u00f4le important dans la protection de l&rsquo;environnement. Notre cuisine est \u00e9troitement li\u00e9e \u00e0... Rouge plus >","og_url":"https:\/\/badiadipomaio.com\/fr\/la-durabilite\/la-nourriture-durable\/","og_site_name":"Badia di Pomaio","article_modified_time":"2026-02-06T14:11:06+00:00","og_image":[{"url":"https:\/\/badiadipomaio.com\/wp-content\/uploads\/2021\/11\/sustainable-food-squared.jpg","type":"","width":"","height":""}],"twitter_card":"summary_large_image","twitter_misc":{"Dur\u00e9e de lecture estim\u00e9e":"2 minutes"},"schema":{"@context":"https:\/\/schema.org","@graph":[{"@type":"WebPage","@id":"https:\/\/badiadipomaio.com\/fr\/la-durabilite\/la-nourriture-durable\/","url":"https:\/\/badiadipomaio.com\/fr\/la-durabilite\/la-nourriture-durable\/","name":"F&amp;B durable - Badia di Pomaio","isPartOf":{"@id":"https:\/\/badiadipomaio.com\/#website"},"primaryImageOfPage":{"@id":"https:\/\/badiadipomaio.com\/fr\/la-durabilite\/la-nourriture-durable\/#primaryimage"},"image":{"@id":"https:\/\/badiadipomaio.com\/fr\/la-durabilite\/la-nourriture-durable\/#primaryimage"},"thumbnailUrl":"https:\/\/badiadipomaio.com\/wp-content\/uploads\/2021\/11\/sustainable-food-squared.jpg","datePublished":"2021-12-20T10:25:39+00:00","dateModified":"2026-02-06T14:11:06+00:00","breadcrumb":{"@id":"https:\/\/badiadipomaio.com\/fr\/la-durabilite\/la-nourriture-durable\/#breadcrumb"},"inLanguage":"fr-FR","potentialAction":[{"@type":"ReadAction","target":["https:\/\/badiadipomaio.com\/fr\/la-durabilite\/la-nourriture-durable\/"]}]},{"@type":"ImageObject","inLanguage":"fr-FR","@id":"https:\/\/badiadipomaio.com\/fr\/la-durabilite\/la-nourriture-durable\/#primaryimage","url":"https:\/\/badiadipomaio.com\/wp-content\/uploads\/2021\/11\/sustainable-food-squared.jpg","contentUrl":"https:\/\/badiadipomaio.com\/wp-content\/uploads\/2021\/11\/sustainable-food-squared.jpg"},{"@type":"BreadcrumbList","@id":"https:\/\/badiadipomaio.com\/fr\/la-durabilite\/la-nourriture-durable\/#breadcrumb","itemListElement":[{"@type":"ListItem","position":1,"name":"Home","item":"https:\/\/badiadipomaio.com\/fr\/home\/"},{"@type":"ListItem","position":2,"name":"Durabilit\u00e9","item":"https:\/\/badiadipomaio.com\/fr\/la-durabilite\/"},{"@type":"ListItem","position":3,"name":"F&amp;B durable"}]},{"@type":"WebSite","@id":"https:\/\/badiadipomaio.com\/#website","url":"https:\/\/badiadipomaio.com\/","name":"Badia di Pomaio","description":"","publisher":{"@id":"https:\/\/badiadipomaio.com\/#organization"},"potentialAction":[{"@type":"SearchAction","target":{"@type":"EntryPoint","urlTemplate":"https:\/\/badiadipomaio.com\/?s={search_term_string}"},"query-input":{"@type":"PropertyValueSpecification","valueRequired":true,"valueName":"search_term_string"}}],"inLanguage":"fr-FR"},{"@type":"Organization","@id":"https:\/\/badiadipomaio.com\/#organization","name":"Badia di Pomaio","url":"https:\/\/badiadipomaio.com\/","logo":{"@type":"ImageObject","inLanguage":"fr-FR","@id":"https:\/\/badiadipomaio.com\/#\/schema\/logo\/image\/","url":"https:\/\/badiadipomaio.com\/wp-content\/uploads\/2020\/11\/bdp_logo.png","contentUrl":"https:\/\/badiadipomaio.com\/wp-content\/uploads\/2020\/11\/bdp_logo.png","width":368,"height":117,"caption":"Badia di Pomaio"},"image":{"@id":"https:\/\/badiadipomaio.com\/#\/schema\/logo\/image\/"}}]}},"_links":{"self":[{"href":"https:\/\/badiadipomaio.com\/fr\/wp-json\/wp\/v2\/pages\/5851","targetHints":{"allow":["GET"]}}],"collection":[{"href":"https:\/\/badiadipomaio.com\/fr\/wp-json\/wp\/v2\/pages"}],"about":[{"href":"https:\/\/badiadipomaio.com\/fr\/wp-json\/wp\/v2\/types\/page"}],"author":[{"embeddable":true,"href":"https:\/\/badiadipomaio.com\/fr\/wp-json\/wp\/v2\/users\/1"}],"replies":[{"embeddable":true,"href":"https:\/\/badiadipomaio.com\/fr\/wp-json\/wp\/v2\/comments?post=5851"}],"version-history":[{"count":6,"href":"https:\/\/badiadipomaio.com\/fr\/wp-json\/wp\/v2\/pages\/5851\/revisions"}],"predecessor-version":[{"id":8593,"href":"https:\/\/badiadipomaio.com\/fr\/wp-json\/wp\/v2\/pages\/5851\/revisions\/8593"}],"up":[{"embeddable":true,"href":"https:\/\/badiadipomaio.com\/fr\/wp-json\/wp\/v2\/pages\/5797"}],"wp:attachment":[{"href":"https:\/\/badiadipomaio.com\/fr\/wp-json\/wp\/v2\/media?parent=5851"}],"curies":[{"name":"wp","href":"https:\/\/api.w.org\/{rel}","templated":true}]}}