{"id":5827,"date":"2021-12-20T11:19:32","date_gmt":"2021-12-20T10:19:32","guid":{"rendered":"https:\/\/badiadipomaio.com\/?page_id=5827"},"modified":"2026-02-06T15:11:00","modified_gmt":"2026-02-06T14:11:00","slug":"recycler","status":"publish","type":"page","link":"https:\/\/badiadipomaio.com\/fr\/la-durabilite\/recycler\/","title":{"rendered":"Recyclage"},"content":{"rendered":"\t\t<div data-elementor-type=\"wp-page\" data-elementor-id=\"5827\" class=\"elementor elementor-5827 elementor-5448\">\n\t\t\t\t\t\t<section class=\"elementor-section elementor-top-section elementor-element elementor-element-107ba66 page-title text-white elementor-section-height-min-height elementor-section-items-bottom elementor-section-boxed elementor-section-height-default\" data-id=\"107ba66\" data-element_type=\"section\" data-e-type=\"section\" data-settings=\"{&quot;background_background&quot;:&quot;classic&quot;}\">\n\t\t\t\t\t\t\t<div class=\"elementor-background-overlay\"><\/div>\n\t\t\t\t\t\t\t<div class=\"elementor-container elementor-column-gap-default\">\n\t\t\t\t\t<div class=\"elementor-column elementor-col-100 elementor-top-column elementor-element elementor-element-24bc7e8\" data-id=\"24bc7e8\" data-element_type=\"column\" data-e-type=\"column\">\n\t\t\t<div class=\"elementor-widget-wrap elementor-element-populated\">\n\t\t\t\t\t\t<div class=\"elementor-element elementor-element-9a6183b elementor-widget elementor-widget-text-editor\" data-id=\"9a6183b\" data-element_type=\"widget\" data-e-type=\"widget\" data-widget_type=\"text-editor.default\">\n\t\t\t\t<div class=\"elementor-widget-container\">\n\t\t\t\t\t\t\t\t\t<h1 style=\"text-align: center;\">Recyclage<\/h1>\t\t\t\t\t\t\t\t<\/div>\n\t\t\t\t<\/div>\n\t\t\t\t\t<\/div>\n\t\t<\/div>\n\t\t\t\t\t<\/div>\n\t\t<\/section>\n\t\t\t\t<section class=\"elementor-section elementor-top-section elementor-element elementor-element-a0a648c elementor-section-boxed elementor-section-height-default elementor-section-height-default\" data-id=\"a0a648c\" data-element_type=\"section\" data-e-type=\"section\" data-settings=\"{&quot;background_background&quot;:&quot;classic&quot;}\">\n\t\t\t\t\t\t<div class=\"elementor-container elementor-column-gap-default\">\n\t\t\t\t\t<div class=\"elementor-column elementor-col-16 elementor-top-column elementor-element elementor-element-d8df054\" data-id=\"d8df054\" data-element_type=\"column\" data-e-type=\"column\">\n\t\t\t<div class=\"elementor-widget-wrap\">\n\t\t\t\t\t\t\t<\/div>\n\t\t<\/div>\n\t\t\t\t<div class=\"elementor-column elementor-col-66 elementor-top-column elementor-element elementor-element-d91a014\" data-id=\"d91a014\" data-element_type=\"column\" data-e-type=\"column\">\n\t\t\t<div class=\"elementor-widget-wrap elementor-element-populated\">\n\t\t\t\t\t\t<div class=\"elementor-element elementor-element-9e33d2d elementor-widget elementor-widget-text-editor\" data-id=\"9e33d2d\" data-element_type=\"widget\" data-e-type=\"widget\" data-widget_type=\"text-editor.default\">\n\t\t\t\t<div class=\"elementor-widget-container\">\n\t\t\t\t\t\t\t\t\t<p style=\"text-align: center;\">L&rsquo;un des probl\u00e8mes les plus urgents des pays du premier monde est l&rsquo;\u00e9norme quantit\u00e9 de d\u00e9chets alimentaires \u00e9vitables que nous produisons. Il s&rsquo;agit avant tout d&rsquo;un probl\u00e8me social et \u00e9conomique &#8211; car gaspiller de la nourriture revient \u00e0 gaspiller des ressources naturelles qui pourraient \u00eatre mieux utilis\u00e9es &#8211; mais il a \u00e9galement des r\u00e9percussions sur l&rsquo;environnement. <\/p><p style=\"text-align: center;\">Les aliments inutilis\u00e9s finissent \u00e0 la d\u00e9charge et produisent du m\u00e9thane, ce qui constitue une source de pollution.<\/p><p style=\"text-align: center;\">Pour minimiser ce probl\u00e8me, Badia di Pomaio utilise les d\u00e9chets alimentaires de son restaurant pour nourrir ses poulets et ses ch\u00e8vres. Les d\u00e9chets restants sont transform\u00e9s en engrais biologique et utilis\u00e9s pour notre potager. <\/p>\t\t\t\t\t\t\t\t<\/div>\n\t\t\t\t<\/div>\n\t\t\t\t\t<\/div>\n\t\t<\/div>\n\t\t\t\t<div class=\"elementor-column elementor-col-16 elementor-top-column elementor-element elementor-element-543ad4a\" data-id=\"543ad4a\" data-element_type=\"column\" data-e-type=\"column\">\n\t\t\t<div class=\"elementor-widget-wrap\">\n\t\t\t\t\t\t\t<\/div>\n\t\t<\/div>\n\t\t\t\t\t<\/div>\n\t\t<\/section>\n\t\t\t\t<section class=\"elementor-section elementor-top-section elementor-element elementor-element-fc7d3da elementor-section-full_width elementor-section-content-middle elementor-section-height-default elementor-section-height-default\" data-id=\"fc7d3da\" data-element_type=\"section\" data-e-type=\"section\" data-settings=\"{&quot;background_background&quot;:&quot;classic&quot;}\">\n\t\t\t\t\t\t<div class=\"elementor-container elementor-column-gap-no\">\n\t\t\t\t\t<div class=\"elementor-column elementor-col-50 elementor-top-column elementor-element elementor-element-f21fdb3\" data-id=\"f21fdb3\" data-element_type=\"column\" data-e-type=\"column\">\n\t\t\t<div class=\"elementor-widget-wrap elementor-element-populated\">\n\t\t\t\t\t\t<div class=\"elementor-element elementor-element-2482d54 elementor-widget elementor-widget-image\" data-id=\"2482d54\" data-element_type=\"widget\" data-e-type=\"widget\" data-widget_type=\"image.default\">\n\t\t\t\t<div class=\"elementor-widget-container\">\n\t\t\t\t\t\t\t\t\t\t\t\t\t\t\t<img fetchpriority=\"high\" decoding=\"async\" width=\"850\" height=\"850\" src=\"https:\/\/badiadipomaio.com\/wp-content\/uploads\/2021\/11\/recycling-squared.jpg\" class=\"attachment-full size-full wp-image-5439\" alt=\"\" srcset=\"https:\/\/badiadipomaio.com\/wp-content\/uploads\/2021\/11\/recycling-squared.jpg 850w, https:\/\/badiadipomaio.com\/wp-content\/uploads\/2021\/11\/recycling-squared-300x300.jpg 300w, https:\/\/badiadipomaio.com\/wp-content\/uploads\/2021\/11\/recycling-squared-150x150.jpg 150w, https:\/\/badiadipomaio.com\/wp-content\/uploads\/2021\/11\/recycling-squared-768x768.jpg 768w, https:\/\/badiadipomaio.com\/wp-content\/uploads\/2021\/11\/recycling-squared-400x400.jpg 400w\" sizes=\"(max-width: 850px) 100vw, 850px\" \/>\t\t\t\t\t\t\t\t\t\t\t\t\t\t\t<\/div>\n\t\t\t\t<\/div>\n\t\t\t\t\t<\/div>\n\t\t<\/div>\n\t\t\t\t<div class=\"elementor-column elementor-col-50 elementor-top-column elementor-element elementor-element-76a7bef\" data-id=\"76a7bef\" data-element_type=\"column\" data-e-type=\"column\">\n\t\t\t<div class=\"elementor-widget-wrap elementor-element-populated\">\n\t\t\t\t\t\t<div class=\"elementor-element elementor-element-7032efa elementor-widget elementor-widget-text-editor\" data-id=\"7032efa\" data-element_type=\"widget\" data-e-type=\"widget\" data-widget_type=\"text-editor.default\">\n\t\t\t\t<div class=\"elementor-widget-container\">\n\t\t\t\t\t\t\t\t\t<p>Nous avons \u00e9limin\u00e9 de l&rsquo;h\u00f4tel tous les produits inutiles et nuisibles \u00e0 l&rsquo;environnement. Nous utilisons du plastique recycl\u00e9, mais uniquement lorsqu&rsquo;il n&rsquo;est pas possible de le remplacer par d&rsquo;autres mat\u00e9riaux, comme c&rsquo;est le cas pour nos pailles r\u00e9utilisables en bambou. <\/p><p>Un artiste local a fabriqu\u00e9 toutes nos assiettes \u00e0 la main, en n&rsquo;utilisant que des produits naturels et biod\u00e9gradables et des techniques respectueuses de l&rsquo;environnement, dont certaines remontent \u00e0 l&rsquo;\u00e9poque romaine ou m\u00eame \u00e9trusque. De m\u00eame, nous avons achet\u00e9 tous les verres et ustensiles \u00e0 des producteurs locaux, r\u00e9duisant ainsi l&rsquo;impact des d\u00e9placements en voiture. <\/p>\t\t\t\t\t\t\t\t<\/div>\n\t\t\t\t<\/div>\n\t\t\t\t\t<\/div>\n\t\t<\/div>\n\t\t\t\t\t<\/div>\n\t\t<\/section>\n\t\t\t\t<\/div>\n\t\t","protected":false},"excerpt":{"rendered":"<p>Recyclage L&rsquo;un des probl\u00e8mes les plus urgents des pays du premier monde est l&rsquo;\u00e9norme quantit\u00e9 de d\u00e9chets alimentaires \u00e9vitables que nous produisons. Il s&rsquo;agit avant&#8230; <a class=\"read-more\" style=\"text-decoration:underline;\" href=\"https:\/\/badiadipomaio.com\/fr\/la-durabilite\/recycler\/\">Rouge plus ><\/a><\/p>\n","protected":false},"author":1,"featured_media":0,"parent":5797,"menu_order":0,"comment_status":"closed","ping_status":"closed","template":"elementor_header_footer","meta":{"_acf_changed":false,"footnotes":""},"class_list":["post-5827","page","type-page","status-publish","hentry"],"acf":[],"yoast_head":"<!-- This site is optimized with the Yoast SEO plugin v27.0 - https:\/\/yoast.com\/product\/yoast-seo-wordpress\/ -->\n<title>Recyclage - Badia di Pomaio<\/title>\n<meta name=\"robots\" content=\"index, follow, max-snippet:-1, max-image-preview:large, max-video-preview:-1\" \/>\n<link rel=\"canonical\" href=\"https:\/\/badiadipomaio.com\/fr\/la-durabilite\/recycler\/\" \/>\n<meta property=\"og:locale\" content=\"fr_FR\" \/>\n<meta property=\"og:type\" content=\"article\" \/>\n<meta property=\"og:title\" content=\"Recyclage - Badia di Pomaio\" \/>\n<meta property=\"og:description\" content=\"Recyclage L&rsquo;un des probl\u00e8mes les plus urgents des pays du premier monde est l&rsquo;\u00e9norme quantit\u00e9 de d\u00e9chets alimentaires \u00e9vitables que nous produisons. Il s&rsquo;agit avant... Rouge plus &gt;\" \/>\n<meta property=\"og:url\" content=\"https:\/\/badiadipomaio.com\/fr\/la-durabilite\/recycler\/\" \/>\n<meta property=\"og:site_name\" content=\"Badia di Pomaio\" \/>\n<meta property=\"article:modified_time\" content=\"2026-02-06T14:11:00+00:00\" \/>\n<meta property=\"og:image\" content=\"https:\/\/badiadipomaio.com\/wp-content\/uploads\/2021\/11\/recycling-squared.jpg\" \/>\n<meta name=\"twitter:card\" content=\"summary_large_image\" \/>\n<meta name=\"twitter:label1\" content=\"Dur\u00e9e de lecture estim\u00e9e\" \/>\n\t<meta name=\"twitter:data1\" content=\"2 minutes\" \/>\n<script type=\"application\/ld+json\" class=\"yoast-schema-graph\">{\"@context\":\"https:\/\/schema.org\",\"@graph\":[{\"@type\":\"WebPage\",\"@id\":\"https:\/\/badiadipomaio.com\/fr\/la-durabilite\/recycler\/\",\"url\":\"https:\/\/badiadipomaio.com\/fr\/la-durabilite\/recycler\/\",\"name\":\"Recyclage - Badia di Pomaio\",\"isPartOf\":{\"@id\":\"https:\/\/badiadipomaio.com\/#website\"},\"primaryImageOfPage\":{\"@id\":\"https:\/\/badiadipomaio.com\/fr\/la-durabilite\/recycler\/#primaryimage\"},\"image\":{\"@id\":\"https:\/\/badiadipomaio.com\/fr\/la-durabilite\/recycler\/#primaryimage\"},\"thumbnailUrl\":\"https:\/\/badiadipomaio.com\/wp-content\/uploads\/2021\/11\/recycling-squared.jpg\",\"datePublished\":\"2021-12-20T10:19:32+00:00\",\"dateModified\":\"2026-02-06T14:11:00+00:00\",\"breadcrumb\":{\"@id\":\"https:\/\/badiadipomaio.com\/fr\/la-durabilite\/recycler\/#breadcrumb\"},\"inLanguage\":\"fr-FR\",\"potentialAction\":[{\"@type\":\"ReadAction\",\"target\":[\"https:\/\/badiadipomaio.com\/fr\/la-durabilite\/recycler\/\"]}]},{\"@type\":\"ImageObject\",\"inLanguage\":\"fr-FR\",\"@id\":\"https:\/\/badiadipomaio.com\/fr\/la-durabilite\/recycler\/#primaryimage\",\"url\":\"https:\/\/badiadipomaio.com\/wp-content\/uploads\/2021\/11\/recycling-squared.jpg\",\"contentUrl\":\"https:\/\/badiadipomaio.com\/wp-content\/uploads\/2021\/11\/recycling-squared.jpg\"},{\"@type\":\"BreadcrumbList\",\"@id\":\"https:\/\/badiadipomaio.com\/fr\/la-durabilite\/recycler\/#breadcrumb\",\"itemListElement\":[{\"@type\":\"ListItem\",\"position\":1,\"name\":\"Home\",\"item\":\"https:\/\/badiadipomaio.com\/fr\/home\/\"},{\"@type\":\"ListItem\",\"position\":2,\"name\":\"Durabilit\u00e9\",\"item\":\"https:\/\/badiadipomaio.com\/fr\/la-durabilite\/\"},{\"@type\":\"ListItem\",\"position\":3,\"name\":\"Recyclage\"}]},{\"@type\":\"WebSite\",\"@id\":\"https:\/\/badiadipomaio.com\/#website\",\"url\":\"https:\/\/badiadipomaio.com\/\",\"name\":\"Badia di Pomaio\",\"description\":\"\",\"publisher\":{\"@id\":\"https:\/\/badiadipomaio.com\/#organization\"},\"potentialAction\":[{\"@type\":\"SearchAction\",\"target\":{\"@type\":\"EntryPoint\",\"urlTemplate\":\"https:\/\/badiadipomaio.com\/?s={search_term_string}\"},\"query-input\":{\"@type\":\"PropertyValueSpecification\",\"valueRequired\":true,\"valueName\":\"search_term_string\"}}],\"inLanguage\":\"fr-FR\"},{\"@type\":\"Organization\",\"@id\":\"https:\/\/badiadipomaio.com\/#organization\",\"name\":\"Badia di Pomaio\",\"url\":\"https:\/\/badiadipomaio.com\/\",\"logo\":{\"@type\":\"ImageObject\",\"inLanguage\":\"fr-FR\",\"@id\":\"https:\/\/badiadipomaio.com\/#\/schema\/logo\/image\/\",\"url\":\"https:\/\/badiadipomaio.com\/wp-content\/uploads\/2020\/11\/bdp_logo.png\",\"contentUrl\":\"https:\/\/badiadipomaio.com\/wp-content\/uploads\/2020\/11\/bdp_logo.png\",\"width\":368,\"height\":117,\"caption\":\"Badia di Pomaio\"},\"image\":{\"@id\":\"https:\/\/badiadipomaio.com\/#\/schema\/logo\/image\/\"}}]}<\/script>\n<!-- \/ Yoast SEO plugin. -->","yoast_head_json":{"title":"Recyclage - Badia di Pomaio","robots":{"index":"index","follow":"follow","max-snippet":"max-snippet:-1","max-image-preview":"max-image-preview:large","max-video-preview":"max-video-preview:-1"},"canonical":"https:\/\/badiadipomaio.com\/fr\/la-durabilite\/recycler\/","og_locale":"fr_FR","og_type":"article","og_title":"Recyclage - Badia di Pomaio","og_description":"Recyclage L&rsquo;un des probl\u00e8mes les plus urgents des pays du premier monde est l&rsquo;\u00e9norme quantit\u00e9 de d\u00e9chets alimentaires \u00e9vitables que nous produisons. Il s&rsquo;agit avant... Rouge plus >","og_url":"https:\/\/badiadipomaio.com\/fr\/la-durabilite\/recycler\/","og_site_name":"Badia di Pomaio","article_modified_time":"2026-02-06T14:11:00+00:00","og_image":[{"url":"https:\/\/badiadipomaio.com\/wp-content\/uploads\/2021\/11\/recycling-squared.jpg","type":"","width":"","height":""}],"twitter_card":"summary_large_image","twitter_misc":{"Dur\u00e9e de lecture estim\u00e9e":"2 minutes"},"schema":{"@context":"https:\/\/schema.org","@graph":[{"@type":"WebPage","@id":"https:\/\/badiadipomaio.com\/fr\/la-durabilite\/recycler\/","url":"https:\/\/badiadipomaio.com\/fr\/la-durabilite\/recycler\/","name":"Recyclage - Badia di Pomaio","isPartOf":{"@id":"https:\/\/badiadipomaio.com\/#website"},"primaryImageOfPage":{"@id":"https:\/\/badiadipomaio.com\/fr\/la-durabilite\/recycler\/#primaryimage"},"image":{"@id":"https:\/\/badiadipomaio.com\/fr\/la-durabilite\/recycler\/#primaryimage"},"thumbnailUrl":"https:\/\/badiadipomaio.com\/wp-content\/uploads\/2021\/11\/recycling-squared.jpg","datePublished":"2021-12-20T10:19:32+00:00","dateModified":"2026-02-06T14:11:00+00:00","breadcrumb":{"@id":"https:\/\/badiadipomaio.com\/fr\/la-durabilite\/recycler\/#breadcrumb"},"inLanguage":"fr-FR","potentialAction":[{"@type":"ReadAction","target":["https:\/\/badiadipomaio.com\/fr\/la-durabilite\/recycler\/"]}]},{"@type":"ImageObject","inLanguage":"fr-FR","@id":"https:\/\/badiadipomaio.com\/fr\/la-durabilite\/recycler\/#primaryimage","url":"https:\/\/badiadipomaio.com\/wp-content\/uploads\/2021\/11\/recycling-squared.jpg","contentUrl":"https:\/\/badiadipomaio.com\/wp-content\/uploads\/2021\/11\/recycling-squared.jpg"},{"@type":"BreadcrumbList","@id":"https:\/\/badiadipomaio.com\/fr\/la-durabilite\/recycler\/#breadcrumb","itemListElement":[{"@type":"ListItem","position":1,"name":"Home","item":"https:\/\/badiadipomaio.com\/fr\/home\/"},{"@type":"ListItem","position":2,"name":"Durabilit\u00e9","item":"https:\/\/badiadipomaio.com\/fr\/la-durabilite\/"},{"@type":"ListItem","position":3,"name":"Recyclage"}]},{"@type":"WebSite","@id":"https:\/\/badiadipomaio.com\/#website","url":"https:\/\/badiadipomaio.com\/","name":"Badia di Pomaio","description":"","publisher":{"@id":"https:\/\/badiadipomaio.com\/#organization"},"potentialAction":[{"@type":"SearchAction","target":{"@type":"EntryPoint","urlTemplate":"https:\/\/badiadipomaio.com\/?s={search_term_string}"},"query-input":{"@type":"PropertyValueSpecification","valueRequired":true,"valueName":"search_term_string"}}],"inLanguage":"fr-FR"},{"@type":"Organization","@id":"https:\/\/badiadipomaio.com\/#organization","name":"Badia di Pomaio","url":"https:\/\/badiadipomaio.com\/","logo":{"@type":"ImageObject","inLanguage":"fr-FR","@id":"https:\/\/badiadipomaio.com\/#\/schema\/logo\/image\/","url":"https:\/\/badiadipomaio.com\/wp-content\/uploads\/2020\/11\/bdp_logo.png","contentUrl":"https:\/\/badiadipomaio.com\/wp-content\/uploads\/2020\/11\/bdp_logo.png","width":368,"height":117,"caption":"Badia di Pomaio"},"image":{"@id":"https:\/\/badiadipomaio.com\/#\/schema\/logo\/image\/"}}]}},"_links":{"self":[{"href":"https:\/\/badiadipomaio.com\/fr\/wp-json\/wp\/v2\/pages\/5827","targetHints":{"allow":["GET"]}}],"collection":[{"href":"https:\/\/badiadipomaio.com\/fr\/wp-json\/wp\/v2\/pages"}],"about":[{"href":"https:\/\/badiadipomaio.com\/fr\/wp-json\/wp\/v2\/types\/page"}],"author":[{"embeddable":true,"href":"https:\/\/badiadipomaio.com\/fr\/wp-json\/wp\/v2\/users\/1"}],"replies":[{"embeddable":true,"href":"https:\/\/badiadipomaio.com\/fr\/wp-json\/wp\/v2\/comments?post=5827"}],"version-history":[{"count":6,"href":"https:\/\/badiadipomaio.com\/fr\/wp-json\/wp\/v2\/pages\/5827\/revisions"}],"predecessor-version":[{"id":8563,"href":"https:\/\/badiadipomaio.com\/fr\/wp-json\/wp\/v2\/pages\/5827\/revisions\/8563"}],"up":[{"embeddable":true,"href":"https:\/\/badiadipomaio.com\/fr\/wp-json\/wp\/v2\/pages\/5797"}],"wp:attachment":[{"href":"https:\/\/badiadipomaio.com\/fr\/wp-json\/wp\/v2\/media?parent=5827"}],"curies":[{"name":"wp","href":"https:\/\/api.w.org\/{rel}","templated":true}]}}