{"id":5805,"date":"2021-12-20T11:08:50","date_gmt":"2021-12-20T10:08:50","guid":{"rendered":"https:\/\/badiadipomaio.com\/?page_id=5805"},"modified":"2026-02-06T15:11:20","modified_gmt":"2026-02-06T14:11:20","slug":"lempreinte-ecologique","status":"publish","type":"page","link":"https:\/\/badiadipomaio.com\/fr\/la-durabilite\/lempreinte-ecologique\/","title":{"rendered":"Empreinte carbone"},"content":{"rendered":"\t\t<div data-elementor-type=\"wp-page\" data-elementor-id=\"5805\" class=\"elementor elementor-5805 elementor-5369\">\n\t\t\t\t\t\t<section class=\"elementor-section elementor-top-section elementor-element elementor-element-107ba66 page-title text-white elementor-section-height-min-height elementor-section-items-bottom elementor-section-boxed elementor-section-height-default\" data-id=\"107ba66\" data-element_type=\"section\" data-e-type=\"section\" data-settings=\"{&quot;background_background&quot;:&quot;classic&quot;}\">\n\t\t\t\t\t\t\t<div class=\"elementor-background-overlay\"><\/div>\n\t\t\t\t\t\t\t<div class=\"elementor-container elementor-column-gap-default\">\n\t\t\t\t\t<div class=\"elementor-column elementor-col-100 elementor-top-column elementor-element elementor-element-24bc7e8\" data-id=\"24bc7e8\" data-element_type=\"column\" data-e-type=\"column\">\n\t\t\t<div class=\"elementor-widget-wrap elementor-element-populated\">\n\t\t\t\t\t\t<div class=\"elementor-element elementor-element-9a6183b elementor-widget elementor-widget-text-editor\" data-id=\"9a6183b\" data-element_type=\"widget\" data-e-type=\"widget\" data-widget_type=\"text-editor.default\">\n\t\t\t\t<div class=\"elementor-widget-container\">\n\t\t\t\t\t\t\t\t\t<h1 style=\"text-align: center;\">Empreinte carbone<\/h1>\t\t\t\t\t\t\t\t<\/div>\n\t\t\t\t<\/div>\n\t\t\t\t\t<\/div>\n\t\t<\/div>\n\t\t\t\t\t<\/div>\n\t\t<\/section>\n\t\t\t\t<section class=\"elementor-section elementor-top-section elementor-element elementor-element-a0a648c elementor-section-boxed elementor-section-height-default elementor-section-height-default\" data-id=\"a0a648c\" data-element_type=\"section\" data-e-type=\"section\" data-settings=\"{&quot;background_background&quot;:&quot;classic&quot;}\">\n\t\t\t\t\t\t<div class=\"elementor-container elementor-column-gap-default\">\n\t\t\t\t\t<div class=\"elementor-column elementor-col-16 elementor-top-column elementor-element elementor-element-d8df054\" data-id=\"d8df054\" data-element_type=\"column\" data-e-type=\"column\">\n\t\t\t<div class=\"elementor-widget-wrap\">\n\t\t\t\t\t\t\t<\/div>\n\t\t<\/div>\n\t\t\t\t<div class=\"elementor-column elementor-col-66 elementor-top-column elementor-element elementor-element-d91a014\" data-id=\"d91a014\" data-element_type=\"column\" data-e-type=\"column\">\n\t\t\t<div class=\"elementor-widget-wrap elementor-element-populated\">\n\t\t\t\t\t\t<div class=\"elementor-element elementor-element-9e33d2d elementor-widget elementor-widget-text-editor\" data-id=\"9e33d2d\" data-element_type=\"widget\" data-e-type=\"widget\" data-widget_type=\"text-editor.default\">\n\t\t\t\t<div class=\"elementor-widget-container\">\n\t\t\t\t\t\t\t\t\t<p style=\"text-align: center;\">Toutes nos actions, aussi petites soient-elles, ont un effet \u00e0 plus grande \u00e9chelle. Tout ce que nous faisons et utilisons n\u00e9cessite de l&rsquo;\u00e9nergie pour \u00eatre cultiv\u00e9, cr\u00e9\u00e9 ou exp\u00e9di\u00e9, qu&rsquo;il s&rsquo;agisse de ce que nous mangeons, de ce que nous portons ou du carburant de nos v\u00e9hicules. Cela g\u00e9n\u00e8re \u00e9galement des d\u00e9chets. Tout cela constitue notre empreinte carbone et affecte notre climat, entra\u00eenant le r\u00e9chauffement de la plan\u00e8te.     <br>Pour r\u00e9duire son empreinte carbone et son impact sur l&rsquo;environnement, Badia di Pomaio a entrepris une s\u00e9rie d&rsquo;actions visant \u00e0 pr\u00e9server les ressources et \u00e0 \u00e9viter les gaspillages inutiles.  <\/p>\t\t\t\t\t\t\t\t<\/div>\n\t\t\t\t<\/div>\n\t\t\t\t\t<\/div>\n\t\t<\/div>\n\t\t\t\t<div class=\"elementor-column elementor-col-16 elementor-top-column elementor-element elementor-element-543ad4a\" data-id=\"543ad4a\" data-element_type=\"column\" data-e-type=\"column\">\n\t\t\t<div class=\"elementor-widget-wrap\">\n\t\t\t\t\t\t\t<\/div>\n\t\t<\/div>\n\t\t\t\t\t<\/div>\n\t\t<\/section>\n\t\t\t\t<section class=\"elementor-section elementor-top-section elementor-element elementor-element-496cd50 elementor-section-full_width elementor-section-content-middle elementor-section-height-default elementor-section-height-default\" data-id=\"496cd50\" data-element_type=\"section\" data-e-type=\"section\" data-settings=\"{&quot;background_background&quot;:&quot;classic&quot;}\">\n\t\t\t\t\t\t<div class=\"elementor-container elementor-column-gap-no\">\n\t\t\t\t\t<div class=\"elementor-column elementor-col-50 elementor-top-column elementor-element elementor-element-a1f7cd2\" data-id=\"a1f7cd2\" data-element_type=\"column\" data-e-type=\"column\">\n\t\t\t<div class=\"elementor-widget-wrap elementor-element-populated\">\n\t\t\t\t\t\t<div class=\"elementor-element elementor-element-ceee310 elementor-widget elementor-widget-image\" data-id=\"ceee310\" data-element_type=\"widget\" data-e-type=\"widget\" data-widget_type=\"image.default\">\n\t\t\t\t<div class=\"elementor-widget-container\">\n\t\t\t\t\t\t\t\t\t\t\t\t\t\t\t<img fetchpriority=\"high\" decoding=\"async\" width=\"1000\" height=\"1000\" src=\"https:\/\/badiadipomaio.com\/wp-content\/uploads\/2021\/12\/carbon-footprint-detail.jpg\" class=\"attachment-full size-full wp-image-5788\" alt=\"\" srcset=\"https:\/\/badiadipomaio.com\/wp-content\/uploads\/2021\/12\/carbon-footprint-detail.jpg 1000w, https:\/\/badiadipomaio.com\/wp-content\/uploads\/2021\/12\/carbon-footprint-detail-300x300.jpg 300w, https:\/\/badiadipomaio.com\/wp-content\/uploads\/2021\/12\/carbon-footprint-detail-150x150.jpg 150w, https:\/\/badiadipomaio.com\/wp-content\/uploads\/2021\/12\/carbon-footprint-detail-768x768.jpg 768w, https:\/\/badiadipomaio.com\/wp-content\/uploads\/2021\/12\/carbon-footprint-detail-400x400.jpg 400w\" sizes=\"(max-width: 1000px) 100vw, 1000px\" \/>\t\t\t\t\t\t\t\t\t\t\t\t\t\t\t<\/div>\n\t\t\t\t<\/div>\n\t\t\t\t\t<\/div>\n\t\t<\/div>\n\t\t\t\t<div class=\"elementor-column elementor-col-50 elementor-top-column elementor-element elementor-element-eb3e600\" data-id=\"eb3e600\" data-element_type=\"column\" data-e-type=\"column\">\n\t\t\t<div class=\"elementor-widget-wrap elementor-element-populated\">\n\t\t\t\t\t\t<div class=\"elementor-element elementor-element-74d32cd elementor-widget elementor-widget-text-editor\" data-id=\"74d32cd\" data-element_type=\"widget\" data-e-type=\"widget\" data-widget_type=\"text-editor.default\">\n\t\t\t\t<div class=\"elementor-widget-container\">\n\t\t\t\t\t\t\t\t\t<p>Nous recyclons tout ce qui peut l&rsquo;\u00eatre et limitons l&rsquo;utilisation de mat\u00e9riaux nocifs, comme le plastique. La plupart des l\u00e9gumes, fruits et herbes aromatiques utilis\u00e9s par le restaurant sont cultiv\u00e9s sur notre territoire et nous achetons le reste localement, ce qui pr\u00e9sente le double avantage de r\u00e9duire la pollution due au transport et de soutenir les entreprises locales. <\/p><p>Nous produisons de l&rsquo;\u00e9nergie renouvelable gr\u00e2ce \u00e0 un syst\u00e8me de panneaux solaires et nous recevons de l&rsquo;eau fra\u00eeche et propre de notre propre puits, deux actions qui nous permettent d&rsquo;\u00e9conomiser de l&rsquo;\u00e9nergie et de pr\u00e9server les r\u00e9serves d&rsquo;eau souterraine. Nos d\u00e9chets sont transform\u00e9s en nourriture pour nos animaux ou en engrais biologique pour notre potager. <\/p><p>En plus de r\u00e9duire la d\u00e9gradation de notre environnement et de diminuer les niveaux de pollution, ces pratiques ont \u00e9galement un effet positif sur notre sant\u00e9. \u00c0 Badia di Pomaio, l&rsquo;air est pur et frais &#8211; gr\u00e2ce non seulement \u00e0 la pr\u00e9sence massive d&rsquo;arbres, mais aussi \u00e0 nos propres actions &#8211; et l&rsquo;eau est exempte de produits chimiques et filtr\u00e9e naturellement.   <\/p>\t\t\t\t\t\t\t\t<\/div>\n\t\t\t\t<\/div>\n\t\t\t\t\t<\/div>\n\t\t<\/div>\n\t\t\t\t\t<\/div>\n\t\t<\/section>\n\t\t\t\t<\/div>\n\t\t","protected":false},"excerpt":{"rendered":"<p>Empreinte carbone Toutes nos actions, aussi petites soient-elles, ont un effet \u00e0 plus grande \u00e9chelle. Tout ce que nous faisons et utilisons n\u00e9cessite de l&rsquo;\u00e9nergie&#8230; <a class=\"read-more\" style=\"text-decoration:underline;\" href=\"https:\/\/badiadipomaio.com\/fr\/la-durabilite\/lempreinte-ecologique\/\">Rouge plus ><\/a><\/p>\n","protected":false},"author":1,"featured_media":0,"parent":5797,"menu_order":0,"comment_status":"closed","ping_status":"closed","template":"elementor_header_footer","meta":{"_acf_changed":false,"footnotes":""},"class_list":["post-5805","page","type-page","status-publish","hentry"],"acf":[],"yoast_head":"<!-- This site is optimized with the Yoast SEO plugin v27.4 - https:\/\/yoast.com\/product\/yoast-seo-wordpress\/ -->\n<title>Empreinte carbone - Badia di Pomaio<\/title>\n<meta name=\"robots\" content=\"index, follow, max-snippet:-1, max-image-preview:large, max-video-preview:-1\" \/>\n<link rel=\"canonical\" href=\"https:\/\/badiadipomaio.com\/fr\/la-durabilite\/lempreinte-ecologique\/\" \/>\n<meta property=\"og:locale\" content=\"fr_FR\" \/>\n<meta property=\"og:type\" content=\"article\" \/>\n<meta property=\"og:title\" content=\"Empreinte carbone - Badia di Pomaio\" \/>\n<meta property=\"og:description\" content=\"Empreinte carbone Toutes nos actions, aussi petites soient-elles, ont un effet \u00e0 plus grande \u00e9chelle. Tout ce que nous faisons et utilisons n\u00e9cessite de l&rsquo;\u00e9nergie... Rouge plus &gt;\" \/>\n<meta property=\"og:url\" content=\"https:\/\/badiadipomaio.com\/fr\/la-durabilite\/lempreinte-ecologique\/\" \/>\n<meta property=\"og:site_name\" content=\"Badia di Pomaio\" \/>\n<meta property=\"article:modified_time\" content=\"2026-02-06T14:11:20+00:00\" \/>\n<meta property=\"og:image\" content=\"https:\/\/badiadipomaio.com\/wp-content\/uploads\/2021\/12\/carbon-footprint-detail.jpg\" \/>\n<meta name=\"twitter:card\" content=\"summary_large_image\" \/>\n<meta name=\"twitter:label1\" content=\"Dur\u00e9e de lecture estim\u00e9e\" \/>\n\t<meta name=\"twitter:data1\" content=\"2 minutes\" \/>\n<script type=\"application\/ld+json\" class=\"yoast-schema-graph\">{\"@context\":\"https:\\\/\\\/schema.org\",\"@graph\":[{\"@type\":\"WebPage\",\"@id\":\"https:\\\/\\\/badiadipomaio.com\\\/fr\\\/la-durabilite\\\/lempreinte-ecologique\\\/\",\"url\":\"https:\\\/\\\/badiadipomaio.com\\\/fr\\\/la-durabilite\\\/lempreinte-ecologique\\\/\",\"name\":\"Empreinte carbone - Badia di Pomaio\",\"isPartOf\":{\"@id\":\"https:\\\/\\\/badiadipomaio.com\\\/#website\"},\"primaryImageOfPage\":{\"@id\":\"https:\\\/\\\/badiadipomaio.com\\\/fr\\\/la-durabilite\\\/lempreinte-ecologique\\\/#primaryimage\"},\"image\":{\"@id\":\"https:\\\/\\\/badiadipomaio.com\\\/fr\\\/la-durabilite\\\/lempreinte-ecologique\\\/#primaryimage\"},\"thumbnailUrl\":\"https:\\\/\\\/badiadipomaio.com\\\/wp-content\\\/uploads\\\/2021\\\/12\\\/carbon-footprint-detail.jpg\",\"datePublished\":\"2021-12-20T10:08:50+00:00\",\"dateModified\":\"2026-02-06T14:11:20+00:00\",\"breadcrumb\":{\"@id\":\"https:\\\/\\\/badiadipomaio.com\\\/fr\\\/la-durabilite\\\/lempreinte-ecologique\\\/#breadcrumb\"},\"inLanguage\":\"fr-FR\",\"potentialAction\":[{\"@type\":\"ReadAction\",\"target\":[\"https:\\\/\\\/badiadipomaio.com\\\/fr\\\/la-durabilite\\\/lempreinte-ecologique\\\/\"]}]},{\"@type\":\"ImageObject\",\"inLanguage\":\"fr-FR\",\"@id\":\"https:\\\/\\\/badiadipomaio.com\\\/fr\\\/la-durabilite\\\/lempreinte-ecologique\\\/#primaryimage\",\"url\":\"https:\\\/\\\/badiadipomaio.com\\\/wp-content\\\/uploads\\\/2021\\\/12\\\/carbon-footprint-detail.jpg\",\"contentUrl\":\"https:\\\/\\\/badiadipomaio.com\\\/wp-content\\\/uploads\\\/2021\\\/12\\\/carbon-footprint-detail.jpg\"},{\"@type\":\"BreadcrumbList\",\"@id\":\"https:\\\/\\\/badiadipomaio.com\\\/fr\\\/la-durabilite\\\/lempreinte-ecologique\\\/#breadcrumb\",\"itemListElement\":[{\"@type\":\"ListItem\",\"position\":1,\"name\":\"Home\",\"item\":\"https:\\\/\\\/badiadipomaio.com\\\/fr\\\/home\\\/\"},{\"@type\":\"ListItem\",\"position\":2,\"name\":\"Durabilit\u00e9\",\"item\":\"https:\\\/\\\/badiadipomaio.com\\\/fr\\\/la-durabilite\\\/\"},{\"@type\":\"ListItem\",\"position\":3,\"name\":\"Empreinte carbone\"}]},{\"@type\":\"WebSite\",\"@id\":\"https:\\\/\\\/badiadipomaio.com\\\/#website\",\"url\":\"https:\\\/\\\/badiadipomaio.com\\\/\",\"name\":\"Badia di Pomaio\",\"description\":\"\",\"publisher\":{\"@id\":\"https:\\\/\\\/badiadipomaio.com\\\/#organization\"},\"potentialAction\":[{\"@type\":\"SearchAction\",\"target\":{\"@type\":\"EntryPoint\",\"urlTemplate\":\"https:\\\/\\\/badiadipomaio.com\\\/?s={search_term_string}\"},\"query-input\":{\"@type\":\"PropertyValueSpecification\",\"valueRequired\":true,\"valueName\":\"search_term_string\"}}],\"inLanguage\":\"fr-FR\"},{\"@type\":\"Organization\",\"@id\":\"https:\\\/\\\/badiadipomaio.com\\\/#organization\",\"name\":\"Badia di Pomaio\",\"url\":\"https:\\\/\\\/badiadipomaio.com\\\/\",\"logo\":{\"@type\":\"ImageObject\",\"inLanguage\":\"fr-FR\",\"@id\":\"https:\\\/\\\/badiadipomaio.com\\\/#\\\/schema\\\/logo\\\/image\\\/\",\"url\":\"https:\\\/\\\/badiadipomaio.com\\\/wp-content\\\/uploads\\\/2020\\\/11\\\/bdp_logo.png\",\"contentUrl\":\"https:\\\/\\\/badiadipomaio.com\\\/wp-content\\\/uploads\\\/2020\\\/11\\\/bdp_logo.png\",\"width\":368,\"height\":117,\"caption\":\"Badia di Pomaio\"},\"image\":{\"@id\":\"https:\\\/\\\/badiadipomaio.com\\\/#\\\/schema\\\/logo\\\/image\\\/\"}}]}<\/script>\n<!-- \/ Yoast SEO plugin. -->","yoast_head_json":{"title":"Empreinte carbone - Badia di Pomaio","robots":{"index":"index","follow":"follow","max-snippet":"max-snippet:-1","max-image-preview":"max-image-preview:large","max-video-preview":"max-video-preview:-1"},"canonical":"https:\/\/badiadipomaio.com\/fr\/la-durabilite\/lempreinte-ecologique\/","og_locale":"fr_FR","og_type":"article","og_title":"Empreinte carbone - Badia di Pomaio","og_description":"Empreinte carbone Toutes nos actions, aussi petites soient-elles, ont un effet \u00e0 plus grande \u00e9chelle. Tout ce que nous faisons et utilisons n\u00e9cessite de l&rsquo;\u00e9nergie... Rouge plus >","og_url":"https:\/\/badiadipomaio.com\/fr\/la-durabilite\/lempreinte-ecologique\/","og_site_name":"Badia di Pomaio","article_modified_time":"2026-02-06T14:11:20+00:00","og_image":[{"url":"https:\/\/badiadipomaio.com\/wp-content\/uploads\/2021\/12\/carbon-footprint-detail.jpg","type":"","width":"","height":""}],"twitter_card":"summary_large_image","twitter_misc":{"Dur\u00e9e de lecture estim\u00e9e":"2 minutes"},"schema":{"@context":"https:\/\/schema.org","@graph":[{"@type":"WebPage","@id":"https:\/\/badiadipomaio.com\/fr\/la-durabilite\/lempreinte-ecologique\/","url":"https:\/\/badiadipomaio.com\/fr\/la-durabilite\/lempreinte-ecologique\/","name":"Empreinte carbone - Badia di Pomaio","isPartOf":{"@id":"https:\/\/badiadipomaio.com\/#website"},"primaryImageOfPage":{"@id":"https:\/\/badiadipomaio.com\/fr\/la-durabilite\/lempreinte-ecologique\/#primaryimage"},"image":{"@id":"https:\/\/badiadipomaio.com\/fr\/la-durabilite\/lempreinte-ecologique\/#primaryimage"},"thumbnailUrl":"https:\/\/badiadipomaio.com\/wp-content\/uploads\/2021\/12\/carbon-footprint-detail.jpg","datePublished":"2021-12-20T10:08:50+00:00","dateModified":"2026-02-06T14:11:20+00:00","breadcrumb":{"@id":"https:\/\/badiadipomaio.com\/fr\/la-durabilite\/lempreinte-ecologique\/#breadcrumb"},"inLanguage":"fr-FR","potentialAction":[{"@type":"ReadAction","target":["https:\/\/badiadipomaio.com\/fr\/la-durabilite\/lempreinte-ecologique\/"]}]},{"@type":"ImageObject","inLanguage":"fr-FR","@id":"https:\/\/badiadipomaio.com\/fr\/la-durabilite\/lempreinte-ecologique\/#primaryimage","url":"https:\/\/badiadipomaio.com\/wp-content\/uploads\/2021\/12\/carbon-footprint-detail.jpg","contentUrl":"https:\/\/badiadipomaio.com\/wp-content\/uploads\/2021\/12\/carbon-footprint-detail.jpg"},{"@type":"BreadcrumbList","@id":"https:\/\/badiadipomaio.com\/fr\/la-durabilite\/lempreinte-ecologique\/#breadcrumb","itemListElement":[{"@type":"ListItem","position":1,"name":"Home","item":"https:\/\/badiadipomaio.com\/fr\/home\/"},{"@type":"ListItem","position":2,"name":"Durabilit\u00e9","item":"https:\/\/badiadipomaio.com\/fr\/la-durabilite\/"},{"@type":"ListItem","position":3,"name":"Empreinte carbone"}]},{"@type":"WebSite","@id":"https:\/\/badiadipomaio.com\/#website","url":"https:\/\/badiadipomaio.com\/","name":"Badia di Pomaio","description":"","publisher":{"@id":"https:\/\/badiadipomaio.com\/#organization"},"potentialAction":[{"@type":"SearchAction","target":{"@type":"EntryPoint","urlTemplate":"https:\/\/badiadipomaio.com\/?s={search_term_string}"},"query-input":{"@type":"PropertyValueSpecification","valueRequired":true,"valueName":"search_term_string"}}],"inLanguage":"fr-FR"},{"@type":"Organization","@id":"https:\/\/badiadipomaio.com\/#organization","name":"Badia di Pomaio","url":"https:\/\/badiadipomaio.com\/","logo":{"@type":"ImageObject","inLanguage":"fr-FR","@id":"https:\/\/badiadipomaio.com\/#\/schema\/logo\/image\/","url":"https:\/\/badiadipomaio.com\/wp-content\/uploads\/2020\/11\/bdp_logo.png","contentUrl":"https:\/\/badiadipomaio.com\/wp-content\/uploads\/2020\/11\/bdp_logo.png","width":368,"height":117,"caption":"Badia di Pomaio"},"image":{"@id":"https:\/\/badiadipomaio.com\/#\/schema\/logo\/image\/"}}]}},"_links":{"self":[{"href":"https:\/\/badiadipomaio.com\/fr\/wp-json\/wp\/v2\/pages\/5805","targetHints":{"allow":["GET"]}}],"collection":[{"href":"https:\/\/badiadipomaio.com\/fr\/wp-json\/wp\/v2\/pages"}],"about":[{"href":"https:\/\/badiadipomaio.com\/fr\/wp-json\/wp\/v2\/types\/page"}],"author":[{"embeddable":true,"href":"https:\/\/badiadipomaio.com\/fr\/wp-json\/wp\/v2\/users\/1"}],"replies":[{"embeddable":true,"href":"https:\/\/badiadipomaio.com\/fr\/wp-json\/wp\/v2\/comments?post=5805"}],"version-history":[{"count":6,"href":"https:\/\/badiadipomaio.com\/fr\/wp-json\/wp\/v2\/pages\/5805\/revisions"}],"predecessor-version":[{"id":8624,"href":"https:\/\/badiadipomaio.com\/fr\/wp-json\/wp\/v2\/pages\/5805\/revisions\/8624"}],"up":[{"embeddable":true,"href":"https:\/\/badiadipomaio.com\/fr\/wp-json\/wp\/v2\/pages\/5797"}],"wp:attachment":[{"href":"https:\/\/badiadipomaio.com\/fr\/wp-json\/wp\/v2\/media?parent=5805"}],"curies":[{"name":"wp","href":"https:\/\/api.w.org\/{rel}","templated":true}]}}