{"id":8645,"date":"2026-02-06T15:11:23","date_gmt":"2026-02-06T14:11:23","guid":{"rendered":"https:\/\/badiadipomaio.com\/energia\/"},"modified":"2026-02-06T15:11:26","modified_gmt":"2026-02-06T14:11:26","slug":"energia","status":"publish","type":"page","link":"https:\/\/badiadipomaio.com\/es\/energia\/","title":{"rendered":"Energ\u00eda"},"content":{"rendered":"\t\t<div data-elementor-type=\"wp-page\" data-elementor-id=\"8645\" class=\"elementor elementor-8645 elementor-5316\">\n\t\t\t\t\t\t<section class=\"elementor-section elementor-top-section elementor-element elementor-element-107ba66 page-title text-white elementor-section-height-min-height elementor-section-items-bottom elementor-section-boxed elementor-section-height-default\" data-id=\"107ba66\" data-element_type=\"section\" data-e-type=\"section\" data-settings=\"{&quot;background_background&quot;:&quot;classic&quot;}\">\n\t\t\t\t\t\t\t<div class=\"elementor-background-overlay\"><\/div>\n\t\t\t\t\t\t\t<div class=\"elementor-container elementor-column-gap-default\">\n\t\t\t\t\t<div class=\"elementor-column elementor-col-100 elementor-top-column elementor-element elementor-element-24bc7e8\" data-id=\"24bc7e8\" data-element_type=\"column\" data-e-type=\"column\">\n\t\t\t<div class=\"elementor-widget-wrap elementor-element-populated\">\n\t\t\t\t\t\t<div class=\"elementor-element elementor-element-9a6183b elementor-widget elementor-widget-text-editor\" data-id=\"9a6183b\" data-element_type=\"widget\" data-e-type=\"widget\" data-widget_type=\"text-editor.default\">\n\t\t\t\t<div class=\"elementor-widget-container\">\n\t\t\t\t\t\t\t\t\t<h1 style=\"text-align: center;\">Energ\u00eda<\/h1>\t\t\t\t\t\t\t\t<\/div>\n\t\t\t\t<\/div>\n\t\t\t\t\t<\/div>\n\t\t<\/div>\n\t\t\t\t\t<\/div>\n\t\t<\/section>\n\t\t\t\t<section class=\"elementor-section elementor-top-section elementor-element elementor-element-a0a648c elementor-section-boxed elementor-section-height-default elementor-section-height-default\" data-id=\"a0a648c\" data-element_type=\"section\" data-e-type=\"section\" data-settings=\"{&quot;background_background&quot;:&quot;classic&quot;}\">\n\t\t\t\t\t\t<div class=\"elementor-container elementor-column-gap-default\">\n\t\t\t\t\t<div class=\"elementor-column elementor-col-16 elementor-top-column elementor-element elementor-element-d8df054\" data-id=\"d8df054\" data-element_type=\"column\" data-e-type=\"column\">\n\t\t\t<div class=\"elementor-widget-wrap\">\n\t\t\t\t\t\t\t<\/div>\n\t\t<\/div>\n\t\t\t\t<div class=\"elementor-column elementor-col-66 elementor-top-column elementor-element elementor-element-d91a014\" data-id=\"d91a014\" data-element_type=\"column\" data-e-type=\"column\">\n\t\t\t<div class=\"elementor-widget-wrap elementor-element-populated\">\n\t\t\t\t\t\t<div class=\"elementor-element elementor-element-9e33d2d elementor-widget elementor-widget-text-editor\" data-id=\"9e33d2d\" data-element_type=\"widget\" data-e-type=\"widget\" data-widget_type=\"text-editor.default\">\n\t\t\t\t<div class=\"elementor-widget-container\">\n\t\t\t\t\t\t\t\t\t<p style=\"text-align: center;\">Un sistema de paneles solares capta la energ\u00eda necesaria para que el hotel genere suficiente electricidad renovable para mantenerse. La energ\u00eda sobrante se almacena y se utiliza para calentar el agua y los toalleros de los ba\u00f1os. <\/p><p style=\"text-align: center;\">Uno de los sistemas que ponemos en pr\u00e1ctica para lograr altos niveles de eficiencia energ\u00e9tica y almacenamiento es el uso de iluminaci\u00f3n inteligente. Las luces del exterior del edificio y de las zonas comunes est\u00e1n automatizadas y se encienden y apagan a horas determinadas, en funci\u00f3n de la hora de salida y puesta del sol. <\/p>\t\t\t\t\t\t\t\t<\/div>\n\t\t\t\t<\/div>\n\t\t\t\t\t<\/div>\n\t\t<\/div>\n\t\t\t\t<div class=\"elementor-column elementor-col-16 elementor-top-column elementor-element elementor-element-543ad4a\" data-id=\"543ad4a\" data-element_type=\"column\" data-e-type=\"column\">\n\t\t\t<div class=\"elementor-widget-wrap\">\n\t\t\t\t\t\t\t<\/div>\n\t\t<\/div>\n\t\t\t\t\t<\/div>\n\t\t<\/section>\n\t\t\t\t<section class=\"elementor-section elementor-top-section elementor-element elementor-element-2b9c36e elementor-section-full_width elementor-section-content-middle elementor-section-height-default elementor-section-height-default\" data-id=\"2b9c36e\" data-element_type=\"section\" data-e-type=\"section\" data-settings=\"{&quot;background_background&quot;:&quot;classic&quot;}\">\n\t\t\t\t\t\t<div class=\"elementor-container elementor-column-gap-no\">\n\t\t\t\t\t<div class=\"elementor-column elementor-col-50 elementor-top-column elementor-element elementor-element-b3eb459\" data-id=\"b3eb459\" data-element_type=\"column\" data-e-type=\"column\">\n\t\t\t<div class=\"elementor-widget-wrap elementor-element-populated\">\n\t\t\t\t\t\t<div class=\"elementor-element elementor-element-0671c23 elementor-widget elementor-widget-image\" data-id=\"0671c23\" data-element_type=\"widget\" data-e-type=\"widget\" data-widget_type=\"image.default\">\n\t\t\t\t<div class=\"elementor-widget-container\">\n\t\t\t\t\t\t\t\t\t\t\t\t\t\t\t<img fetchpriority=\"high\" decoding=\"async\" width=\"1000\" height=\"1000\" src=\"https:\/\/badiadipomaio.com\/wp-content\/uploads\/2021\/11\/energy-details.jpg\" class=\"attachment-full size-full wp-image-5474\" alt=\"\" srcset=\"https:\/\/badiadipomaio.com\/wp-content\/uploads\/2021\/11\/energy-details.jpg 1000w, https:\/\/badiadipomaio.com\/wp-content\/uploads\/2021\/11\/energy-details-300x300.jpg 300w, https:\/\/badiadipomaio.com\/wp-content\/uploads\/2021\/11\/energy-details-150x150.jpg 150w, https:\/\/badiadipomaio.com\/wp-content\/uploads\/2021\/11\/energy-details-768x768.jpg 768w, https:\/\/badiadipomaio.com\/wp-content\/uploads\/2021\/11\/energy-details-400x400.jpg 400w\" sizes=\"(max-width: 1000px) 100vw, 1000px\" \/>\t\t\t\t\t\t\t\t\t\t\t\t\t\t\t<\/div>\n\t\t\t\t<\/div>\n\t\t\t\t\t<\/div>\n\t\t<\/div>\n\t\t\t\t<div class=\"elementor-column elementor-col-50 elementor-top-column elementor-element elementor-element-9f79260\" data-id=\"9f79260\" data-element_type=\"column\" data-e-type=\"column\">\n\t\t\t<div class=\"elementor-widget-wrap elementor-element-populated\">\n\t\t\t\t\t\t<div class=\"elementor-element elementor-element-563db3b elementor-widget elementor-widget-text-editor\" data-id=\"563db3b\" data-element_type=\"widget\" data-e-type=\"widget\" data-widget_type=\"text-editor.default\">\n\t\t\t\t<div class=\"elementor-widget-container\">\n\t\t\t\t\t\t\t\t\t<p>Las luces de las habitaciones est\u00e1n conectadas a un sistema de tarjetas inteligentes y se encienden s\u00f3lo cuando los hu\u00e9spedes est\u00e1n dentro y la tarjeta est\u00e1 insertada en su ranura. Las tarjetas inteligentes tambi\u00e9n controlan el sistema de aire acondicionado y calefacci\u00f3n de las habitaciones, que, como medida adicional para evitar la dispersi\u00f3n de energ\u00eda, se apaga autom\u00e1ticamente cuando se abren las ventanas. <\/p><p>Como muchos de nuestros hu\u00e9spedes viajan con coches el\u00e9ctricos, recientemente hemos instalado una columna de carga para que puedan utilizarla.<\/p>\t\t\t\t\t\t\t\t<\/div>\n\t\t\t\t<\/div>\n\t\t\t\t\t<\/div>\n\t\t<\/div>\n\t\t\t\t\t<\/div>\n\t\t<\/section>\n\t\t\t\t<\/div>\n\t\t","protected":false},"excerpt":{"rendered":"<p>Energ\u00eda Un sistema de paneles solares capta la energ\u00eda necesaria para que el hotel genere suficiente electricidad renovable para mantenerse. La energ\u00eda sobrante se almacena&#8230; <a class=\"read-more\" style=\"text-decoration:underline;\" href=\"https:\/\/badiadipomaio.com\/es\/energia\/\">Read more ><\/a><\/p>\n","protected":false},"author":1,"featured_media":0,"parent":0,"menu_order":0,"comment_status":"closed","ping_status":"closed","template":"elementor_header_footer","meta":{"_acf_changed":false,"footnotes":""},"class_list":["post-8645","page","type-page","status-publish","hentry"],"acf":[],"yoast_head":"<!-- This site is optimized with the Yoast SEO plugin v27.0 - https:\/\/yoast.com\/product\/yoast-seo-wordpress\/ -->\n<title>Energ\u00eda - Badia di Pomaio<\/title>\n<meta name=\"robots\" content=\"index, follow, max-snippet:-1, max-image-preview:large, max-video-preview:-1\" \/>\n<link rel=\"canonical\" href=\"https:\/\/badiadipomaio.com\/es\/energia\/\" \/>\n<meta property=\"og:locale\" content=\"es_ES\" \/>\n<meta property=\"og:type\" content=\"article\" \/>\n<meta property=\"og:title\" content=\"Energ\u00eda - Badia di Pomaio\" \/>\n<meta property=\"og:description\" content=\"Energ\u00eda Un sistema de paneles solares capta la energ\u00eda necesaria para que el hotel genere suficiente electricidad renovable para mantenerse. La energ\u00eda sobrante se almacena... Read more &gt;\" \/>\n<meta property=\"og:url\" content=\"https:\/\/badiadipomaio.com\/es\/energia\/\" \/>\n<meta property=\"og:site_name\" content=\"Badia di Pomaio\" \/>\n<meta property=\"article:modified_time\" content=\"2026-02-06T14:11:26+00:00\" \/>\n<meta property=\"og:image\" content=\"https:\/\/badiadipomaio.com\/wp-content\/uploads\/2021\/11\/energy-details.jpg\" \/>\n<meta name=\"twitter:card\" content=\"summary_large_image\" \/>\n<meta name=\"twitter:label1\" content=\"Tiempo de lectura\" \/>\n\t<meta name=\"twitter:data1\" content=\"1 minuto\" \/>\n<script type=\"application\/ld+json\" class=\"yoast-schema-graph\">{\"@context\":\"https:\/\/schema.org\",\"@graph\":[{\"@type\":\"WebPage\",\"@id\":\"https:\/\/badiadipomaio.com\/es\/energia\/\",\"url\":\"https:\/\/badiadipomaio.com\/es\/energia\/\",\"name\":\"Energ\u00eda - Badia di Pomaio\",\"isPartOf\":{\"@id\":\"https:\/\/badiadipomaio.com\/#website\"},\"primaryImageOfPage\":{\"@id\":\"https:\/\/badiadipomaio.com\/es\/energia\/#primaryimage\"},\"image\":{\"@id\":\"https:\/\/badiadipomaio.com\/es\/energia\/#primaryimage\"},\"thumbnailUrl\":\"https:\/\/badiadipomaio.com\/wp-content\/uploads\/2021\/11\/energy-details.jpg\",\"datePublished\":\"2026-02-06T14:11:23+00:00\",\"dateModified\":\"2026-02-06T14:11:26+00:00\",\"breadcrumb\":{\"@id\":\"https:\/\/badiadipomaio.com\/es\/energia\/#breadcrumb\"},\"inLanguage\":\"es\",\"potentialAction\":[{\"@type\":\"ReadAction\",\"target\":[\"https:\/\/badiadipomaio.com\/es\/energia\/\"]}]},{\"@type\":\"ImageObject\",\"inLanguage\":\"es\",\"@id\":\"https:\/\/badiadipomaio.com\/es\/energia\/#primaryimage\",\"url\":\"https:\/\/badiadipomaio.com\/wp-content\/uploads\/2021\/11\/energy-details.jpg\",\"contentUrl\":\"https:\/\/badiadipomaio.com\/wp-content\/uploads\/2021\/11\/energy-details.jpg\"},{\"@type\":\"BreadcrumbList\",\"@id\":\"https:\/\/badiadipomaio.com\/es\/energia\/#breadcrumb\",\"itemListElement\":[{\"@type\":\"ListItem\",\"position\":1,\"name\":\"Home\",\"item\":\"https:\/\/badiadipomaio.com\/es\/\"},{\"@type\":\"ListItem\",\"position\":2,\"name\":\"Energ\u00eda\"}]},{\"@type\":\"WebSite\",\"@id\":\"https:\/\/badiadipomaio.com\/#website\",\"url\":\"https:\/\/badiadipomaio.com\/\",\"name\":\"Badia di Pomaio\",\"description\":\"\",\"publisher\":{\"@id\":\"https:\/\/badiadipomaio.com\/#organization\"},\"potentialAction\":[{\"@type\":\"SearchAction\",\"target\":{\"@type\":\"EntryPoint\",\"urlTemplate\":\"https:\/\/badiadipomaio.com\/?s={search_term_string}\"},\"query-input\":{\"@type\":\"PropertyValueSpecification\",\"valueRequired\":true,\"valueName\":\"search_term_string\"}}],\"inLanguage\":\"es\"},{\"@type\":\"Organization\",\"@id\":\"https:\/\/badiadipomaio.com\/#organization\",\"name\":\"Badia di Pomaio\",\"url\":\"https:\/\/badiadipomaio.com\/\",\"logo\":{\"@type\":\"ImageObject\",\"inLanguage\":\"es\",\"@id\":\"https:\/\/badiadipomaio.com\/#\/schema\/logo\/image\/\",\"url\":\"https:\/\/badiadipomaio.com\/wp-content\/uploads\/2020\/11\/bdp_logo.png\",\"contentUrl\":\"https:\/\/badiadipomaio.com\/wp-content\/uploads\/2020\/11\/bdp_logo.png\",\"width\":368,\"height\":117,\"caption\":\"Badia di Pomaio\"},\"image\":{\"@id\":\"https:\/\/badiadipomaio.com\/#\/schema\/logo\/image\/\"}}]}<\/script>\n<!-- \/ Yoast SEO plugin. -->","yoast_head_json":{"title":"Energ\u00eda - Badia di Pomaio","robots":{"index":"index","follow":"follow","max-snippet":"max-snippet:-1","max-image-preview":"max-image-preview:large","max-video-preview":"max-video-preview:-1"},"canonical":"https:\/\/badiadipomaio.com\/es\/energia\/","og_locale":"es_ES","og_type":"article","og_title":"Energ\u00eda - Badia di Pomaio","og_description":"Energ\u00eda Un sistema de paneles solares capta la energ\u00eda necesaria para que el hotel genere suficiente electricidad renovable para mantenerse. La energ\u00eda sobrante se almacena... Read more >","og_url":"https:\/\/badiadipomaio.com\/es\/energia\/","og_site_name":"Badia di Pomaio","article_modified_time":"2026-02-06T14:11:26+00:00","og_image":[{"url":"https:\/\/badiadipomaio.com\/wp-content\/uploads\/2021\/11\/energy-details.jpg","type":"","width":"","height":""}],"twitter_card":"summary_large_image","twitter_misc":{"Tiempo de lectura":"1 minuto"},"schema":{"@context":"https:\/\/schema.org","@graph":[{"@type":"WebPage","@id":"https:\/\/badiadipomaio.com\/es\/energia\/","url":"https:\/\/badiadipomaio.com\/es\/energia\/","name":"Energ\u00eda - Badia di Pomaio","isPartOf":{"@id":"https:\/\/badiadipomaio.com\/#website"},"primaryImageOfPage":{"@id":"https:\/\/badiadipomaio.com\/es\/energia\/#primaryimage"},"image":{"@id":"https:\/\/badiadipomaio.com\/es\/energia\/#primaryimage"},"thumbnailUrl":"https:\/\/badiadipomaio.com\/wp-content\/uploads\/2021\/11\/energy-details.jpg","datePublished":"2026-02-06T14:11:23+00:00","dateModified":"2026-02-06T14:11:26+00:00","breadcrumb":{"@id":"https:\/\/badiadipomaio.com\/es\/energia\/#breadcrumb"},"inLanguage":"es","potentialAction":[{"@type":"ReadAction","target":["https:\/\/badiadipomaio.com\/es\/energia\/"]}]},{"@type":"ImageObject","inLanguage":"es","@id":"https:\/\/badiadipomaio.com\/es\/energia\/#primaryimage","url":"https:\/\/badiadipomaio.com\/wp-content\/uploads\/2021\/11\/energy-details.jpg","contentUrl":"https:\/\/badiadipomaio.com\/wp-content\/uploads\/2021\/11\/energy-details.jpg"},{"@type":"BreadcrumbList","@id":"https:\/\/badiadipomaio.com\/es\/energia\/#breadcrumb","itemListElement":[{"@type":"ListItem","position":1,"name":"Home","item":"https:\/\/badiadipomaio.com\/es\/"},{"@type":"ListItem","position":2,"name":"Energ\u00eda"}]},{"@type":"WebSite","@id":"https:\/\/badiadipomaio.com\/#website","url":"https:\/\/badiadipomaio.com\/","name":"Badia di Pomaio","description":"","publisher":{"@id":"https:\/\/badiadipomaio.com\/#organization"},"potentialAction":[{"@type":"SearchAction","target":{"@type":"EntryPoint","urlTemplate":"https:\/\/badiadipomaio.com\/?s={search_term_string}"},"query-input":{"@type":"PropertyValueSpecification","valueRequired":true,"valueName":"search_term_string"}}],"inLanguage":"es"},{"@type":"Organization","@id":"https:\/\/badiadipomaio.com\/#organization","name":"Badia di Pomaio","url":"https:\/\/badiadipomaio.com\/","logo":{"@type":"ImageObject","inLanguage":"es","@id":"https:\/\/badiadipomaio.com\/#\/schema\/logo\/image\/","url":"https:\/\/badiadipomaio.com\/wp-content\/uploads\/2020\/11\/bdp_logo.png","contentUrl":"https:\/\/badiadipomaio.com\/wp-content\/uploads\/2020\/11\/bdp_logo.png","width":368,"height":117,"caption":"Badia di Pomaio"},"image":{"@id":"https:\/\/badiadipomaio.com\/#\/schema\/logo\/image\/"}}]}},"_links":{"self":[{"href":"https:\/\/badiadipomaio.com\/es\/wp-json\/wp\/v2\/pages\/8645","targetHints":{"allow":["GET"]}}],"collection":[{"href":"https:\/\/badiadipomaio.com\/es\/wp-json\/wp\/v2\/pages"}],"about":[{"href":"https:\/\/badiadipomaio.com\/es\/wp-json\/wp\/v2\/types\/page"}],"author":[{"embeddable":true,"href":"https:\/\/badiadipomaio.com\/es\/wp-json\/wp\/v2\/users\/1"}],"replies":[{"embeddable":true,"href":"https:\/\/badiadipomaio.com\/es\/wp-json\/wp\/v2\/comments?post=8645"}],"version-history":[{"count":1,"href":"https:\/\/badiadipomaio.com\/es\/wp-json\/wp\/v2\/pages\/8645\/revisions"}],"predecessor-version":[{"id":8647,"href":"https:\/\/badiadipomaio.com\/es\/wp-json\/wp\/v2\/pages\/8645\/revisions\/8647"}],"wp:attachment":[{"href":"https:\/\/badiadipomaio.com\/es\/wp-json\/wp\/v2\/media?parent=8645"}],"curies":[{"name":"wp","href":"https:\/\/api.w.org\/{rel}","templated":true}]}}