{"id":8595,"date":"2026-02-06T15:11:05","date_gmt":"2026-02-06T14:11:05","guid":{"rendered":"https:\/\/badiadipomaio.com\/restauracion-sostenible\/"},"modified":"2026-02-06T15:11:23","modified_gmt":"2026-02-06T14:11:23","slug":"restauracion-sostenible","status":"publish","type":"page","link":"https:\/\/badiadipomaio.com\/es\/sostenibilidad\/restauracion-sostenible\/","title":{"rendered":"Restauraci\u00f3n sostenible"},"content":{"rendered":"\t\t<div data-elementor-type=\"wp-page\" data-elementor-id=\"8595\" class=\"elementor elementor-8595 elementor-5411\">\n\t\t\t\t\t\t<section class=\"elementor-section elementor-top-section elementor-element elementor-element-107ba66 page-title text-white elementor-section-height-min-height elementor-section-items-bottom elementor-section-boxed elementor-section-height-default\" data-id=\"107ba66\" data-element_type=\"section\" data-e-type=\"section\" data-settings=\"{&quot;background_background&quot;:&quot;classic&quot;}\">\n\t\t\t\t\t\t\t<div class=\"elementor-background-overlay\"><\/div>\n\t\t\t\t\t\t\t<div class=\"elementor-container elementor-column-gap-default\">\n\t\t\t\t\t<div class=\"elementor-column elementor-col-100 elementor-top-column elementor-element elementor-element-24bc7e8\" data-id=\"24bc7e8\" data-element_type=\"column\" data-e-type=\"column\">\n\t\t\t<div class=\"elementor-widget-wrap elementor-element-populated\">\n\t\t\t\t\t\t<div class=\"elementor-element elementor-element-9a6183b elementor-widget elementor-widget-text-editor\" data-id=\"9a6183b\" data-element_type=\"widget\" data-e-type=\"widget\" data-widget_type=\"text-editor.default\">\n\t\t\t\t<div class=\"elementor-widget-container\">\n\t\t\t\t\t\t\t\t\t<h1 style=\"text-align: center;\">Restauraci\u00f3n sostenible<\/h1>\t\t\t\t\t\t\t\t<\/div>\n\t\t\t\t<\/div>\n\t\t\t\t\t<\/div>\n\t\t<\/div>\n\t\t\t\t\t<\/div>\n\t\t<\/section>\n\t\t\t\t<section class=\"elementor-section elementor-top-section elementor-element elementor-element-a0a648c elementor-section-boxed elementor-section-height-default elementor-section-height-default\" data-id=\"a0a648c\" data-element_type=\"section\" data-e-type=\"section\" data-settings=\"{&quot;background_background&quot;:&quot;classic&quot;}\">\n\t\t\t\t\t\t<div class=\"elementor-container elementor-column-gap-default\">\n\t\t\t\t\t<div class=\"elementor-column elementor-col-16 elementor-top-column elementor-element elementor-element-d8df054\" data-id=\"d8df054\" data-element_type=\"column\" data-e-type=\"column\">\n\t\t\t<div class=\"elementor-widget-wrap\">\n\t\t\t\t\t\t\t<\/div>\n\t\t<\/div>\n\t\t\t\t<div class=\"elementor-column elementor-col-66 elementor-top-column elementor-element elementor-element-d91a014\" data-id=\"d91a014\" data-element_type=\"column\" data-e-type=\"column\">\n\t\t\t<div class=\"elementor-widget-wrap elementor-element-populated\">\n\t\t\t\t\t\t<div class=\"elementor-element elementor-element-9e33d2d elementor-widget elementor-widget-text-editor\" data-id=\"9e33d2d\" data-element_type=\"widget\" data-e-type=\"widget\" data-widget_type=\"text-editor.default\">\n\t\t\t\t<div class=\"elementor-widget-container\">\n\t\t\t\t\t\t\t\t\t<p style=\"text-align: center;\">No s\u00f3lo el hotel de Badia di Pomaio, sino tambi\u00e9n el restaurante desempe\u00f1an un gran papel en la salvaguarda de nuestro medio ambiente.<\/p><p style=\"text-align: center;\">Nuestra cocina est\u00e1 estrechamente vinculada a la cultura gastron\u00f3mica de nuestro pa\u00eds en general y de nuestra regi\u00f3n en particular. Creemos que la conservaci\u00f3n del rico patrimonio y la historia de Italia debe formar parte de nuestro compromiso de proteger nuestro medio ambiente. Para ello, utilizamos exclusivamente productos biol\u00f3gicos cultivados por nosotros mismos en nuestro territorio o comprados a peque\u00f1os productores locales.  <\/p>\t\t\t\t\t\t\t\t<\/div>\n\t\t\t\t<\/div>\n\t\t\t\t\t<\/div>\n\t\t<\/div>\n\t\t\t\t<div class=\"elementor-column elementor-col-16 elementor-top-column elementor-element elementor-element-543ad4a\" data-id=\"543ad4a\" data-element_type=\"column\" data-e-type=\"column\">\n\t\t\t<div class=\"elementor-widget-wrap\">\n\t\t\t\t\t\t\t<\/div>\n\t\t<\/div>\n\t\t\t\t\t<\/div>\n\t\t<\/section>\n\t\t\t\t<section class=\"elementor-section elementor-top-section elementor-element elementor-element-b2e46ec elementor-section-full_width elementor-section-content-middle elementor-section-height-default elementor-section-height-default\" data-id=\"b2e46ec\" data-element_type=\"section\" data-e-type=\"section\" data-settings=\"{&quot;background_background&quot;:&quot;classic&quot;}\">\n\t\t\t\t\t\t<div class=\"elementor-container elementor-column-gap-no\">\n\t\t\t\t\t<div class=\"elementor-column elementor-col-50 elementor-top-column elementor-element elementor-element-16b4af0\" data-id=\"16b4af0\" data-element_type=\"column\" data-e-type=\"column\">\n\t\t\t<div class=\"elementor-widget-wrap elementor-element-populated\">\n\t\t\t\t\t\t<div class=\"elementor-element elementor-element-78d1cbf elementor-widget elementor-widget-image\" data-id=\"78d1cbf\" data-element_type=\"widget\" data-e-type=\"widget\" data-widget_type=\"image.default\">\n\t\t\t\t<div class=\"elementor-widget-container\">\n\t\t\t\t\t\t\t\t\t\t\t\t\t\t\t<img fetchpriority=\"high\" decoding=\"async\" width=\"1000\" height=\"1000\" src=\"https:\/\/badiadipomaio.com\/wp-content\/uploads\/2021\/11\/sustainable-food-squared.jpg\" class=\"attachment-full size-full wp-image-8663\" alt=\"\" srcset=\"https:\/\/badiadipomaio.com\/wp-content\/uploads\/2021\/11\/sustainable-food-squared.jpg 1000w, https:\/\/badiadipomaio.com\/wp-content\/uploads\/2021\/11\/sustainable-food-squared-300x300.jpg 300w, https:\/\/badiadipomaio.com\/wp-content\/uploads\/2021\/11\/sustainable-food-squared-150x150.jpg 150w, https:\/\/badiadipomaio.com\/wp-content\/uploads\/2021\/11\/sustainable-food-squared-768x768.jpg 768w, https:\/\/badiadipomaio.com\/wp-content\/uploads\/2021\/11\/sustainable-food-squared-400x400.jpg 400w\" sizes=\"(max-width: 1000px) 100vw, 1000px\" \/>\t\t\t\t\t\t\t\t\t\t\t\t\t\t\t<\/div>\n\t\t\t\t<\/div>\n\t\t\t\t\t<\/div>\n\t\t<\/div>\n\t\t\t\t<div class=\"elementor-column elementor-col-50 elementor-top-column elementor-element elementor-element-966e806\" data-id=\"966e806\" data-element_type=\"column\" data-e-type=\"column\">\n\t\t\t<div class=\"elementor-widget-wrap elementor-element-populated\">\n\t\t\t\t\t\t<div class=\"elementor-element elementor-element-84b391a elementor-widget elementor-widget-text-editor\" data-id=\"84b391a\" data-element_type=\"widget\" data-e-type=\"widget\" data-widget_type=\"text-editor.default\">\n\t\t\t\t<div class=\"elementor-widget-container\">\n\t\t\t\t\t\t\t\t\t<p>Badia di Pomaio cuenta con un extenso huerto. Durante los a\u00f1os transcurridos desde su apertura, no ha hecho m\u00e1s que enriquecerse y ahora alberga muchas variedades distintas de verduras, frutas y hierbas arom\u00e1ticas, todas ellas estrictamente libres de pesticidas. En la cocina, nuestros productos se condimentan con nuestro propio Aceite de Oliva, obtenido de la cosecha de los m\u00e1s de trescientos olivos que plantamos.  <\/p><p>Pero todo plato fresco y biol\u00f3gico necesita un vino adecuado.<\/p><p>Nuestra bodega est\u00e1 llena de vinos prestigiosos -algunos proceden de bodegas de renombre mundial, otros de productores m\u00e1s peque\u00f1os-: la mayor\u00eda son vinos biodin\u00e1micos y org\u00e1nicos, para representar mejor el nuevo enfoque ecol\u00f3gico de la vinificaci\u00f3n en auge en Italia.<\/p><p>Las verduras y las frutas no son los \u00fanicos alimentos que producimos nosotros mismos. Tambi\u00e9n tenemos una peque\u00f1a granja biol\u00f3gica, con unos cuarenta pollos de distintas razas y cuatro cabras. Los animales no se cr\u00edan para la mesa: producen huevos camperos y leche fresca, con la que hacemos nuestro propio queso y yogur.  <\/p>\t\t\t\t\t\t\t\t<\/div>\n\t\t\t\t<\/div>\n\t\t\t\t\t<\/div>\n\t\t<\/div>\n\t\t\t\t\t<\/div>\n\t\t<\/section>\n\t\t\t\t<\/div>\n\t\t","protected":false},"excerpt":{"rendered":"<p>Restauraci\u00f3n sostenible No s\u00f3lo el hotel de Badia di Pomaio, sino tambi\u00e9n el restaurante desempe\u00f1an un gran papel en la salvaguarda de nuestro medio ambiente&#8230;. <a class=\"read-more\" style=\"text-decoration:underline;\" href=\"https:\/\/badiadipomaio.com\/es\/sostenibilidad\/restauracion-sostenible\/\">Read more ><\/a><\/p>\n","protected":false},"author":1,"featured_media":0,"parent":8634,"menu_order":0,"comment_status":"closed","ping_status":"closed","template":"elementor_header_footer","meta":{"_acf_changed":false,"footnotes":""},"class_list":["post-8595","page","type-page","status-publish","hentry"],"acf":[],"yoast_head":"<!-- This site is optimized with the Yoast SEO plugin v27.0 - https:\/\/yoast.com\/product\/yoast-seo-wordpress\/ -->\n<title>Restauraci\u00f3n sostenible - Badia di Pomaio<\/title>\n<meta name=\"robots\" content=\"index, follow, max-snippet:-1, max-image-preview:large, max-video-preview:-1\" \/>\n<link rel=\"canonical\" href=\"https:\/\/badiadipomaio.com\/es\/sostenibilidad\/restauracion-sostenible\/\" \/>\n<meta property=\"og:locale\" content=\"es_ES\" \/>\n<meta property=\"og:type\" content=\"article\" \/>\n<meta property=\"og:title\" content=\"Restauraci\u00f3n sostenible - Badia di Pomaio\" \/>\n<meta property=\"og:description\" content=\"Restauraci\u00f3n sostenible No s\u00f3lo el hotel de Badia di Pomaio, sino tambi\u00e9n el restaurante desempe\u00f1an un gran papel en la salvaguarda de nuestro medio ambiente.... Read more &gt;\" \/>\n<meta property=\"og:url\" content=\"https:\/\/badiadipomaio.com\/es\/sostenibilidad\/restauracion-sostenible\/\" \/>\n<meta property=\"og:site_name\" content=\"Badia di Pomaio\" \/>\n<meta property=\"article:modified_time\" content=\"2026-02-06T14:11:23+00:00\" \/>\n<meta property=\"og:image\" content=\"https:\/\/badiadipomaio.com\/wp-content\/uploads\/2021\/11\/sustainable-food-squared.jpg\" \/>\n<meta name=\"twitter:card\" content=\"summary_large_image\" \/>\n<meta name=\"twitter:label1\" content=\"Tiempo de lectura\" \/>\n\t<meta name=\"twitter:data1\" content=\"1 minuto\" \/>\n<script type=\"application\/ld+json\" class=\"yoast-schema-graph\">{\"@context\":\"https:\/\/schema.org\",\"@graph\":[{\"@type\":\"WebPage\",\"@id\":\"https:\/\/badiadipomaio.com\/es\/sostenibilidad\/restauracion-sostenible\/\",\"url\":\"https:\/\/badiadipomaio.com\/es\/sostenibilidad\/restauracion-sostenible\/\",\"name\":\"Restauraci\u00f3n sostenible - Badia di Pomaio\",\"isPartOf\":{\"@id\":\"https:\/\/badiadipomaio.com\/#website\"},\"primaryImageOfPage\":{\"@id\":\"https:\/\/badiadipomaio.com\/es\/sostenibilidad\/restauracion-sostenible\/#primaryimage\"},\"image\":{\"@id\":\"https:\/\/badiadipomaio.com\/es\/sostenibilidad\/restauracion-sostenible\/#primaryimage\"},\"thumbnailUrl\":\"https:\/\/badiadipomaio.com\/wp-content\/uploads\/2021\/11\/sustainable-food-squared.jpg\",\"datePublished\":\"2026-02-06T14:11:05+00:00\",\"dateModified\":\"2026-02-06T14:11:23+00:00\",\"breadcrumb\":{\"@id\":\"https:\/\/badiadipomaio.com\/es\/sostenibilidad\/restauracion-sostenible\/#breadcrumb\"},\"inLanguage\":\"es\",\"potentialAction\":[{\"@type\":\"ReadAction\",\"target\":[\"https:\/\/badiadipomaio.com\/es\/sostenibilidad\/restauracion-sostenible\/\"]}]},{\"@type\":\"ImageObject\",\"inLanguage\":\"es\",\"@id\":\"https:\/\/badiadipomaio.com\/es\/sostenibilidad\/restauracion-sostenible\/#primaryimage\",\"url\":\"https:\/\/badiadipomaio.com\/wp-content\/uploads\/2021\/11\/sustainable-food-squared.jpg\",\"contentUrl\":\"https:\/\/badiadipomaio.com\/wp-content\/uploads\/2021\/11\/sustainable-food-squared.jpg\"},{\"@type\":\"BreadcrumbList\",\"@id\":\"https:\/\/badiadipomaio.com\/es\/sostenibilidad\/restauracion-sostenible\/#breadcrumb\",\"itemListElement\":[{\"@type\":\"ListItem\",\"position\":1,\"name\":\"Home\",\"item\":\"https:\/\/badiadipomaio.com\/es\/\"},{\"@type\":\"ListItem\",\"position\":2,\"name\":\"Sostenibilidad\",\"item\":\"https:\/\/badiadipomaio.com\/es\/sostenibilidad\/\"},{\"@type\":\"ListItem\",\"position\":3,\"name\":\"Restauraci\u00f3n sostenible\"}]},{\"@type\":\"WebSite\",\"@id\":\"https:\/\/badiadipomaio.com\/#website\",\"url\":\"https:\/\/badiadipomaio.com\/\",\"name\":\"Badia di Pomaio\",\"description\":\"\",\"publisher\":{\"@id\":\"https:\/\/badiadipomaio.com\/#organization\"},\"potentialAction\":[{\"@type\":\"SearchAction\",\"target\":{\"@type\":\"EntryPoint\",\"urlTemplate\":\"https:\/\/badiadipomaio.com\/?s={search_term_string}\"},\"query-input\":{\"@type\":\"PropertyValueSpecification\",\"valueRequired\":true,\"valueName\":\"search_term_string\"}}],\"inLanguage\":\"es\"},{\"@type\":\"Organization\",\"@id\":\"https:\/\/badiadipomaio.com\/#organization\",\"name\":\"Badia di Pomaio\",\"url\":\"https:\/\/badiadipomaio.com\/\",\"logo\":{\"@type\":\"ImageObject\",\"inLanguage\":\"es\",\"@id\":\"https:\/\/badiadipomaio.com\/#\/schema\/logo\/image\/\",\"url\":\"https:\/\/badiadipomaio.com\/wp-content\/uploads\/2020\/11\/bdp_logo.png\",\"contentUrl\":\"https:\/\/badiadipomaio.com\/wp-content\/uploads\/2020\/11\/bdp_logo.png\",\"width\":368,\"height\":117,\"caption\":\"Badia di Pomaio\"},\"image\":{\"@id\":\"https:\/\/badiadipomaio.com\/#\/schema\/logo\/image\/\"}}]}<\/script>\n<!-- \/ Yoast SEO plugin. -->","yoast_head_json":{"title":"Restauraci\u00f3n sostenible - Badia di Pomaio","robots":{"index":"index","follow":"follow","max-snippet":"max-snippet:-1","max-image-preview":"max-image-preview:large","max-video-preview":"max-video-preview:-1"},"canonical":"https:\/\/badiadipomaio.com\/es\/sostenibilidad\/restauracion-sostenible\/","og_locale":"es_ES","og_type":"article","og_title":"Restauraci\u00f3n sostenible - Badia di Pomaio","og_description":"Restauraci\u00f3n sostenible No s\u00f3lo el hotel de Badia di Pomaio, sino tambi\u00e9n el restaurante desempe\u00f1an un gran papel en la salvaguarda de nuestro medio ambiente.... Read more >","og_url":"https:\/\/badiadipomaio.com\/es\/sostenibilidad\/restauracion-sostenible\/","og_site_name":"Badia di Pomaio","article_modified_time":"2026-02-06T14:11:23+00:00","og_image":[{"url":"https:\/\/badiadipomaio.com\/wp-content\/uploads\/2021\/11\/sustainable-food-squared.jpg","type":"","width":"","height":""}],"twitter_card":"summary_large_image","twitter_misc":{"Tiempo de lectura":"1 minuto"},"schema":{"@context":"https:\/\/schema.org","@graph":[{"@type":"WebPage","@id":"https:\/\/badiadipomaio.com\/es\/sostenibilidad\/restauracion-sostenible\/","url":"https:\/\/badiadipomaio.com\/es\/sostenibilidad\/restauracion-sostenible\/","name":"Restauraci\u00f3n sostenible - Badia di Pomaio","isPartOf":{"@id":"https:\/\/badiadipomaio.com\/#website"},"primaryImageOfPage":{"@id":"https:\/\/badiadipomaio.com\/es\/sostenibilidad\/restauracion-sostenible\/#primaryimage"},"image":{"@id":"https:\/\/badiadipomaio.com\/es\/sostenibilidad\/restauracion-sostenible\/#primaryimage"},"thumbnailUrl":"https:\/\/badiadipomaio.com\/wp-content\/uploads\/2021\/11\/sustainable-food-squared.jpg","datePublished":"2026-02-06T14:11:05+00:00","dateModified":"2026-02-06T14:11:23+00:00","breadcrumb":{"@id":"https:\/\/badiadipomaio.com\/es\/sostenibilidad\/restauracion-sostenible\/#breadcrumb"},"inLanguage":"es","potentialAction":[{"@type":"ReadAction","target":["https:\/\/badiadipomaio.com\/es\/sostenibilidad\/restauracion-sostenible\/"]}]},{"@type":"ImageObject","inLanguage":"es","@id":"https:\/\/badiadipomaio.com\/es\/sostenibilidad\/restauracion-sostenible\/#primaryimage","url":"https:\/\/badiadipomaio.com\/wp-content\/uploads\/2021\/11\/sustainable-food-squared.jpg","contentUrl":"https:\/\/badiadipomaio.com\/wp-content\/uploads\/2021\/11\/sustainable-food-squared.jpg"},{"@type":"BreadcrumbList","@id":"https:\/\/badiadipomaio.com\/es\/sostenibilidad\/restauracion-sostenible\/#breadcrumb","itemListElement":[{"@type":"ListItem","position":1,"name":"Home","item":"https:\/\/badiadipomaio.com\/es\/"},{"@type":"ListItem","position":2,"name":"Sostenibilidad","item":"https:\/\/badiadipomaio.com\/es\/sostenibilidad\/"},{"@type":"ListItem","position":3,"name":"Restauraci\u00f3n sostenible"}]},{"@type":"WebSite","@id":"https:\/\/badiadipomaio.com\/#website","url":"https:\/\/badiadipomaio.com\/","name":"Badia di Pomaio","description":"","publisher":{"@id":"https:\/\/badiadipomaio.com\/#organization"},"potentialAction":[{"@type":"SearchAction","target":{"@type":"EntryPoint","urlTemplate":"https:\/\/badiadipomaio.com\/?s={search_term_string}"},"query-input":{"@type":"PropertyValueSpecification","valueRequired":true,"valueName":"search_term_string"}}],"inLanguage":"es"},{"@type":"Organization","@id":"https:\/\/badiadipomaio.com\/#organization","name":"Badia di Pomaio","url":"https:\/\/badiadipomaio.com\/","logo":{"@type":"ImageObject","inLanguage":"es","@id":"https:\/\/badiadipomaio.com\/#\/schema\/logo\/image\/","url":"https:\/\/badiadipomaio.com\/wp-content\/uploads\/2020\/11\/bdp_logo.png","contentUrl":"https:\/\/badiadipomaio.com\/wp-content\/uploads\/2020\/11\/bdp_logo.png","width":368,"height":117,"caption":"Badia di Pomaio"},"image":{"@id":"https:\/\/badiadipomaio.com\/#\/schema\/logo\/image\/"}}]}},"_links":{"self":[{"href":"https:\/\/badiadipomaio.com\/es\/wp-json\/wp\/v2\/pages\/8595","targetHints":{"allow":["GET"]}}],"collection":[{"href":"https:\/\/badiadipomaio.com\/es\/wp-json\/wp\/v2\/pages"}],"about":[{"href":"https:\/\/badiadipomaio.com\/es\/wp-json\/wp\/v2\/types\/page"}],"author":[{"embeddable":true,"href":"https:\/\/badiadipomaio.com\/es\/wp-json\/wp\/v2\/users\/1"}],"replies":[{"embeddable":true,"href":"https:\/\/badiadipomaio.com\/es\/wp-json\/wp\/v2\/comments?post=8595"}],"version-history":[{"count":1,"href":"https:\/\/badiadipomaio.com\/es\/wp-json\/wp\/v2\/pages\/8595\/revisions"}],"predecessor-version":[{"id":8597,"href":"https:\/\/badiadipomaio.com\/es\/wp-json\/wp\/v2\/pages\/8595\/revisions\/8597"}],"up":[{"embeddable":true,"href":"https:\/\/badiadipomaio.com\/es\/wp-json\/wp\/v2\/pages\/8634"}],"wp:attachment":[{"href":"https:\/\/badiadipomaio.com\/es\/wp-json\/wp\/v2\/media?parent=8595"}],"curies":[{"name":"wp","href":"https:\/\/api.w.org\/{rel}","templated":true}]}}