{"id":8582,"date":"2026-02-06T15:11:04","date_gmt":"2026-02-06T14:11:04","guid":{"rendered":"https:\/\/badiadipomaio.com\/salvar-a-las-abejas\/"},"modified":"2026-02-06T15:11:23","modified_gmt":"2026-02-06T14:11:23","slug":"salvar-a-las-abejas","status":"publish","type":"page","link":"https:\/\/badiadipomaio.com\/es\/sostenibilidad\/salvar-a-las-abejas\/","title":{"rendered":"Salvar a las abejas"},"content":{"rendered":"\t\t<div data-elementor-type=\"wp-page\" data-elementor-id=\"8582\" class=\"elementor elementor-8582 elementor-5445\">\n\t\t\t\t\t\t<section class=\"elementor-section elementor-top-section elementor-element elementor-element-107ba66 page-title text-white elementor-section-height-min-height elementor-section-items-bottom elementor-section-boxed elementor-section-height-default\" data-id=\"107ba66\" data-element_type=\"section\" data-e-type=\"section\" data-settings=\"{&quot;background_background&quot;:&quot;classic&quot;}\">\n\t\t\t\t\t\t\t<div class=\"elementor-background-overlay\"><\/div>\n\t\t\t\t\t\t\t<div class=\"elementor-container elementor-column-gap-default\">\n\t\t\t\t\t<div class=\"elementor-column elementor-col-100 elementor-top-column elementor-element elementor-element-24bc7e8\" data-id=\"24bc7e8\" data-element_type=\"column\" data-e-type=\"column\">\n\t\t\t<div class=\"elementor-widget-wrap elementor-element-populated\">\n\t\t\t\t\t\t<div class=\"elementor-element elementor-element-9a6183b elementor-widget elementor-widget-text-editor\" data-id=\"9a6183b\" data-element_type=\"widget\" data-e-type=\"widget\" data-widget_type=\"text-editor.default\">\n\t\t\t\t<div class=\"elementor-widget-container\">\n\t\t\t\t\t\t\t\t\t<h1 style=\"text-align: center;\">Salvar a las abejas<\/h1>\t\t\t\t\t\t\t\t<\/div>\n\t\t\t\t<\/div>\n\t\t\t\t\t<\/div>\n\t\t<\/div>\n\t\t\t\t\t<\/div>\n\t\t<\/section>\n\t\t\t\t<section class=\"elementor-section elementor-top-section elementor-element elementor-element-a0a648c elementor-section-boxed elementor-section-height-default elementor-section-height-default\" data-id=\"a0a648c\" data-element_type=\"section\" data-e-type=\"section\" data-settings=\"{&quot;background_background&quot;:&quot;classic&quot;}\">\n\t\t\t\t\t\t<div class=\"elementor-container elementor-column-gap-default\">\n\t\t\t\t\t<div class=\"elementor-column elementor-col-16 elementor-top-column elementor-element elementor-element-d8df054\" data-id=\"d8df054\" data-element_type=\"column\" data-e-type=\"column\">\n\t\t\t<div class=\"elementor-widget-wrap\">\n\t\t\t\t\t\t\t<\/div>\n\t\t<\/div>\n\t\t\t\t<div class=\"elementor-column elementor-col-66 elementor-top-column elementor-element elementor-element-d91a014\" data-id=\"d91a014\" data-element_type=\"column\" data-e-type=\"column\">\n\t\t\t<div class=\"elementor-widget-wrap elementor-element-populated\">\n\t\t\t\t\t\t<div class=\"elementor-element elementor-element-9e33d2d elementor-widget elementor-widget-text-editor\" data-id=\"9e33d2d\" data-element_type=\"widget\" data-e-type=\"widget\" data-widget_type=\"text-editor.default\">\n\t\t\t\t<div class=\"elementor-widget-container\">\n\t\t\t\t\t\t\t\t\t<p style=\"text-align: center;\">En un rinc\u00f3n tranquilo y protegido de los jardines, construimos nuestras colmenas.<br>Estamos especialmente orgullosos de esta adici\u00f3n, pues comprendemos la importancia medioambiental de las abejas y lo que significa para nosotros y para nuestro planeta la destrucci\u00f3n sistem\u00e1tica de sus h\u00e1bitats. Como apoyo adicional a nuestras abejas -y a nuestro bosque en general- plantamos m\u00e1s de mil plantas, desde \u00e1rboles a arbustos y flores.   <\/p>\t\t\t\t\t\t\t\t<\/div>\n\t\t\t\t<\/div>\n\t\t\t\t\t<\/div>\n\t\t<\/div>\n\t\t\t\t<div class=\"elementor-column elementor-col-16 elementor-top-column elementor-element elementor-element-543ad4a\" data-id=\"543ad4a\" data-element_type=\"column\" data-e-type=\"column\">\n\t\t\t<div class=\"elementor-widget-wrap\">\n\t\t\t\t\t\t\t<\/div>\n\t\t<\/div>\n\t\t\t\t\t<\/div>\n\t\t<\/section>\n\t\t\t\t<section class=\"elementor-section elementor-top-section elementor-element elementor-element-1159545 elementor-section-full_width elementor-section-content-middle elementor-section-height-default elementor-section-height-default\" data-id=\"1159545\" data-element_type=\"section\" data-e-type=\"section\" data-settings=\"{&quot;background_background&quot;:&quot;classic&quot;}\">\n\t\t\t\t\t\t<div class=\"elementor-container elementor-column-gap-no\">\n\t\t\t\t\t<div class=\"elementor-column elementor-col-50 elementor-top-column elementor-element elementor-element-c02acdd\" data-id=\"c02acdd\" data-element_type=\"column\" data-e-type=\"column\">\n\t\t\t<div class=\"elementor-widget-wrap elementor-element-populated\">\n\t\t\t\t\t\t<div class=\"elementor-element elementor-element-a66362e elementor-widget elementor-widget-image\" data-id=\"a66362e\" data-element_type=\"widget\" data-e-type=\"widget\" data-widget_type=\"image.default\">\n\t\t\t\t<div class=\"elementor-widget-container\">\n\t\t\t\t\t\t\t\t\t\t\t\t\t\t\t<img fetchpriority=\"high\" decoding=\"async\" width=\"1000\" height=\"1000\" src=\"https:\/\/badiadipomaio.com\/wp-content\/uploads\/2021\/11\/save-the-bees.jpg\" class=\"attachment-full size-full wp-image-8662\" alt=\"\" srcset=\"https:\/\/badiadipomaio.com\/wp-content\/uploads\/2021\/11\/save-the-bees.jpg 1000w, https:\/\/badiadipomaio.com\/wp-content\/uploads\/2021\/11\/save-the-bees-300x300.jpg 300w, https:\/\/badiadipomaio.com\/wp-content\/uploads\/2021\/11\/save-the-bees-150x150.jpg 150w, https:\/\/badiadipomaio.com\/wp-content\/uploads\/2021\/11\/save-the-bees-768x768.jpg 768w, https:\/\/badiadipomaio.com\/wp-content\/uploads\/2021\/11\/save-the-bees-400x400.jpg 400w\" sizes=\"(max-width: 1000px) 100vw, 1000px\" \/>\t\t\t\t\t\t\t\t\t\t\t\t\t\t\t<\/div>\n\t\t\t\t<\/div>\n\t\t\t\t\t<\/div>\n\t\t<\/div>\n\t\t\t\t<div class=\"elementor-column elementor-col-50 elementor-top-column elementor-element elementor-element-12d1078\" data-id=\"12d1078\" data-element_type=\"column\" data-e-type=\"column\">\n\t\t\t<div class=\"elementor-widget-wrap elementor-element-populated\">\n\t\t\t\t\t\t<div class=\"elementor-element elementor-element-f55ed21 elementor-widget elementor-widget-text-editor\" data-id=\"f55ed21\" data-element_type=\"widget\" data-e-type=\"widget\" data-widget_type=\"text-editor.default\">\n\t\t\t\t<div class=\"elementor-widget-container\">\n\t\t\t\t\t\t\t\t\t<p>Gracias a nuestros esfuerzos, ahora podemos producir tres veces al a\u00f1o una miel sana y ecol\u00f3gica, con diferentes sabores, que van desde las flores silvestres hasta la casta\u00f1a<\/p>\t\t\t\t\t\t\t\t<\/div>\n\t\t\t\t<\/div>\n\t\t\t\t\t<\/div>\n\t\t<\/div>\n\t\t\t\t\t<\/div>\n\t\t<\/section>\n\t\t\t\t<\/div>\n\t\t","protected":false},"excerpt":{"rendered":"<p>Salvar a las abejas En un rinc\u00f3n tranquilo y protegido de los jardines, construimos nuestras colmenas.Estamos especialmente orgullosos de esta adici\u00f3n, pues comprendemos la importancia&#8230; <a class=\"read-more\" style=\"text-decoration:underline;\" href=\"https:\/\/badiadipomaio.com\/es\/sostenibilidad\/salvar-a-las-abejas\/\">Read more ><\/a><\/p>\n","protected":false},"author":1,"featured_media":0,"parent":8634,"menu_order":0,"comment_status":"closed","ping_status":"closed","template":"elementor_header_footer","meta":{"_acf_changed":false,"footnotes":""},"class_list":["post-8582","page","type-page","status-publish","hentry"],"acf":[],"yoast_head":"<!-- This site is optimized with the Yoast SEO plugin v27.4 - https:\/\/yoast.com\/product\/yoast-seo-wordpress\/ -->\n<title>Salvar a las abejas - Badia di Pomaio<\/title>\n<meta name=\"robots\" content=\"index, follow, max-snippet:-1, max-image-preview:large, max-video-preview:-1\" \/>\n<link rel=\"canonical\" href=\"https:\/\/badiadipomaio.com\/es\/sostenibilidad\/salvar-a-las-abejas\/\" \/>\n<meta property=\"og:locale\" content=\"es_ES\" \/>\n<meta property=\"og:type\" content=\"article\" \/>\n<meta property=\"og:title\" content=\"Salvar a las abejas - Badia di Pomaio\" \/>\n<meta property=\"og:description\" content=\"Salvar a las abejas En un rinc\u00f3n tranquilo y protegido de los jardines, construimos nuestras colmenas.Estamos especialmente orgullosos de esta adici\u00f3n, pues comprendemos la importancia... Read more &gt;\" \/>\n<meta property=\"og:url\" content=\"https:\/\/badiadipomaio.com\/es\/sostenibilidad\/salvar-a-las-abejas\/\" \/>\n<meta property=\"og:site_name\" content=\"Badia di Pomaio\" \/>\n<meta property=\"article:modified_time\" content=\"2026-02-06T14:11:23+00:00\" \/>\n<meta property=\"og:image\" content=\"https:\/\/badiadipomaio.com\/wp-content\/uploads\/2021\/11\/save-the-bees.jpg\" \/>\n<meta name=\"twitter:card\" content=\"summary_large_image\" \/>\n<meta name=\"twitter:label1\" content=\"Tiempo de lectura\" \/>\n\t<meta name=\"twitter:data1\" content=\"1 minuto\" \/>\n<script type=\"application\/ld+json\" class=\"yoast-schema-graph\">{\"@context\":\"https:\\\/\\\/schema.org\",\"@graph\":[{\"@type\":\"WebPage\",\"@id\":\"https:\\\/\\\/badiadipomaio.com\\\/es\\\/sostenibilidad\\\/salvar-a-las-abejas\\\/\",\"url\":\"https:\\\/\\\/badiadipomaio.com\\\/es\\\/sostenibilidad\\\/salvar-a-las-abejas\\\/\",\"name\":\"Salvar a las abejas - Badia di Pomaio\",\"isPartOf\":{\"@id\":\"https:\\\/\\\/badiadipomaio.com\\\/#website\"},\"primaryImageOfPage\":{\"@id\":\"https:\\\/\\\/badiadipomaio.com\\\/es\\\/sostenibilidad\\\/salvar-a-las-abejas\\\/#primaryimage\"},\"image\":{\"@id\":\"https:\\\/\\\/badiadipomaio.com\\\/es\\\/sostenibilidad\\\/salvar-a-las-abejas\\\/#primaryimage\"},\"thumbnailUrl\":\"https:\\\/\\\/badiadipomaio.com\\\/wp-content\\\/uploads\\\/2021\\\/11\\\/save-the-bees.jpg\",\"datePublished\":\"2026-02-06T14:11:04+00:00\",\"dateModified\":\"2026-02-06T14:11:23+00:00\",\"breadcrumb\":{\"@id\":\"https:\\\/\\\/badiadipomaio.com\\\/es\\\/sostenibilidad\\\/salvar-a-las-abejas\\\/#breadcrumb\"},\"inLanguage\":\"es\",\"potentialAction\":[{\"@type\":\"ReadAction\",\"target\":[\"https:\\\/\\\/badiadipomaio.com\\\/es\\\/sostenibilidad\\\/salvar-a-las-abejas\\\/\"]}]},{\"@type\":\"ImageObject\",\"inLanguage\":\"es\",\"@id\":\"https:\\\/\\\/badiadipomaio.com\\\/es\\\/sostenibilidad\\\/salvar-a-las-abejas\\\/#primaryimage\",\"url\":\"https:\\\/\\\/badiadipomaio.com\\\/wp-content\\\/uploads\\\/2021\\\/11\\\/save-the-bees.jpg\",\"contentUrl\":\"https:\\\/\\\/badiadipomaio.com\\\/wp-content\\\/uploads\\\/2021\\\/11\\\/save-the-bees.jpg\"},{\"@type\":\"BreadcrumbList\",\"@id\":\"https:\\\/\\\/badiadipomaio.com\\\/es\\\/sostenibilidad\\\/salvar-a-las-abejas\\\/#breadcrumb\",\"itemListElement\":[{\"@type\":\"ListItem\",\"position\":1,\"name\":\"Home\",\"item\":\"https:\\\/\\\/badiadipomaio.com\\\/es\\\/\"},{\"@type\":\"ListItem\",\"position\":2,\"name\":\"Sostenibilidad\",\"item\":\"https:\\\/\\\/badiadipomaio.com\\\/es\\\/sostenibilidad\\\/\"},{\"@type\":\"ListItem\",\"position\":3,\"name\":\"Salvar a las abejas\"}]},{\"@type\":\"WebSite\",\"@id\":\"https:\\\/\\\/badiadipomaio.com\\\/#website\",\"url\":\"https:\\\/\\\/badiadipomaio.com\\\/\",\"name\":\"Badia di Pomaio\",\"description\":\"\",\"publisher\":{\"@id\":\"https:\\\/\\\/badiadipomaio.com\\\/#organization\"},\"potentialAction\":[{\"@type\":\"SearchAction\",\"target\":{\"@type\":\"EntryPoint\",\"urlTemplate\":\"https:\\\/\\\/badiadipomaio.com\\\/?s={search_term_string}\"},\"query-input\":{\"@type\":\"PropertyValueSpecification\",\"valueRequired\":true,\"valueName\":\"search_term_string\"}}],\"inLanguage\":\"es\"},{\"@type\":\"Organization\",\"@id\":\"https:\\\/\\\/badiadipomaio.com\\\/#organization\",\"name\":\"Badia di Pomaio\",\"url\":\"https:\\\/\\\/badiadipomaio.com\\\/\",\"logo\":{\"@type\":\"ImageObject\",\"inLanguage\":\"es\",\"@id\":\"https:\\\/\\\/badiadipomaio.com\\\/#\\\/schema\\\/logo\\\/image\\\/\",\"url\":\"https:\\\/\\\/badiadipomaio.com\\\/wp-content\\\/uploads\\\/2020\\\/11\\\/bdp_logo.png\",\"contentUrl\":\"https:\\\/\\\/badiadipomaio.com\\\/wp-content\\\/uploads\\\/2020\\\/11\\\/bdp_logo.png\",\"width\":368,\"height\":117,\"caption\":\"Badia di Pomaio\"},\"image\":{\"@id\":\"https:\\\/\\\/badiadipomaio.com\\\/#\\\/schema\\\/logo\\\/image\\\/\"}}]}<\/script>\n<!-- \/ Yoast SEO plugin. -->","yoast_head_json":{"title":"Salvar a las abejas - Badia di Pomaio","robots":{"index":"index","follow":"follow","max-snippet":"max-snippet:-1","max-image-preview":"max-image-preview:large","max-video-preview":"max-video-preview:-1"},"canonical":"https:\/\/badiadipomaio.com\/es\/sostenibilidad\/salvar-a-las-abejas\/","og_locale":"es_ES","og_type":"article","og_title":"Salvar a las abejas - Badia di Pomaio","og_description":"Salvar a las abejas En un rinc\u00f3n tranquilo y protegido de los jardines, construimos nuestras colmenas.Estamos especialmente orgullosos de esta adici\u00f3n, pues comprendemos la importancia... Read more >","og_url":"https:\/\/badiadipomaio.com\/es\/sostenibilidad\/salvar-a-las-abejas\/","og_site_name":"Badia di Pomaio","article_modified_time":"2026-02-06T14:11:23+00:00","og_image":[{"url":"https:\/\/badiadipomaio.com\/wp-content\/uploads\/2021\/11\/save-the-bees.jpg","type":"","width":"","height":""}],"twitter_card":"summary_large_image","twitter_misc":{"Tiempo de lectura":"1 minuto"},"schema":{"@context":"https:\/\/schema.org","@graph":[{"@type":"WebPage","@id":"https:\/\/badiadipomaio.com\/es\/sostenibilidad\/salvar-a-las-abejas\/","url":"https:\/\/badiadipomaio.com\/es\/sostenibilidad\/salvar-a-las-abejas\/","name":"Salvar a las abejas - Badia di Pomaio","isPartOf":{"@id":"https:\/\/badiadipomaio.com\/#website"},"primaryImageOfPage":{"@id":"https:\/\/badiadipomaio.com\/es\/sostenibilidad\/salvar-a-las-abejas\/#primaryimage"},"image":{"@id":"https:\/\/badiadipomaio.com\/es\/sostenibilidad\/salvar-a-las-abejas\/#primaryimage"},"thumbnailUrl":"https:\/\/badiadipomaio.com\/wp-content\/uploads\/2021\/11\/save-the-bees.jpg","datePublished":"2026-02-06T14:11:04+00:00","dateModified":"2026-02-06T14:11:23+00:00","breadcrumb":{"@id":"https:\/\/badiadipomaio.com\/es\/sostenibilidad\/salvar-a-las-abejas\/#breadcrumb"},"inLanguage":"es","potentialAction":[{"@type":"ReadAction","target":["https:\/\/badiadipomaio.com\/es\/sostenibilidad\/salvar-a-las-abejas\/"]}]},{"@type":"ImageObject","inLanguage":"es","@id":"https:\/\/badiadipomaio.com\/es\/sostenibilidad\/salvar-a-las-abejas\/#primaryimage","url":"https:\/\/badiadipomaio.com\/wp-content\/uploads\/2021\/11\/save-the-bees.jpg","contentUrl":"https:\/\/badiadipomaio.com\/wp-content\/uploads\/2021\/11\/save-the-bees.jpg"},{"@type":"BreadcrumbList","@id":"https:\/\/badiadipomaio.com\/es\/sostenibilidad\/salvar-a-las-abejas\/#breadcrumb","itemListElement":[{"@type":"ListItem","position":1,"name":"Home","item":"https:\/\/badiadipomaio.com\/es\/"},{"@type":"ListItem","position":2,"name":"Sostenibilidad","item":"https:\/\/badiadipomaio.com\/es\/sostenibilidad\/"},{"@type":"ListItem","position":3,"name":"Salvar a las abejas"}]},{"@type":"WebSite","@id":"https:\/\/badiadipomaio.com\/#website","url":"https:\/\/badiadipomaio.com\/","name":"Badia di Pomaio","description":"","publisher":{"@id":"https:\/\/badiadipomaio.com\/#organization"},"potentialAction":[{"@type":"SearchAction","target":{"@type":"EntryPoint","urlTemplate":"https:\/\/badiadipomaio.com\/?s={search_term_string}"},"query-input":{"@type":"PropertyValueSpecification","valueRequired":true,"valueName":"search_term_string"}}],"inLanguage":"es"},{"@type":"Organization","@id":"https:\/\/badiadipomaio.com\/#organization","name":"Badia di Pomaio","url":"https:\/\/badiadipomaio.com\/","logo":{"@type":"ImageObject","inLanguage":"es","@id":"https:\/\/badiadipomaio.com\/#\/schema\/logo\/image\/","url":"https:\/\/badiadipomaio.com\/wp-content\/uploads\/2020\/11\/bdp_logo.png","contentUrl":"https:\/\/badiadipomaio.com\/wp-content\/uploads\/2020\/11\/bdp_logo.png","width":368,"height":117,"caption":"Badia di Pomaio"},"image":{"@id":"https:\/\/badiadipomaio.com\/#\/schema\/logo\/image\/"}}]}},"_links":{"self":[{"href":"https:\/\/badiadipomaio.com\/es\/wp-json\/wp\/v2\/pages\/8582","targetHints":{"allow":["GET"]}}],"collection":[{"href":"https:\/\/badiadipomaio.com\/es\/wp-json\/wp\/v2\/pages"}],"about":[{"href":"https:\/\/badiadipomaio.com\/es\/wp-json\/wp\/v2\/types\/page"}],"author":[{"embeddable":true,"href":"https:\/\/badiadipomaio.com\/es\/wp-json\/wp\/v2\/users\/1"}],"replies":[{"embeddable":true,"href":"https:\/\/badiadipomaio.com\/es\/wp-json\/wp\/v2\/comments?post=8582"}],"version-history":[{"count":1,"href":"https:\/\/badiadipomaio.com\/es\/wp-json\/wp\/v2\/pages\/8582\/revisions"}],"predecessor-version":[{"id":8583,"href":"https:\/\/badiadipomaio.com\/es\/wp-json\/wp\/v2\/pages\/8582\/revisions\/8583"}],"up":[{"embeddable":true,"href":"https:\/\/badiadipomaio.com\/es\/wp-json\/wp\/v2\/pages\/8634"}],"wp:attachment":[{"href":"https:\/\/badiadipomaio.com\/es\/wp-json\/wp\/v2\/media?parent=8582"}],"curies":[{"name":"wp","href":"https:\/\/api.w.org\/{rel}","templated":true}]}}