{"id":8565,"date":"2026-02-06T15:10:58","date_gmt":"2026-02-06T14:10:58","guid":{"rendered":"https:\/\/badiadipomaio.com\/reciclaje\/"},"modified":"2026-02-06T15:11:23","modified_gmt":"2026-02-06T14:11:23","slug":"reciclaje","status":"publish","type":"page","link":"https:\/\/badiadipomaio.com\/es\/sostenibilidad\/reciclaje\/","title":{"rendered":"Reciclaje"},"content":{"rendered":"\t\t<div data-elementor-type=\"wp-page\" data-elementor-id=\"8565\" class=\"elementor elementor-8565 elementor-5448\">\n\t\t\t\t\t\t<section class=\"elementor-section elementor-top-section elementor-element elementor-element-107ba66 page-title text-white elementor-section-height-min-height elementor-section-items-bottom elementor-section-boxed elementor-section-height-default\" data-id=\"107ba66\" data-element_type=\"section\" data-e-type=\"section\" data-settings=\"{&quot;background_background&quot;:&quot;classic&quot;}\">\n\t\t\t\t\t\t\t<div class=\"elementor-background-overlay\"><\/div>\n\t\t\t\t\t\t\t<div class=\"elementor-container elementor-column-gap-default\">\n\t\t\t\t\t<div class=\"elementor-column elementor-col-100 elementor-top-column elementor-element elementor-element-24bc7e8\" data-id=\"24bc7e8\" data-element_type=\"column\" data-e-type=\"column\">\n\t\t\t<div class=\"elementor-widget-wrap elementor-element-populated\">\n\t\t\t\t\t\t<div class=\"elementor-element elementor-element-9a6183b elementor-widget elementor-widget-text-editor\" data-id=\"9a6183b\" data-element_type=\"widget\" data-e-type=\"widget\" data-widget_type=\"text-editor.default\">\n\t\t\t\t<div class=\"elementor-widget-container\">\n\t\t\t\t\t\t\t\t\t<h1 style=\"text-align: center;\">Reciclaje<\/h1>\t\t\t\t\t\t\t\t<\/div>\n\t\t\t\t<\/div>\n\t\t\t\t\t<\/div>\n\t\t<\/div>\n\t\t\t\t\t<\/div>\n\t\t<\/section>\n\t\t\t\t<section class=\"elementor-section elementor-top-section elementor-element elementor-element-a0a648c elementor-section-boxed elementor-section-height-default elementor-section-height-default\" data-id=\"a0a648c\" data-element_type=\"section\" data-e-type=\"section\" data-settings=\"{&quot;background_background&quot;:&quot;classic&quot;}\">\n\t\t\t\t\t\t<div class=\"elementor-container elementor-column-gap-default\">\n\t\t\t\t\t<div class=\"elementor-column elementor-col-16 elementor-top-column elementor-element elementor-element-d8df054\" data-id=\"d8df054\" data-element_type=\"column\" data-e-type=\"column\">\n\t\t\t<div class=\"elementor-widget-wrap\">\n\t\t\t\t\t\t\t<\/div>\n\t\t<\/div>\n\t\t\t\t<div class=\"elementor-column elementor-col-66 elementor-top-column elementor-element elementor-element-d91a014\" data-id=\"d91a014\" data-element_type=\"column\" data-e-type=\"column\">\n\t\t\t<div class=\"elementor-widget-wrap elementor-element-populated\">\n\t\t\t\t\t\t<div class=\"elementor-element elementor-element-9e33d2d elementor-widget elementor-widget-text-editor\" data-id=\"9e33d2d\" data-element_type=\"widget\" data-e-type=\"widget\" data-widget_type=\"text-editor.default\">\n\t\t\t\t<div class=\"elementor-widget-container\">\n\t\t\t\t\t\t\t\t\t<p style=\"text-align: center;\">Uno de los problemas m\u00e1s acuciantes de los pa\u00edses del primer mundo es la enorme cantidad de residuos alimentarios evitables que producimos. Se trata sobre todo de un problema social y econ\u00f3mico -ya que desperdiciar alimentos significa malgastar recursos naturales que podr\u00edan utilizarse mejor-, pero tambi\u00e9n tiene implicaciones medioambientales. <\/p><p style=\"text-align: center;\">La comida no utilizada acaba en el vertedero y produce metano, lo que significa que es una fuente de contaminaci\u00f3n.<\/p><p style=\"text-align: center;\">Para minimizar este problema, Badia di Pomaio utiliza los residuos alimenticios adecuados de su restaurante para alimentar a nuestras gallinas y cabras. Los residuos restantes se convierten en abono biol\u00f3gico y se utilizan para nuestro huerto. <\/p>\t\t\t\t\t\t\t\t<\/div>\n\t\t\t\t<\/div>\n\t\t\t\t\t<\/div>\n\t\t<\/div>\n\t\t\t\t<div class=\"elementor-column elementor-col-16 elementor-top-column elementor-element elementor-element-543ad4a\" data-id=\"543ad4a\" data-element_type=\"column\" data-e-type=\"column\">\n\t\t\t<div class=\"elementor-widget-wrap\">\n\t\t\t\t\t\t\t<\/div>\n\t\t<\/div>\n\t\t\t\t\t<\/div>\n\t\t<\/section>\n\t\t\t\t<section class=\"elementor-section elementor-top-section elementor-element elementor-element-fc7d3da elementor-section-full_width elementor-section-content-middle elementor-section-height-default elementor-section-height-default\" data-id=\"fc7d3da\" data-element_type=\"section\" data-e-type=\"section\" data-settings=\"{&quot;background_background&quot;:&quot;classic&quot;}\">\n\t\t\t\t\t\t<div class=\"elementor-container elementor-column-gap-no\">\n\t\t\t\t\t<div class=\"elementor-column elementor-col-50 elementor-top-column elementor-element elementor-element-f21fdb3\" data-id=\"f21fdb3\" data-element_type=\"column\" data-e-type=\"column\">\n\t\t\t<div class=\"elementor-widget-wrap elementor-element-populated\">\n\t\t\t\t\t\t<div class=\"elementor-element elementor-element-2482d54 elementor-widget elementor-widget-image\" data-id=\"2482d54\" data-element_type=\"widget\" data-e-type=\"widget\" data-widget_type=\"image.default\">\n\t\t\t\t<div class=\"elementor-widget-container\">\n\t\t\t\t\t\t\t\t\t\t\t\t\t\t\t<img fetchpriority=\"high\" decoding=\"async\" width=\"850\" height=\"850\" src=\"https:\/\/badiadipomaio.com\/wp-content\/uploads\/2021\/11\/recycling-squared.jpg\" class=\"attachment-full size-full wp-image-8665\" alt=\"\" srcset=\"https:\/\/badiadipomaio.com\/wp-content\/uploads\/2021\/11\/recycling-squared.jpg 850w, https:\/\/badiadipomaio.com\/wp-content\/uploads\/2021\/11\/recycling-squared-300x300.jpg 300w, https:\/\/badiadipomaio.com\/wp-content\/uploads\/2021\/11\/recycling-squared-150x150.jpg 150w, https:\/\/badiadipomaio.com\/wp-content\/uploads\/2021\/11\/recycling-squared-768x768.jpg 768w, https:\/\/badiadipomaio.com\/wp-content\/uploads\/2021\/11\/recycling-squared-400x400.jpg 400w\" sizes=\"(max-width: 850px) 100vw, 850px\" \/>\t\t\t\t\t\t\t\t\t\t\t\t\t\t\t<\/div>\n\t\t\t\t<\/div>\n\t\t\t\t\t<\/div>\n\t\t<\/div>\n\t\t\t\t<div class=\"elementor-column elementor-col-50 elementor-top-column elementor-element elementor-element-76a7bef\" data-id=\"76a7bef\" data-element_type=\"column\" data-e-type=\"column\">\n\t\t\t<div class=\"elementor-widget-wrap elementor-element-populated\">\n\t\t\t\t\t\t<div class=\"elementor-element elementor-element-7032efa elementor-widget elementor-widget-text-editor\" data-id=\"7032efa\" data-element_type=\"widget\" data-e-type=\"widget\" data-widget_type=\"text-editor.default\">\n\t\t\t\t<div class=\"elementor-widget-container\">\n\t\t\t\t\t\t\t\t\t<p>Eliminamos del hotel todos los productos innecesarios y perjudiciales para el medio ambiente. Utilizamos pl\u00e1stico reciclado, pero s\u00f3lo cuando no es posible sustituirlo por otros materiales, como es el caso de nuestras pajitas reutilizables de bamb\u00fa. <\/p><p>Un artista local hizo todos nuestros platos a mano, utilizando s\u00f3lo productos naturales biodegradables y t\u00e9cnicas respetuosas con el medio ambiente, algunas de las cuales se remontan a la \u00e9poca romana o incluso etrusca. Asimismo, compramos todos los vasos y utensilios a productores locales, reduciendo as\u00ed el impacto de los desplazamientos en coche. <\/p>\t\t\t\t\t\t\t\t<\/div>\n\t\t\t\t<\/div>\n\t\t\t\t\t<\/div>\n\t\t<\/div>\n\t\t\t\t\t<\/div>\n\t\t<\/section>\n\t\t\t\t<\/div>\n\t\t","protected":false},"excerpt":{"rendered":"<p>Reciclaje Uno de los problemas m\u00e1s acuciantes de los pa\u00edses del primer mundo es la enorme cantidad de residuos alimentarios evitables que producimos. Se trata&#8230; <a class=\"read-more\" style=\"text-decoration:underline;\" href=\"https:\/\/badiadipomaio.com\/es\/sostenibilidad\/reciclaje\/\">Read more ><\/a><\/p>\n","protected":false},"author":1,"featured_media":0,"parent":8634,"menu_order":0,"comment_status":"closed","ping_status":"closed","template":"elementor_header_footer","meta":{"_acf_changed":false,"footnotes":""},"class_list":["post-8565","page","type-page","status-publish","hentry"],"acf":[],"yoast_head":"<!-- This site is optimized with the Yoast SEO plugin v27.0 - https:\/\/yoast.com\/product\/yoast-seo-wordpress\/ -->\n<title>Reciclaje - Badia di Pomaio<\/title>\n<meta name=\"robots\" content=\"index, follow, max-snippet:-1, max-image-preview:large, max-video-preview:-1\" \/>\n<link rel=\"canonical\" href=\"https:\/\/badiadipomaio.com\/es\/sostenibilidad\/reciclaje\/\" \/>\n<meta property=\"og:locale\" content=\"es_ES\" \/>\n<meta property=\"og:type\" content=\"article\" \/>\n<meta property=\"og:title\" content=\"Reciclaje - Badia di Pomaio\" \/>\n<meta property=\"og:description\" content=\"Reciclaje Uno de los problemas m\u00e1s acuciantes de los pa\u00edses del primer mundo es la enorme cantidad de residuos alimentarios evitables que producimos. Se trata... Read more &gt;\" \/>\n<meta property=\"og:url\" content=\"https:\/\/badiadipomaio.com\/es\/sostenibilidad\/reciclaje\/\" \/>\n<meta property=\"og:site_name\" content=\"Badia di Pomaio\" \/>\n<meta property=\"article:modified_time\" content=\"2026-02-06T14:11:23+00:00\" \/>\n<meta property=\"og:image\" content=\"https:\/\/badiadipomaio.com\/wp-content\/uploads\/2021\/11\/recycling-squared.jpg\" \/>\n<meta name=\"twitter:card\" content=\"summary_large_image\" \/>\n<meta name=\"twitter:label1\" content=\"Tiempo de lectura\" \/>\n\t<meta name=\"twitter:data1\" content=\"1 minuto\" \/>\n<script type=\"application\/ld+json\" class=\"yoast-schema-graph\">{\"@context\":\"https:\/\/schema.org\",\"@graph\":[{\"@type\":\"WebPage\",\"@id\":\"https:\/\/badiadipomaio.com\/es\/sostenibilidad\/reciclaje\/\",\"url\":\"https:\/\/badiadipomaio.com\/es\/sostenibilidad\/reciclaje\/\",\"name\":\"Reciclaje - Badia di Pomaio\",\"isPartOf\":{\"@id\":\"https:\/\/badiadipomaio.com\/#website\"},\"primaryImageOfPage\":{\"@id\":\"https:\/\/badiadipomaio.com\/es\/sostenibilidad\/reciclaje\/#primaryimage\"},\"image\":{\"@id\":\"https:\/\/badiadipomaio.com\/es\/sostenibilidad\/reciclaje\/#primaryimage\"},\"thumbnailUrl\":\"https:\/\/badiadipomaio.com\/wp-content\/uploads\/2021\/11\/recycling-squared.jpg\",\"datePublished\":\"2026-02-06T14:10:58+00:00\",\"dateModified\":\"2026-02-06T14:11:23+00:00\",\"breadcrumb\":{\"@id\":\"https:\/\/badiadipomaio.com\/es\/sostenibilidad\/reciclaje\/#breadcrumb\"},\"inLanguage\":\"es\",\"potentialAction\":[{\"@type\":\"ReadAction\",\"target\":[\"https:\/\/badiadipomaio.com\/es\/sostenibilidad\/reciclaje\/\"]}]},{\"@type\":\"ImageObject\",\"inLanguage\":\"es\",\"@id\":\"https:\/\/badiadipomaio.com\/es\/sostenibilidad\/reciclaje\/#primaryimage\",\"url\":\"https:\/\/badiadipomaio.com\/wp-content\/uploads\/2021\/11\/recycling-squared.jpg\",\"contentUrl\":\"https:\/\/badiadipomaio.com\/wp-content\/uploads\/2021\/11\/recycling-squared.jpg\"},{\"@type\":\"BreadcrumbList\",\"@id\":\"https:\/\/badiadipomaio.com\/es\/sostenibilidad\/reciclaje\/#breadcrumb\",\"itemListElement\":[{\"@type\":\"ListItem\",\"position\":1,\"name\":\"Home\",\"item\":\"https:\/\/badiadipomaio.com\/es\/\"},{\"@type\":\"ListItem\",\"position\":2,\"name\":\"Sostenibilidad\",\"item\":\"https:\/\/badiadipomaio.com\/es\/sostenibilidad\/\"},{\"@type\":\"ListItem\",\"position\":3,\"name\":\"Reciclaje\"}]},{\"@type\":\"WebSite\",\"@id\":\"https:\/\/badiadipomaio.com\/#website\",\"url\":\"https:\/\/badiadipomaio.com\/\",\"name\":\"Badia di Pomaio\",\"description\":\"\",\"publisher\":{\"@id\":\"https:\/\/badiadipomaio.com\/#organization\"},\"potentialAction\":[{\"@type\":\"SearchAction\",\"target\":{\"@type\":\"EntryPoint\",\"urlTemplate\":\"https:\/\/badiadipomaio.com\/?s={search_term_string}\"},\"query-input\":{\"@type\":\"PropertyValueSpecification\",\"valueRequired\":true,\"valueName\":\"search_term_string\"}}],\"inLanguage\":\"es\"},{\"@type\":\"Organization\",\"@id\":\"https:\/\/badiadipomaio.com\/#organization\",\"name\":\"Badia di Pomaio\",\"url\":\"https:\/\/badiadipomaio.com\/\",\"logo\":{\"@type\":\"ImageObject\",\"inLanguage\":\"es\",\"@id\":\"https:\/\/badiadipomaio.com\/#\/schema\/logo\/image\/\",\"url\":\"https:\/\/badiadipomaio.com\/wp-content\/uploads\/2020\/11\/bdp_logo.png\",\"contentUrl\":\"https:\/\/badiadipomaio.com\/wp-content\/uploads\/2020\/11\/bdp_logo.png\",\"width\":368,\"height\":117,\"caption\":\"Badia di Pomaio\"},\"image\":{\"@id\":\"https:\/\/badiadipomaio.com\/#\/schema\/logo\/image\/\"}}]}<\/script>\n<!-- \/ Yoast SEO plugin. -->","yoast_head_json":{"title":"Reciclaje - Badia di Pomaio","robots":{"index":"index","follow":"follow","max-snippet":"max-snippet:-1","max-image-preview":"max-image-preview:large","max-video-preview":"max-video-preview:-1"},"canonical":"https:\/\/badiadipomaio.com\/es\/sostenibilidad\/reciclaje\/","og_locale":"es_ES","og_type":"article","og_title":"Reciclaje - Badia di Pomaio","og_description":"Reciclaje Uno de los problemas m\u00e1s acuciantes de los pa\u00edses del primer mundo es la enorme cantidad de residuos alimentarios evitables que producimos. Se trata... Read more >","og_url":"https:\/\/badiadipomaio.com\/es\/sostenibilidad\/reciclaje\/","og_site_name":"Badia di Pomaio","article_modified_time":"2026-02-06T14:11:23+00:00","og_image":[{"url":"https:\/\/badiadipomaio.com\/wp-content\/uploads\/2021\/11\/recycling-squared.jpg","type":"","width":"","height":""}],"twitter_card":"summary_large_image","twitter_misc":{"Tiempo de lectura":"1 minuto"},"schema":{"@context":"https:\/\/schema.org","@graph":[{"@type":"WebPage","@id":"https:\/\/badiadipomaio.com\/es\/sostenibilidad\/reciclaje\/","url":"https:\/\/badiadipomaio.com\/es\/sostenibilidad\/reciclaje\/","name":"Reciclaje - Badia di Pomaio","isPartOf":{"@id":"https:\/\/badiadipomaio.com\/#website"},"primaryImageOfPage":{"@id":"https:\/\/badiadipomaio.com\/es\/sostenibilidad\/reciclaje\/#primaryimage"},"image":{"@id":"https:\/\/badiadipomaio.com\/es\/sostenibilidad\/reciclaje\/#primaryimage"},"thumbnailUrl":"https:\/\/badiadipomaio.com\/wp-content\/uploads\/2021\/11\/recycling-squared.jpg","datePublished":"2026-02-06T14:10:58+00:00","dateModified":"2026-02-06T14:11:23+00:00","breadcrumb":{"@id":"https:\/\/badiadipomaio.com\/es\/sostenibilidad\/reciclaje\/#breadcrumb"},"inLanguage":"es","potentialAction":[{"@type":"ReadAction","target":["https:\/\/badiadipomaio.com\/es\/sostenibilidad\/reciclaje\/"]}]},{"@type":"ImageObject","inLanguage":"es","@id":"https:\/\/badiadipomaio.com\/es\/sostenibilidad\/reciclaje\/#primaryimage","url":"https:\/\/badiadipomaio.com\/wp-content\/uploads\/2021\/11\/recycling-squared.jpg","contentUrl":"https:\/\/badiadipomaio.com\/wp-content\/uploads\/2021\/11\/recycling-squared.jpg"},{"@type":"BreadcrumbList","@id":"https:\/\/badiadipomaio.com\/es\/sostenibilidad\/reciclaje\/#breadcrumb","itemListElement":[{"@type":"ListItem","position":1,"name":"Home","item":"https:\/\/badiadipomaio.com\/es\/"},{"@type":"ListItem","position":2,"name":"Sostenibilidad","item":"https:\/\/badiadipomaio.com\/es\/sostenibilidad\/"},{"@type":"ListItem","position":3,"name":"Reciclaje"}]},{"@type":"WebSite","@id":"https:\/\/badiadipomaio.com\/#website","url":"https:\/\/badiadipomaio.com\/","name":"Badia di Pomaio","description":"","publisher":{"@id":"https:\/\/badiadipomaio.com\/#organization"},"potentialAction":[{"@type":"SearchAction","target":{"@type":"EntryPoint","urlTemplate":"https:\/\/badiadipomaio.com\/?s={search_term_string}"},"query-input":{"@type":"PropertyValueSpecification","valueRequired":true,"valueName":"search_term_string"}}],"inLanguage":"es"},{"@type":"Organization","@id":"https:\/\/badiadipomaio.com\/#organization","name":"Badia di Pomaio","url":"https:\/\/badiadipomaio.com\/","logo":{"@type":"ImageObject","inLanguage":"es","@id":"https:\/\/badiadipomaio.com\/#\/schema\/logo\/image\/","url":"https:\/\/badiadipomaio.com\/wp-content\/uploads\/2020\/11\/bdp_logo.png","contentUrl":"https:\/\/badiadipomaio.com\/wp-content\/uploads\/2020\/11\/bdp_logo.png","width":368,"height":117,"caption":"Badia di Pomaio"},"image":{"@id":"https:\/\/badiadipomaio.com\/#\/schema\/logo\/image\/"}}]}},"_links":{"self":[{"href":"https:\/\/badiadipomaio.com\/es\/wp-json\/wp\/v2\/pages\/8565","targetHints":{"allow":["GET"]}}],"collection":[{"href":"https:\/\/badiadipomaio.com\/es\/wp-json\/wp\/v2\/pages"}],"about":[{"href":"https:\/\/badiadipomaio.com\/es\/wp-json\/wp\/v2\/types\/page"}],"author":[{"embeddable":true,"href":"https:\/\/badiadipomaio.com\/es\/wp-json\/wp\/v2\/users\/1"}],"replies":[{"embeddable":true,"href":"https:\/\/badiadipomaio.com\/es\/wp-json\/wp\/v2\/comments?post=8565"}],"version-history":[{"count":1,"href":"https:\/\/badiadipomaio.com\/es\/wp-json\/wp\/v2\/pages\/8565\/revisions"}],"predecessor-version":[{"id":8568,"href":"https:\/\/badiadipomaio.com\/es\/wp-json\/wp\/v2\/pages\/8565\/revisions\/8568"}],"up":[{"embeddable":true,"href":"https:\/\/badiadipomaio.com\/es\/wp-json\/wp\/v2\/pages\/8634"}],"wp:attachment":[{"href":"https:\/\/badiadipomaio.com\/es\/wp-json\/wp\/v2\/media?parent=8565"}],"curies":[{"name":"wp","href":"https:\/\/api.w.org\/{rel}","templated":true}]}}