{"id":8468,"date":"2026-02-06T15:10:32","date_gmt":"2026-02-06T14:10:32","guid":{"rendered":"https:\/\/badiadipomaio.com\/senderismo\/"},"modified":"2026-02-06T15:12:17","modified_gmt":"2026-02-06T14:12:17","slug":"senderismo","status":"publish","type":"page","link":"https:\/\/badiadipomaio.com\/es\/experiencias\/senderismo\/","title":{"rendered":"Senderismo"},"content":{"rendered":"\t\t<div data-elementor-type=\"wp-page\" data-elementor-id=\"8468\" class=\"elementor elementor-8468 elementor-7834\">\n\t\t\t\t\t\t<section class=\"elementor-section elementor-top-section elementor-element elementor-element-8f24068 page-title text-white elementor-section-height-min-height elementor-section-items-bottom elementor-section-boxed elementor-section-height-default\" data-id=\"8f24068\" data-element_type=\"section\" data-e-type=\"section\" data-settings=\"{&quot;background_background&quot;:&quot;classic&quot;}\">\n\t\t\t\t\t\t\t<div class=\"elementor-background-overlay\"><\/div>\n\t\t\t\t\t\t\t<div class=\"elementor-container elementor-column-gap-default\">\n\t\t\t\t\t<div class=\"elementor-column elementor-col-100 elementor-top-column elementor-element elementor-element-c5bcd24\" data-id=\"c5bcd24\" data-element_type=\"column\" data-e-type=\"column\">\n\t\t\t<div class=\"elementor-widget-wrap elementor-element-populated\">\n\t\t\t\t\t\t<div class=\"elementor-element elementor-element-0c961b8 elementor-widget elementor-widget-text-editor\" data-id=\"0c961b8\" data-element_type=\"widget\" data-e-type=\"widget\" data-widget_type=\"text-editor.default\">\n\t\t\t\t<div class=\"elementor-widget-container\">\n\t\t\t\t\t\t\t\t\t<h1 style=\"text-align: center;\">SENDERISMO<\/h1>\t\t\t\t\t\t\t\t<\/div>\n\t\t\t\t<\/div>\n\t\t\t\t\t<\/div>\n\t\t<\/div>\n\t\t\t\t\t<\/div>\n\t\t<\/section>\n\t\t\t\t<section class=\"elementor-section elementor-top-section elementor-element elementor-element-055bfbf elementor-section-boxed elementor-section-height-default elementor-section-height-default\" data-id=\"055bfbf\" data-element_type=\"section\" data-e-type=\"section\">\n\t\t\t\t\t\t<div class=\"elementor-container elementor-column-gap-default\">\n\t\t\t\t\t<div class=\"elementor-column elementor-col-16 elementor-top-column elementor-element elementor-element-91669b2\" data-id=\"91669b2\" data-element_type=\"column\" data-e-type=\"column\">\n\t\t\t<div class=\"elementor-widget-wrap\">\n\t\t\t\t\t\t\t<\/div>\n\t\t<\/div>\n\t\t\t\t<div class=\"elementor-column elementor-col-66 elementor-top-column elementor-element elementor-element-56212f8\" data-id=\"56212f8\" data-element_type=\"column\" data-e-type=\"column\">\n\t\t\t<div class=\"elementor-widget-wrap elementor-element-populated\">\n\t\t\t\t\t\t<div class=\"elementor-element elementor-element-a077ecc elementor-widget elementor-widget-text-editor\" data-id=\"a077ecc\" data-element_type=\"widget\" data-e-type=\"widget\" data-widget_type=\"text-editor.default\">\n\t\t\t\t<div class=\"elementor-widget-container\">\n\t\t\t\t\t\t\t\t\t<h2 style=\"text-align: center;\">Explora las bellezas ocultas de la Toscana<\/h2><p style=\"text-align: center;\">Desde sus ondulantes colinas e interminables campos de trigo dorado hasta sus antiguas aldeas y lagos escondidos, la Toscana tiene m\u00e1s que su parte justa de maravillas naturales que explorar. Por suerte para nosotros, Badia di Pomaio est\u00e1 situada justo en el coraz\u00f3n de esta magn\u00edfica regi\u00f3n. <\/p><p style=\"text-align: center;\">Sal del hotel y deja que el bosque te a\u00edsle del resto del mundo. La civilizaci\u00f3n nos ha ense\u00f1ado a temer la soledad, pero aqu\u00ed, bajo las vibrantes c\u00fapulas de hojas verdes, se convertir\u00e1 en una forma de autodescubrimiento. <\/p>\t\t\t\t\t\t\t\t<\/div>\n\t\t\t\t<\/div>\n\t\t\t\t\t<\/div>\n\t\t<\/div>\n\t\t\t\t<div class=\"elementor-column elementor-col-16 elementor-top-column elementor-element elementor-element-6137a92\" data-id=\"6137a92\" data-element_type=\"column\" data-e-type=\"column\">\n\t\t\t<div class=\"elementor-widget-wrap\">\n\t\t\t\t\t\t\t<\/div>\n\t\t<\/div>\n\t\t\t\t\t<\/div>\n\t\t<\/section>\n\t\t\t\t<section class=\"elementor-section elementor-top-section elementor-element elementor-element-accaddd elementor-section-full_width elementor-section-content-middle elementor-section-height-default elementor-section-height-default\" data-id=\"accaddd\" data-element_type=\"section\" data-e-type=\"section\">\n\t\t\t\t\t\t<div class=\"elementor-container elementor-column-gap-no\">\n\t\t\t\t\t<div class=\"elementor-column elementor-col-66 elementor-top-column elementor-element elementor-element-56f14ba\" data-id=\"56f14ba\" data-element_type=\"column\" data-e-type=\"column\">\n\t\t\t<div class=\"elementor-widget-wrap elementor-element-populated\">\n\t\t\t\t\t\t<div class=\"elementor-element elementor-element-a6cafcb elementor-widget elementor-widget-image\" data-id=\"a6cafcb\" data-element_type=\"widget\" data-e-type=\"widget\" data-widget_type=\"image.default\">\n\t\t\t\t<div class=\"elementor-widget-container\">\n\t\t\t\t\t\t\t\t\t\t\t\t\t\t\t<img fetchpriority=\"high\" decoding=\"async\" width=\"1500\" height=\"1000\" src=\"https:\/\/badiadipomaio.com\/wp-content\/uploads\/2024\/02\/hiking.jpg\" class=\"attachment-full size-full wp-image-8472\" alt=\"\" srcset=\"https:\/\/badiadipomaio.com\/wp-content\/uploads\/2024\/02\/hiking.jpg 1500w, https:\/\/badiadipomaio.com\/wp-content\/uploads\/2024\/02\/hiking-300x200.jpg 300w, https:\/\/badiadipomaio.com\/wp-content\/uploads\/2024\/02\/hiking-1024x683.jpg 1024w, https:\/\/badiadipomaio.com\/wp-content\/uploads\/2024\/02\/hiking-768x512.jpg 768w\" sizes=\"(max-width: 1500px) 100vw, 1500px\" \/>\t\t\t\t\t\t\t\t\t\t\t\t\t\t\t<\/div>\n\t\t\t\t<\/div>\n\t\t\t\t\t<\/div>\n\t\t<\/div>\n\t\t\t\t<div class=\"elementor-column elementor-col-33 elementor-top-column elementor-element elementor-element-ccfd8a7 elementor-invisible\" data-id=\"ccfd8a7\" data-element_type=\"column\" data-e-type=\"column\" data-settings=\"{&quot;background_background&quot;:&quot;classic&quot;,&quot;animation&quot;:&quot;fadeInRight&quot;}\">\n\t\t\t<div class=\"elementor-widget-wrap elementor-element-populated\">\n\t\t\t\t\t\t<div class=\"elementor-element elementor-element-6d999a0 elementor-widget elementor-widget-text-editor\" data-id=\"6d999a0\" data-element_type=\"widget\" data-e-type=\"widget\" data-widget_type=\"text-editor.default\">\n\t\t\t\t<div class=\"elementor-widget-container\">\n\t\t\t\t\t\t\t\t\t<h3>Rodeado de naturaleza<\/h3><p>No encontrar\u00e1s edificios ni carreteras de verdad en el bosque, s\u00f3lo caminos de tierra que te conducir\u00e1n al coraz\u00f3n de la naturaleza salvaje. El piar de los p\u00e1jaros y el suave gorgoteo de los arroyos te proporcionar\u00e1n toda la m\u00fasica que necesites. <\/p><p>La recompensa al final del trekking ser\u00e1 espectacular: no s\u00f3lo por las incre\u00edbles vistas o la tranquilidad de la naturaleza, sino sobre todo por la sensaci\u00f3n de logro y satisfacci\u00f3n personal. Desde el hotel parten numerosos senderos, algunos m\u00e1s f\u00e1ciles que otros. <\/p><p>Puedes explorar el bosque, caminar hasta la cima de la monta\u00f1a o incluso bajar hasta la ciudad. Independientemente de tu nivel de experiencia, tanto si eres un principiante como un excursionista experto, hemos preparado mapas de varias rutas que puedes explorar. <\/p>\t\t\t\t\t\t\t\t<\/div>\n\t\t\t\t<\/div>\n\t\t\t\t\t<\/div>\n\t\t<\/div>\n\t\t\t\t\t<\/div>\n\t\t<\/section>\n\t\t\t\t<\/div>\n\t\t","protected":false},"excerpt":{"rendered":"<p>SENDERISMO Explora las bellezas ocultas de la Toscana Desde sus ondulantes colinas e interminables campos de trigo dorado hasta sus antiguas aldeas y lagos escondidos,&#8230; <a class=\"read-more\" style=\"text-decoration:underline;\" href=\"https:\/\/badiadipomaio.com\/es\/experiencias\/senderismo\/\">Read more ><\/a><\/p>\n","protected":false},"author":1,"featured_media":0,"parent":8819,"menu_order":0,"comment_status":"closed","ping_status":"closed","template":"elementor_header_footer","meta":{"_acf_changed":false,"footnotes":""},"class_list":["post-8468","page","type-page","status-publish","hentry"],"acf":[],"yoast_head":"<!-- This site is optimized with the Yoast SEO plugin v27.4 - https:\/\/yoast.com\/product\/yoast-seo-wordpress\/ -->\n<title>Senderismo - Badia di Pomaio<\/title>\n<meta name=\"robots\" content=\"index, follow, max-snippet:-1, max-image-preview:large, max-video-preview:-1\" \/>\n<link rel=\"canonical\" href=\"https:\/\/badiadipomaio.com\/es\/experiencias\/senderismo\/\" \/>\n<meta property=\"og:locale\" content=\"es_ES\" \/>\n<meta property=\"og:type\" content=\"article\" \/>\n<meta property=\"og:title\" content=\"Senderismo - Badia di Pomaio\" \/>\n<meta property=\"og:description\" content=\"SENDERISMO Explora las bellezas ocultas de la Toscana Desde sus ondulantes colinas e interminables campos de trigo dorado hasta sus antiguas aldeas y lagos escondidos,... Read more &gt;\" \/>\n<meta property=\"og:url\" content=\"https:\/\/badiadipomaio.com\/es\/experiencias\/senderismo\/\" \/>\n<meta property=\"og:site_name\" content=\"Badia di Pomaio\" \/>\n<meta property=\"article:modified_time\" content=\"2026-02-06T14:12:17+00:00\" \/>\n<meta property=\"og:image\" content=\"https:\/\/badiadipomaio.com\/wp-content\/uploads\/2024\/02\/hiking.jpg\" \/>\n<meta name=\"twitter:card\" content=\"summary_large_image\" \/>\n<meta name=\"twitter:label1\" content=\"Tiempo de lectura\" \/>\n\t<meta name=\"twitter:data1\" content=\"1 minuto\" \/>\n<script type=\"application\/ld+json\" class=\"yoast-schema-graph\">{\"@context\":\"https:\\\/\\\/schema.org\",\"@graph\":[{\"@type\":\"WebPage\",\"@id\":\"https:\\\/\\\/badiadipomaio.com\\\/es\\\/experiencias\\\/senderismo\\\/\",\"url\":\"https:\\\/\\\/badiadipomaio.com\\\/es\\\/experiencias\\\/senderismo\\\/\",\"name\":\"Senderismo - Badia di Pomaio\",\"isPartOf\":{\"@id\":\"https:\\\/\\\/badiadipomaio.com\\\/#website\"},\"primaryImageOfPage\":{\"@id\":\"https:\\\/\\\/badiadipomaio.com\\\/es\\\/experiencias\\\/senderismo\\\/#primaryimage\"},\"image\":{\"@id\":\"https:\\\/\\\/badiadipomaio.com\\\/es\\\/experiencias\\\/senderismo\\\/#primaryimage\"},\"thumbnailUrl\":\"https:\\\/\\\/badiadipomaio.com\\\/wp-content\\\/uploads\\\/2024\\\/02\\\/hiking.jpg\",\"datePublished\":\"2026-02-06T14:10:32+00:00\",\"dateModified\":\"2026-02-06T14:12:17+00:00\",\"breadcrumb\":{\"@id\":\"https:\\\/\\\/badiadipomaio.com\\\/es\\\/experiencias\\\/senderismo\\\/#breadcrumb\"},\"inLanguage\":\"es\",\"potentialAction\":[{\"@type\":\"ReadAction\",\"target\":[\"https:\\\/\\\/badiadipomaio.com\\\/es\\\/experiencias\\\/senderismo\\\/\"]}]},{\"@type\":\"ImageObject\",\"inLanguage\":\"es\",\"@id\":\"https:\\\/\\\/badiadipomaio.com\\\/es\\\/experiencias\\\/senderismo\\\/#primaryimage\",\"url\":\"https:\\\/\\\/badiadipomaio.com\\\/wp-content\\\/uploads\\\/2024\\\/02\\\/hiking.jpg\",\"contentUrl\":\"https:\\\/\\\/badiadipomaio.com\\\/wp-content\\\/uploads\\\/2024\\\/02\\\/hiking.jpg\"},{\"@type\":\"BreadcrumbList\",\"@id\":\"https:\\\/\\\/badiadipomaio.com\\\/es\\\/experiencias\\\/senderismo\\\/#breadcrumb\",\"itemListElement\":[{\"@type\":\"ListItem\",\"position\":1,\"name\":\"Home\",\"item\":\"https:\\\/\\\/badiadipomaio.com\\\/es\\\/\"},{\"@type\":\"ListItem\",\"position\":2,\"name\":\"Experiencias\",\"item\":\"https:\\\/\\\/badiadipomaio.com\\\/es\\\/experiencias\\\/\"},{\"@type\":\"ListItem\",\"position\":3,\"name\":\"Senderismo\"}]},{\"@type\":\"WebSite\",\"@id\":\"https:\\\/\\\/badiadipomaio.com\\\/#website\",\"url\":\"https:\\\/\\\/badiadipomaio.com\\\/\",\"name\":\"Badia di Pomaio\",\"description\":\"\",\"publisher\":{\"@id\":\"https:\\\/\\\/badiadipomaio.com\\\/#organization\"},\"potentialAction\":[{\"@type\":\"SearchAction\",\"target\":{\"@type\":\"EntryPoint\",\"urlTemplate\":\"https:\\\/\\\/badiadipomaio.com\\\/?s={search_term_string}\"},\"query-input\":{\"@type\":\"PropertyValueSpecification\",\"valueRequired\":true,\"valueName\":\"search_term_string\"}}],\"inLanguage\":\"es\"},{\"@type\":\"Organization\",\"@id\":\"https:\\\/\\\/badiadipomaio.com\\\/#organization\",\"name\":\"Badia di Pomaio\",\"url\":\"https:\\\/\\\/badiadipomaio.com\\\/\",\"logo\":{\"@type\":\"ImageObject\",\"inLanguage\":\"es\",\"@id\":\"https:\\\/\\\/badiadipomaio.com\\\/#\\\/schema\\\/logo\\\/image\\\/\",\"url\":\"https:\\\/\\\/badiadipomaio.com\\\/wp-content\\\/uploads\\\/2020\\\/11\\\/bdp_logo.png\",\"contentUrl\":\"https:\\\/\\\/badiadipomaio.com\\\/wp-content\\\/uploads\\\/2020\\\/11\\\/bdp_logo.png\",\"width\":368,\"height\":117,\"caption\":\"Badia di Pomaio\"},\"image\":{\"@id\":\"https:\\\/\\\/badiadipomaio.com\\\/#\\\/schema\\\/logo\\\/image\\\/\"}}]}<\/script>\n<!-- \/ Yoast SEO plugin. -->","yoast_head_json":{"title":"Senderismo - Badia di Pomaio","robots":{"index":"index","follow":"follow","max-snippet":"max-snippet:-1","max-image-preview":"max-image-preview:large","max-video-preview":"max-video-preview:-1"},"canonical":"https:\/\/badiadipomaio.com\/es\/experiencias\/senderismo\/","og_locale":"es_ES","og_type":"article","og_title":"Senderismo - Badia di Pomaio","og_description":"SENDERISMO Explora las bellezas ocultas de la Toscana Desde sus ondulantes colinas e interminables campos de trigo dorado hasta sus antiguas aldeas y lagos escondidos,... Read more >","og_url":"https:\/\/badiadipomaio.com\/es\/experiencias\/senderismo\/","og_site_name":"Badia di Pomaio","article_modified_time":"2026-02-06T14:12:17+00:00","og_image":[{"url":"https:\/\/badiadipomaio.com\/wp-content\/uploads\/2024\/02\/hiking.jpg","type":"","width":"","height":""}],"twitter_card":"summary_large_image","twitter_misc":{"Tiempo de lectura":"1 minuto"},"schema":{"@context":"https:\/\/schema.org","@graph":[{"@type":"WebPage","@id":"https:\/\/badiadipomaio.com\/es\/experiencias\/senderismo\/","url":"https:\/\/badiadipomaio.com\/es\/experiencias\/senderismo\/","name":"Senderismo - Badia di Pomaio","isPartOf":{"@id":"https:\/\/badiadipomaio.com\/#website"},"primaryImageOfPage":{"@id":"https:\/\/badiadipomaio.com\/es\/experiencias\/senderismo\/#primaryimage"},"image":{"@id":"https:\/\/badiadipomaio.com\/es\/experiencias\/senderismo\/#primaryimage"},"thumbnailUrl":"https:\/\/badiadipomaio.com\/wp-content\/uploads\/2024\/02\/hiking.jpg","datePublished":"2026-02-06T14:10:32+00:00","dateModified":"2026-02-06T14:12:17+00:00","breadcrumb":{"@id":"https:\/\/badiadipomaio.com\/es\/experiencias\/senderismo\/#breadcrumb"},"inLanguage":"es","potentialAction":[{"@type":"ReadAction","target":["https:\/\/badiadipomaio.com\/es\/experiencias\/senderismo\/"]}]},{"@type":"ImageObject","inLanguage":"es","@id":"https:\/\/badiadipomaio.com\/es\/experiencias\/senderismo\/#primaryimage","url":"https:\/\/badiadipomaio.com\/wp-content\/uploads\/2024\/02\/hiking.jpg","contentUrl":"https:\/\/badiadipomaio.com\/wp-content\/uploads\/2024\/02\/hiking.jpg"},{"@type":"BreadcrumbList","@id":"https:\/\/badiadipomaio.com\/es\/experiencias\/senderismo\/#breadcrumb","itemListElement":[{"@type":"ListItem","position":1,"name":"Home","item":"https:\/\/badiadipomaio.com\/es\/"},{"@type":"ListItem","position":2,"name":"Experiencias","item":"https:\/\/badiadipomaio.com\/es\/experiencias\/"},{"@type":"ListItem","position":3,"name":"Senderismo"}]},{"@type":"WebSite","@id":"https:\/\/badiadipomaio.com\/#website","url":"https:\/\/badiadipomaio.com\/","name":"Badia di Pomaio","description":"","publisher":{"@id":"https:\/\/badiadipomaio.com\/#organization"},"potentialAction":[{"@type":"SearchAction","target":{"@type":"EntryPoint","urlTemplate":"https:\/\/badiadipomaio.com\/?s={search_term_string}"},"query-input":{"@type":"PropertyValueSpecification","valueRequired":true,"valueName":"search_term_string"}}],"inLanguage":"es"},{"@type":"Organization","@id":"https:\/\/badiadipomaio.com\/#organization","name":"Badia di Pomaio","url":"https:\/\/badiadipomaio.com\/","logo":{"@type":"ImageObject","inLanguage":"es","@id":"https:\/\/badiadipomaio.com\/#\/schema\/logo\/image\/","url":"https:\/\/badiadipomaio.com\/wp-content\/uploads\/2020\/11\/bdp_logo.png","contentUrl":"https:\/\/badiadipomaio.com\/wp-content\/uploads\/2020\/11\/bdp_logo.png","width":368,"height":117,"caption":"Badia di Pomaio"},"image":{"@id":"https:\/\/badiadipomaio.com\/#\/schema\/logo\/image\/"}}]}},"_links":{"self":[{"href":"https:\/\/badiadipomaio.com\/es\/wp-json\/wp\/v2\/pages\/8468","targetHints":{"allow":["GET"]}}],"collection":[{"href":"https:\/\/badiadipomaio.com\/es\/wp-json\/wp\/v2\/pages"}],"about":[{"href":"https:\/\/badiadipomaio.com\/es\/wp-json\/wp\/v2\/types\/page"}],"author":[{"embeddable":true,"href":"https:\/\/badiadipomaio.com\/es\/wp-json\/wp\/v2\/users\/1"}],"replies":[{"embeddable":true,"href":"https:\/\/badiadipomaio.com\/es\/wp-json\/wp\/v2\/comments?post=8468"}],"version-history":[{"count":1,"href":"https:\/\/badiadipomaio.com\/es\/wp-json\/wp\/v2\/pages\/8468\/revisions"}],"predecessor-version":[{"id":8473,"href":"https:\/\/badiadipomaio.com\/es\/wp-json\/wp\/v2\/pages\/8468\/revisions\/8473"}],"up":[{"embeddable":true,"href":"https:\/\/badiadipomaio.com\/es\/wp-json\/wp\/v2\/pages\/8819"}],"wp:attachment":[{"href":"https:\/\/badiadipomaio.com\/es\/wp-json\/wp\/v2\/media?parent=8468"}],"curies":[{"name":"wp","href":"https:\/\/api.w.org\/{rel}","templated":true}]}}