{"id":8060,"date":"2024-04-27T15:58:21","date_gmt":"2024-04-27T13:58:21","guid":{"rendered":"https:\/\/badiadipomaio.com\/erlebnisse\/wandern\/"},"modified":"2024-04-27T15:58:21","modified_gmt":"2024-04-27T13:58:21","slug":"wandern","status":"publish","type":"page","link":"https:\/\/badiadipomaio.com\/de\/erlebnisse\/wandern\/","title":{"rendered":"Wandern"},"content":{"rendered":"\t\t<div data-elementor-type=\"wp-page\" data-elementor-id=\"8060\" class=\"elementor elementor-8060 elementor-7834\">\n\t\t\t\t\t\t<section class=\"elementor-section elementor-top-section elementor-element elementor-element-8f24068 page-title text-white elementor-section-height-min-height elementor-section-items-bottom elementor-section-boxed elementor-section-height-default\" data-id=\"8f24068\" data-element_type=\"section\" data-e-type=\"section\" data-settings=\"{&quot;background_background&quot;:&quot;classic&quot;}\">\n\t\t\t\t\t\t\t<div class=\"elementor-background-overlay\"><\/div>\n\t\t\t\t\t\t\t<div class=\"elementor-container elementor-column-gap-default\">\n\t\t\t\t\t<div class=\"elementor-column elementor-col-100 elementor-top-column elementor-element elementor-element-c5bcd24\" data-id=\"c5bcd24\" data-element_type=\"column\" data-e-type=\"column\">\n\t\t\t<div class=\"elementor-widget-wrap elementor-element-populated\">\n\t\t\t\t\t\t<div class=\"elementor-element elementor-element-0c961b8 elementor-widget elementor-widget-text-editor\" data-id=\"0c961b8\" data-element_type=\"widget\" data-e-type=\"widget\" data-widget_type=\"text-editor.default\">\n\t\t\t\t<div class=\"elementor-widget-container\">\n\t\t\t\t\t\t\t\t\t<h1 style=\"text-align: center;\">HIKING<\/h1>\n\t\t\t\t\t\t\t\t<\/div>\n\t\t\t\t<\/div>\n\t\t\t\t\t<\/div>\n\t\t<\/div>\n\t\t\t\t\t<\/div>\n\t\t<\/section>\n\t\t\t\t<section class=\"elementor-section elementor-top-section elementor-element elementor-element-055bfbf elementor-section-boxed elementor-section-height-default elementor-section-height-default\" data-id=\"055bfbf\" data-element_type=\"section\" data-e-type=\"section\">\n\t\t\t\t\t\t<div class=\"elementor-container elementor-column-gap-default\">\n\t\t\t\t\t<div class=\"elementor-column elementor-col-16 elementor-top-column elementor-element elementor-element-91669b2\" data-id=\"91669b2\" data-element_type=\"column\" data-e-type=\"column\">\n\t\t\t<div class=\"elementor-widget-wrap\">\n\t\t\t\t\t\t\t<\/div>\n\t\t<\/div>\n\t\t\t\t<div class=\"elementor-column elementor-col-66 elementor-top-column elementor-element elementor-element-56212f8\" data-id=\"56212f8\" data-element_type=\"column\" data-e-type=\"column\">\n\t\t\t<div class=\"elementor-widget-wrap elementor-element-populated\">\n\t\t\t\t\t\t<div class=\"elementor-element elementor-element-a077ecc elementor-widget elementor-widget-text-editor\" data-id=\"a077ecc\" data-element_type=\"widget\" data-e-type=\"widget\" data-widget_type=\"text-editor.default\">\n\t\t\t\t<div class=\"elementor-widget-container\">\n\t\t\t\t\t\t\t\t\t<h2 style=\"text-align: center;\">Entdecken Sie die verborgenen Sch\u00f6nheiten der Toskana<\/h2>\n<p style=\"text-align: center;\">Von den sanften H\u00fcgeln und endlosen goldenen Weizenfeldern bis hin zu den alten D\u00f6rfern und versteckten Seen &#8211; in der Toskana gibt es jede Menge Natursch\u00f6nheiten zu entdecken. Zum Gl\u00fcck liegt Badia di Pomaio im Herzen dieser herrlichen Region!<\/p>\n<p style=\"text-align: center;\">Verlassen Sie das Hotel und lassen Sie zu, dass der Wald Sie vertraulich aufnimmt. Die Zivilisation hat uns gelehrt, die Einsamkeit zu f\u00fcrchten, aber hier, gesch\u00fctzt unter leuchtend gr\u00fcnen Kuppeln, wird sie ein Weg, um sich selbst zu entdecken.<\/p>\n\t\t\t\t\t\t\t\t<\/div>\n\t\t\t\t<\/div>\n\t\t\t\t\t<\/div>\n\t\t<\/div>\n\t\t\t\t<div class=\"elementor-column elementor-col-16 elementor-top-column elementor-element elementor-element-6137a92\" data-id=\"6137a92\" data-element_type=\"column\" data-e-type=\"column\">\n\t\t\t<div class=\"elementor-widget-wrap\">\n\t\t\t\t\t\t\t<\/div>\n\t\t<\/div>\n\t\t\t\t\t<\/div>\n\t\t<\/section>\n\t\t\t\t<section class=\"elementor-section elementor-top-section elementor-element elementor-element-accaddd elementor-section-full_width elementor-section-content-middle elementor-section-height-default elementor-section-height-default\" data-id=\"accaddd\" data-element_type=\"section\" data-e-type=\"section\">\n\t\t\t\t\t\t<div class=\"elementor-container elementor-column-gap-no\">\n\t\t\t\t\t<div class=\"elementor-column elementor-col-66 elementor-top-column elementor-element elementor-element-56f14ba\" data-id=\"56f14ba\" data-element_type=\"column\" data-e-type=\"column\">\n\t\t\t<div class=\"elementor-widget-wrap elementor-element-populated\">\n\t\t\t\t\t\t<div class=\"elementor-element elementor-element-a6cafcb elementor-widget elementor-widget-image\" data-id=\"a6cafcb\" data-element_type=\"widget\" data-e-type=\"widget\" data-widget_type=\"image.default\">\n\t\t\t\t<div class=\"elementor-widget-container\">\n\t\t\t\t\t\t\t\t\t\t\t\t\t\t\t<img fetchpriority=\"high\" decoding=\"async\" width=\"1500\" height=\"1000\" src=\"https:\/\/badiadipomaio.com\/wp-content\/uploads\/2024\/02\/hiking.jpg\" class=\"attachment-full size-full wp-image-7917\" alt=\"\" srcset=\"https:\/\/badiadipomaio.com\/wp-content\/uploads\/2024\/02\/hiking.jpg 1500w, https:\/\/badiadipomaio.com\/wp-content\/uploads\/2024\/02\/hiking-300x200.jpg 300w, https:\/\/badiadipomaio.com\/wp-content\/uploads\/2024\/02\/hiking-1024x683.jpg 1024w, https:\/\/badiadipomaio.com\/wp-content\/uploads\/2024\/02\/hiking-768x512.jpg 768w\" sizes=\"(max-width: 1500px) 100vw, 1500px\" \/>\t\t\t\t\t\t\t\t\t\t\t\t\t\t\t<\/div>\n\t\t\t\t<\/div>\n\t\t\t\t\t<\/div>\n\t\t<\/div>\n\t\t\t\t<div class=\"elementor-column elementor-col-33 elementor-top-column elementor-element elementor-element-ccfd8a7 elementor-invisible\" data-id=\"ccfd8a7\" data-element_type=\"column\" data-e-type=\"column\" data-settings=\"{&quot;background_background&quot;:&quot;classic&quot;,&quot;animation&quot;:&quot;fadeInRight&quot;}\">\n\t\t\t<div class=\"elementor-widget-wrap elementor-element-populated\">\n\t\t\t\t\t\t<div class=\"elementor-element elementor-element-6d999a0 elementor-widget elementor-widget-text-editor\" data-id=\"6d999a0\" data-element_type=\"widget\" data-e-type=\"widget\" data-widget_type=\"text-editor.default\">\n\t\t\t\t<div class=\"elementor-widget-container\">\n\t\t\t\t\t\t\t\t\t<h3>Umgeben von Natur<\/h3>\n<p>Im Wald gibt es weder Geb\u00e4ude noch Stra\u00dfen &#8211; nur Feldwege, die Sie ins Herz der unber\u00fchrten Natur f\u00fchren. Das Zwitschern der V\u00f6gel und das sanfte Pl\u00e4tschern der B\u00e4che sind die einzige Musik, die Sie brauchen.<\/p>\n<p>Am Ende der Wanderung gibt es eine einmalige Belohnung: nicht nur die unglaubliche Aussicht oder die Ruhe der Natur, sondern vor allem die pers\u00f6nliche Befriedigung und das Gef\u00fchl, etwas erreicht zu haben. Am Hotel beginnen zahlreiche Waldwege; einige einfacher als andere.<\/p>\n<p>Sie k\u00f6nnen den Wald erkunden, sich auf den Gipfel des Berges wagen oder in die Stadt hinabsteigen. Unabh\u00e4ngig von Ihrem K\u00f6nnen, ob Sie Anf\u00e4nger oder Experte sind, haben wir Karten mit verschiedenen Routen vorbereitet, die Sie erkunden k\u00f6nnen.<\/p>\n\t\t\t\t\t\t\t\t<\/div>\n\t\t\t\t<\/div>\n\t\t\t\t\t<\/div>\n\t\t<\/div>\n\t\t\t\t\t<\/div>\n\t\t<\/section>\n\t\t\t\t<\/div>\n\t\t","protected":false},"excerpt":{"rendered":"<p>HIKING Entdecken Sie die verborgenen Sch\u00f6nheiten der Toskana Von den sanften H\u00fcgeln und endlosen goldenen Weizenfeldern bis hin zu den alten D\u00f6rfern und versteckten Seen&#8230; <a class=\"read-more\" style=\"text-decoration:underline;\" href=\"https:\/\/badiadipomaio.com\/de\/erlebnisse\/wandern\/\">Weiterlesen ><\/a><\/p>\n","protected":false},"author":1,"featured_media":0,"parent":4584,"menu_order":0,"comment_status":"closed","ping_status":"closed","template":"elementor_header_footer","meta":{"_acf_changed":false,"footnotes":""},"class_list":["post-8060","page","type-page","status-publish","hentry"],"acf":[],"yoast_head":"<!-- This site is optimized with the Yoast SEO plugin v27.0 - https:\/\/yoast.com\/product\/yoast-seo-wordpress\/ -->\n<title>Wandern - Badia di Pomaio<\/title>\n<meta name=\"robots\" content=\"index, follow, max-snippet:-1, max-image-preview:large, max-video-preview:-1\" \/>\n<link rel=\"canonical\" href=\"https:\/\/badiadipomaio.com\/de\/erlebnisse\/wandern\/\" \/>\n<meta property=\"og:locale\" content=\"de_DE\" \/>\n<meta property=\"og:type\" content=\"article\" \/>\n<meta property=\"og:title\" content=\"Wandern - Badia di Pomaio\" \/>\n<meta property=\"og:description\" content=\"HIKING Entdecken Sie die verborgenen Sch\u00f6nheiten der Toskana Von den sanften H\u00fcgeln und endlosen goldenen Weizenfeldern bis hin zu den alten D\u00f6rfern und versteckten Seen... Weiterlesen &gt;\" \/>\n<meta property=\"og:url\" content=\"https:\/\/badiadipomaio.com\/de\/erlebnisse\/wandern\/\" \/>\n<meta property=\"og:site_name\" content=\"Badia di Pomaio\" \/>\n<meta property=\"og:image\" content=\"https:\/\/badiadipomaio.com\/wp-content\/uploads\/2024\/02\/hiking.jpg\" \/>\n<meta name=\"twitter:card\" content=\"summary_large_image\" \/>\n<meta name=\"twitter:label1\" content=\"Gesch\u00e4tzte Lesezeit\" \/>\n\t<meta name=\"twitter:data1\" content=\"1\u00a0Minute\" \/>\n<script type=\"application\/ld+json\" class=\"yoast-schema-graph\">{\"@context\":\"https:\/\/schema.org\",\"@graph\":[{\"@type\":\"WebPage\",\"@id\":\"https:\/\/badiadipomaio.com\/de\/erlebnisse\/wandern\/\",\"url\":\"https:\/\/badiadipomaio.com\/de\/erlebnisse\/wandern\/\",\"name\":\"Wandern - Badia di Pomaio\",\"isPartOf\":{\"@id\":\"https:\/\/badiadipomaio.com\/#website\"},\"primaryImageOfPage\":{\"@id\":\"https:\/\/badiadipomaio.com\/de\/erlebnisse\/wandern\/#primaryimage\"},\"image\":{\"@id\":\"https:\/\/badiadipomaio.com\/de\/erlebnisse\/wandern\/#primaryimage\"},\"thumbnailUrl\":\"https:\/\/badiadipomaio.com\/wp-content\/uploads\/2024\/02\/hiking.jpg\",\"datePublished\":\"2024-04-27T13:58:21+00:00\",\"breadcrumb\":{\"@id\":\"https:\/\/badiadipomaio.com\/de\/erlebnisse\/wandern\/#breadcrumb\"},\"inLanguage\":\"de\",\"potentialAction\":[{\"@type\":\"ReadAction\",\"target\":[\"https:\/\/badiadipomaio.com\/de\/erlebnisse\/wandern\/\"]}]},{\"@type\":\"ImageObject\",\"inLanguage\":\"de\",\"@id\":\"https:\/\/badiadipomaio.com\/de\/erlebnisse\/wandern\/#primaryimage\",\"url\":\"https:\/\/badiadipomaio.com\/wp-content\/uploads\/2024\/02\/hiking.jpg\",\"contentUrl\":\"https:\/\/badiadipomaio.com\/wp-content\/uploads\/2024\/02\/hiking.jpg\"},{\"@type\":\"BreadcrumbList\",\"@id\":\"https:\/\/badiadipomaio.com\/de\/erlebnisse\/wandern\/#breadcrumb\",\"itemListElement\":[{\"@type\":\"ListItem\",\"position\":1,\"name\":\"Home\",\"item\":\"https:\/\/badiadipomaio.com\/de\/home-2\/\"},{\"@type\":\"ListItem\",\"position\":2,\"name\":\"Erlebnisse\",\"item\":\"https:\/\/badiadipomaio.com\/de\/erlebnisse\/\"},{\"@type\":\"ListItem\",\"position\":3,\"name\":\"Wandern\"}]},{\"@type\":\"WebSite\",\"@id\":\"https:\/\/badiadipomaio.com\/#website\",\"url\":\"https:\/\/badiadipomaio.com\/\",\"name\":\"Badia di Pomaio\",\"description\":\"\",\"publisher\":{\"@id\":\"https:\/\/badiadipomaio.com\/#organization\"},\"potentialAction\":[{\"@type\":\"SearchAction\",\"target\":{\"@type\":\"EntryPoint\",\"urlTemplate\":\"https:\/\/badiadipomaio.com\/?s={search_term_string}\"},\"query-input\":{\"@type\":\"PropertyValueSpecification\",\"valueRequired\":true,\"valueName\":\"search_term_string\"}}],\"inLanguage\":\"de\"},{\"@type\":\"Organization\",\"@id\":\"https:\/\/badiadipomaio.com\/#organization\",\"name\":\"Badia di Pomaio\",\"url\":\"https:\/\/badiadipomaio.com\/\",\"logo\":{\"@type\":\"ImageObject\",\"inLanguage\":\"de\",\"@id\":\"https:\/\/badiadipomaio.com\/#\/schema\/logo\/image\/\",\"url\":\"https:\/\/badiadipomaio.com\/wp-content\/uploads\/2020\/11\/bdp_logo.png\",\"contentUrl\":\"https:\/\/badiadipomaio.com\/wp-content\/uploads\/2020\/11\/bdp_logo.png\",\"width\":368,\"height\":117,\"caption\":\"Badia di Pomaio\"},\"image\":{\"@id\":\"https:\/\/badiadipomaio.com\/#\/schema\/logo\/image\/\"}}]}<\/script>\n<!-- \/ Yoast SEO plugin. -->","yoast_head_json":{"title":"Wandern - Badia di Pomaio","robots":{"index":"index","follow":"follow","max-snippet":"max-snippet:-1","max-image-preview":"max-image-preview:large","max-video-preview":"max-video-preview:-1"},"canonical":"https:\/\/badiadipomaio.com\/de\/erlebnisse\/wandern\/","og_locale":"de_DE","og_type":"article","og_title":"Wandern - Badia di Pomaio","og_description":"HIKING Entdecken Sie die verborgenen Sch\u00f6nheiten der Toskana Von den sanften H\u00fcgeln und endlosen goldenen Weizenfeldern bis hin zu den alten D\u00f6rfern und versteckten Seen... Weiterlesen >","og_url":"https:\/\/badiadipomaio.com\/de\/erlebnisse\/wandern\/","og_site_name":"Badia di Pomaio","og_image":[{"url":"https:\/\/badiadipomaio.com\/wp-content\/uploads\/2024\/02\/hiking.jpg","type":"","width":"","height":""}],"twitter_card":"summary_large_image","twitter_misc":{"Gesch\u00e4tzte Lesezeit":"1\u00a0Minute"},"schema":{"@context":"https:\/\/schema.org","@graph":[{"@type":"WebPage","@id":"https:\/\/badiadipomaio.com\/de\/erlebnisse\/wandern\/","url":"https:\/\/badiadipomaio.com\/de\/erlebnisse\/wandern\/","name":"Wandern - Badia di Pomaio","isPartOf":{"@id":"https:\/\/badiadipomaio.com\/#website"},"primaryImageOfPage":{"@id":"https:\/\/badiadipomaio.com\/de\/erlebnisse\/wandern\/#primaryimage"},"image":{"@id":"https:\/\/badiadipomaio.com\/de\/erlebnisse\/wandern\/#primaryimage"},"thumbnailUrl":"https:\/\/badiadipomaio.com\/wp-content\/uploads\/2024\/02\/hiking.jpg","datePublished":"2024-04-27T13:58:21+00:00","breadcrumb":{"@id":"https:\/\/badiadipomaio.com\/de\/erlebnisse\/wandern\/#breadcrumb"},"inLanguage":"de","potentialAction":[{"@type":"ReadAction","target":["https:\/\/badiadipomaio.com\/de\/erlebnisse\/wandern\/"]}]},{"@type":"ImageObject","inLanguage":"de","@id":"https:\/\/badiadipomaio.com\/de\/erlebnisse\/wandern\/#primaryimage","url":"https:\/\/badiadipomaio.com\/wp-content\/uploads\/2024\/02\/hiking.jpg","contentUrl":"https:\/\/badiadipomaio.com\/wp-content\/uploads\/2024\/02\/hiking.jpg"},{"@type":"BreadcrumbList","@id":"https:\/\/badiadipomaio.com\/de\/erlebnisse\/wandern\/#breadcrumb","itemListElement":[{"@type":"ListItem","position":1,"name":"Home","item":"https:\/\/badiadipomaio.com\/de\/home-2\/"},{"@type":"ListItem","position":2,"name":"Erlebnisse","item":"https:\/\/badiadipomaio.com\/de\/erlebnisse\/"},{"@type":"ListItem","position":3,"name":"Wandern"}]},{"@type":"WebSite","@id":"https:\/\/badiadipomaio.com\/#website","url":"https:\/\/badiadipomaio.com\/","name":"Badia di Pomaio","description":"","publisher":{"@id":"https:\/\/badiadipomaio.com\/#organization"},"potentialAction":[{"@type":"SearchAction","target":{"@type":"EntryPoint","urlTemplate":"https:\/\/badiadipomaio.com\/?s={search_term_string}"},"query-input":{"@type":"PropertyValueSpecification","valueRequired":true,"valueName":"search_term_string"}}],"inLanguage":"de"},{"@type":"Organization","@id":"https:\/\/badiadipomaio.com\/#organization","name":"Badia di Pomaio","url":"https:\/\/badiadipomaio.com\/","logo":{"@type":"ImageObject","inLanguage":"de","@id":"https:\/\/badiadipomaio.com\/#\/schema\/logo\/image\/","url":"https:\/\/badiadipomaio.com\/wp-content\/uploads\/2020\/11\/bdp_logo.png","contentUrl":"https:\/\/badiadipomaio.com\/wp-content\/uploads\/2020\/11\/bdp_logo.png","width":368,"height":117,"caption":"Badia di Pomaio"},"image":{"@id":"https:\/\/badiadipomaio.com\/#\/schema\/logo\/image\/"}}]}},"_links":{"self":[{"href":"https:\/\/badiadipomaio.com\/de\/wp-json\/wp\/v2\/pages\/8060","targetHints":{"allow":["GET"]}}],"collection":[{"href":"https:\/\/badiadipomaio.com\/de\/wp-json\/wp\/v2\/pages"}],"about":[{"href":"https:\/\/badiadipomaio.com\/de\/wp-json\/wp\/v2\/types\/page"}],"author":[{"embeddable":true,"href":"https:\/\/badiadipomaio.com\/de\/wp-json\/wp\/v2\/users\/1"}],"replies":[{"embeddable":true,"href":"https:\/\/badiadipomaio.com\/de\/wp-json\/wp\/v2\/comments?post=8060"}],"version-history":[{"count":1,"href":"https:\/\/badiadipomaio.com\/de\/wp-json\/wp\/v2\/pages\/8060\/revisions"}],"predecessor-version":[{"id":8061,"href":"https:\/\/badiadipomaio.com\/de\/wp-json\/wp\/v2\/pages\/8060\/revisions\/8061"}],"up":[{"embeddable":true,"href":"https:\/\/badiadipomaio.com\/de\/wp-json\/wp\/v2\/pages\/4584"}],"wp:attachment":[{"href":"https:\/\/badiadipomaio.com\/de\/wp-json\/wp\/v2\/media?parent=8060"}],"curies":[{"name":"wp","href":"https:\/\/api.w.org\/{rel}","templated":true}]}}