{"id":8046,"date":"2024-04-27T15:32:30","date_gmt":"2024-04-27T13:32:30","guid":{"rendered":"https:\/\/badiadipomaio.com\/olivenhain\/"},"modified":"2024-04-27T15:32:30","modified_gmt":"2024-04-27T13:32:30","slug":"olivenhain","status":"publish","type":"page","link":"https:\/\/badiadipomaio.com\/de\/olivenhain\/","title":{"rendered":"Olivenhain"},"content":{"rendered":"\t\t<div data-elementor-type=\"wp-page\" data-elementor-id=\"8046\" class=\"elementor elementor-8046 elementor-7556\">\n\t\t\t\t\t\t<section class=\"elementor-section elementor-top-section elementor-element elementor-element-0758c1d page-title text-white elementor-section-height-min-height elementor-section-items-bottom elementor-section-boxed elementor-section-height-default\" data-id=\"0758c1d\" data-element_type=\"section\" data-e-type=\"section\" data-settings=\"{&quot;background_background&quot;:&quot;classic&quot;}\">\n\t\t\t\t\t\t\t<div class=\"elementor-background-overlay\"><\/div>\n\t\t\t\t\t\t\t<div class=\"elementor-container elementor-column-gap-default\">\n\t\t\t\t\t<div class=\"elementor-column elementor-col-100 elementor-top-column elementor-element elementor-element-189d5be\" data-id=\"189d5be\" data-element_type=\"column\" data-e-type=\"column\">\n\t\t\t<div class=\"elementor-widget-wrap elementor-element-populated\">\n\t\t\t\t\t\t<div class=\"elementor-element elementor-element-f8604bc elementor-widget elementor-widget-text-editor\" data-id=\"f8604bc\" data-element_type=\"widget\" data-e-type=\"widget\" data-widget_type=\"text-editor.default\">\n\t\t\t\t<div class=\"elementor-widget-container\">\n\t\t\t\t\t\t\t\t\t<h1 style=\"text-align: center;\">Olivenhain<\/h1>\n\t\t\t\t\t\t\t\t<\/div>\n\t\t\t\t<\/div>\n\t\t\t\t\t<\/div>\n\t\t<\/div>\n\t\t\t\t\t<\/div>\n\t\t<\/section>\n\t\t\t\t<section class=\"elementor-section elementor-top-section elementor-element elementor-element-205b6a7 elementor-section-boxed elementor-section-height-default elementor-section-height-default\" data-id=\"205b6a7\" data-element_type=\"section\" data-e-type=\"section\">\n\t\t\t\t\t\t<div class=\"elementor-container elementor-column-gap-default\">\n\t\t\t\t\t<div class=\"elementor-column elementor-col-16 elementor-top-column elementor-element elementor-element-a3b6d1c\" data-id=\"a3b6d1c\" data-element_type=\"column\" data-e-type=\"column\">\n\t\t\t<div class=\"elementor-widget-wrap\">\n\t\t\t\t\t\t\t<\/div>\n\t\t<\/div>\n\t\t\t\t<div class=\"elementor-column elementor-col-66 elementor-top-column elementor-element elementor-element-73bf3de\" data-id=\"73bf3de\" data-element_type=\"column\" data-e-type=\"column\">\n\t\t\t<div class=\"elementor-widget-wrap elementor-element-populated\">\n\t\t\t\t\t\t<div class=\"elementor-element elementor-element-c041c22 elementor-widget elementor-widget-text-editor\" data-id=\"c041c22\" data-element_type=\"widget\" data-e-type=\"widget\" data-widget_type=\"text-editor.default\">\n\t\t\t\t<div class=\"elementor-widget-container\">\n\t\t\t\t\t\t\t\t\t<h2 style=\"text-align: center;\">Der authentische mediterrane Geschmack<\/h2>\n<p style=\"text-align: center;\">Zu den faszinierendsten Aspekten der l\u00e4ndlichen Gegend der Toskana geh\u00f6ren die endlosen Reihen von Olivenb\u00e4umen, die unsere Landschaft durchziehen. Ihre knorrigen St\u00e4mme und verdrehten \u00c4ste, die in den Himmel ragen, verleihen dem Land eine wilde Sch\u00f6nheit.<\/p>\n<p style=\"text-align: center;\">Olivenb\u00e4ume sind in unserer Landschaft nicht nur allgegenw\u00e4rtig, sondern auch seit Jahrhunderten untrennbar mit unserer Kultur und unserem Erbe verbunden. Der Anbau dieser B\u00e4ume reicht Tausende von Jahre, bis in die Zeit der Etrusker und R\u00f6mer, zur\u00fcck.<\/p>\n\t\t\t\t\t\t\t\t<\/div>\n\t\t\t\t<\/div>\n\t\t\t\t\t<\/div>\n\t\t<\/div>\n\t\t\t\t<div class=\"elementor-column elementor-col-16 elementor-top-column elementor-element elementor-element-b7845c0\" data-id=\"b7845c0\" data-element_type=\"column\" data-e-type=\"column\">\n\t\t\t<div class=\"elementor-widget-wrap\">\n\t\t\t\t\t\t\t<\/div>\n\t\t<\/div>\n\t\t\t\t\t<\/div>\n\t\t<\/section>\n\t\t\t\t<section class=\"elementor-section elementor-top-section elementor-element elementor-element-6fac508 elementor-section-full_width elementor-section-content-middle elementor-section-height-default elementor-section-height-default\" data-id=\"6fac508\" data-element_type=\"section\" data-e-type=\"section\">\n\t\t\t\t\t\t<div class=\"elementor-container elementor-column-gap-no\">\n\t\t\t\t\t<div class=\"elementor-column elementor-col-66 elementor-top-column elementor-element elementor-element-70e763c\" data-id=\"70e763c\" data-element_type=\"column\" data-e-type=\"column\">\n\t\t\t<div class=\"elementor-widget-wrap elementor-element-populated\">\n\t\t\t\t\t\t<div class=\"elementor-element elementor-element-e9cca3e elementor-widget elementor-widget-image\" data-id=\"e9cca3e\" data-element_type=\"widget\" data-e-type=\"widget\" data-widget_type=\"image.default\">\n\t\t\t\t<div class=\"elementor-widget-container\">\n\t\t\t\t\t\t\t\t\t\t\t\t\t\t\t<img fetchpriority=\"high\" decoding=\"async\" width=\"1000\" height=\"652\" src=\"https:\/\/badiadipomaio.com\/wp-content\/uploads\/2024\/01\/olio-extravergine-benefici.jpg\" class=\"attachment-full size-full wp-image-7567\" alt=\"\" srcset=\"https:\/\/badiadipomaio.com\/wp-content\/uploads\/2024\/01\/olio-extravergine-benefici.jpg 1000w, https:\/\/badiadipomaio.com\/wp-content\/uploads\/2024\/01\/olio-extravergine-benefici-300x196.jpg 300w, https:\/\/badiadipomaio.com\/wp-content\/uploads\/2024\/01\/olio-extravergine-benefici-768x501.jpg 768w\" sizes=\"(max-width: 1000px) 100vw, 1000px\" \/>\t\t\t\t\t\t\t\t\t\t\t\t\t\t\t<\/div>\n\t\t\t\t<\/div>\n\t\t\t\t\t<\/div>\n\t\t<\/div>\n\t\t\t\t<div class=\"elementor-column elementor-col-33 elementor-top-column elementor-element elementor-element-84a7523 elementor-invisible\" data-id=\"84a7523\" data-element_type=\"column\" data-e-type=\"column\" data-settings=\"{&quot;background_background&quot;:&quot;classic&quot;,&quot;animation&quot;:&quot;fadeInRight&quot;}\">\n\t\t\t<div class=\"elementor-widget-wrap elementor-element-populated\">\n\t\t\t\t\t\t<div class=\"elementor-element elementor-element-6279bc1 elementor-widget elementor-widget-text-editor\" data-id=\"6279bc1\" data-element_type=\"widget\" data-e-type=\"widget\" data-widget_type=\"text-editor.default\">\n\t\t\t\t<div class=\"elementor-widget-container\">\n\t\t\t\t\t\t\t\t\t<p>Heute gilt Oliven\u00f6l als &#8222;K\u00f6nig&#8220; der mediterranen Ern\u00e4hrung: Nicht nur zur Zubereitung, sondern ein wahres Lebensmittel, das in der ganzen Welt f\u00fcr seine Qualit\u00e4t und gesundheitlichen Vorz\u00fcge bekannt ist.<br \/>Badia di Pomaio ist stolz darauf, dass auf seinem Grundst\u00fcck mehr als 300 B\u00e4ume stehen.<\/p>\n<p>Der Olivenhain ist ein weiterer grundlegender Aspekt unserer Vision der \u00f6kologischen Nachhaltigkeit. Olivenb\u00e4ume passen sich dem Klima und den fruchtbaren B\u00f6den der Toskana gut an; ben\u00f6tigen nicht viel Pflege, um zu gedeihen, und erhalten mit ihren Wurzeln unsere unterirdischen Wasserreserven<\/p>\n\t\t\t\t\t\t\t\t<\/div>\n\t\t\t\t<\/div>\n\t\t\t\t\t<\/div>\n\t\t<\/div>\n\t\t\t\t\t<\/div>\n\t\t<\/section>\n\t\t\t\t<section class=\"elementor-section elementor-top-section elementor-element elementor-element-8ed1483 elementor-section-full_width elementor-section-content-middle elementor-section-height-default elementor-section-height-default\" data-id=\"8ed1483\" data-element_type=\"section\" data-e-type=\"section\">\n\t\t\t\t\t\t<div class=\"elementor-container elementor-column-gap-no\">\n\t\t\t\t\t<div class=\"elementor-column elementor-col-33 elementor-top-column elementor-element elementor-element-4d77fc0 elementor-invisible\" data-id=\"4d77fc0\" data-element_type=\"column\" data-e-type=\"column\" data-settings=\"{&quot;background_background&quot;:&quot;classic&quot;,&quot;animation&quot;:&quot;fadeInRight&quot;}\">\n\t\t\t<div class=\"elementor-widget-wrap elementor-element-populated\">\n\t\t\t\t\t\t<div class=\"elementor-element elementor-element-6630b7b elementor-widget elementor-widget-text-editor\" data-id=\"6630b7b\" data-element_type=\"widget\" data-e-type=\"widget\" data-widget_type=\"text-editor.default\">\n\t\t\t\t<div class=\"elementor-widget-container\">\n\t\t\t\t\t\t\t\t\t<p>Ende des Fr\u00fchjahrs und im Fr\u00fchsommer tragen ihre Zweige viele kleine wei\u00dfe Bl\u00fcten. Mitte Juni machen die Bl\u00fcten den Fr\u00fcchten Platz, aber erst Ende Oktober sind die Oliven erntereif. In dieser Jahreszeit liegt ihr besonderer s\u00fc\u00df-s\u00e4uerlicher Duft in der Luft.<\/p>\n<p>Hier in Badia di Pomaio breiten wir unsere Netze nach der Hauptsaison aus. Aus den geernteten Oliven stellen wir unser eigenes Bio-Oliven\u00f6l her, das dann die gesamte folgende Saison im Restaurant verwendet wird.<\/p>\n\t\t\t\t\t\t\t\t<\/div>\n\t\t\t\t<\/div>\n\t\t\t\t\t<\/div>\n\t\t<\/div>\n\t\t\t\t<div class=\"elementor-column elementor-col-66 elementor-top-column elementor-element elementor-element-bb56299\" data-id=\"bb56299\" data-element_type=\"column\" data-e-type=\"column\">\n\t\t\t<div class=\"elementor-widget-wrap elementor-element-populated\">\n\t\t\t\t\t\t<div class=\"elementor-element elementor-element-f75d418 elementor-widget elementor-widget-image\" data-id=\"f75d418\" data-element_type=\"widget\" data-e-type=\"widget\" data-widget_type=\"image.default\">\n\t\t\t\t<div class=\"elementor-widget-container\">\n\t\t\t\t\t\t\t\t\t\t\t\t\t\t\t<img decoding=\"async\" width=\"1500\" height=\"1000\" src=\"https:\/\/badiadipomaio.com\/wp-content\/uploads\/2024\/01\/olive-plants.jpg\" class=\"attachment-full size-full wp-image-7571\" alt=\"\" srcset=\"https:\/\/badiadipomaio.com\/wp-content\/uploads\/2024\/01\/olive-plants.jpg 1500w, https:\/\/badiadipomaio.com\/wp-content\/uploads\/2024\/01\/olive-plants-300x200.jpg 300w, https:\/\/badiadipomaio.com\/wp-content\/uploads\/2024\/01\/olive-plants-1024x683.jpg 1024w, https:\/\/badiadipomaio.com\/wp-content\/uploads\/2024\/01\/olive-plants-768x512.jpg 768w\" sizes=\"(max-width: 1500px) 100vw, 1500px\" \/>\t\t\t\t\t\t\t\t\t\t\t\t\t\t\t<\/div>\n\t\t\t\t<\/div>\n\t\t\t\t\t<\/div>\n\t\t<\/div>\n\t\t\t\t\t<\/div>\n\t\t<\/section>\n\t\t\t\t<\/div>\n\t\t","protected":false},"excerpt":{"rendered":"<p>Olivenhain Der authentische mediterrane Geschmack Zu den faszinierendsten Aspekten der l\u00e4ndlichen Gegend der Toskana geh\u00f6ren die endlosen Reihen von Olivenb\u00e4umen, die unsere Landschaft durchziehen. Ihre&#8230; <a class=\"read-more\" style=\"text-decoration:underline;\" href=\"https:\/\/badiadipomaio.com\/de\/olivenhain\/\">Weiterlesen ><\/a><\/p>\n","protected":false},"author":1,"featured_media":0,"parent":0,"menu_order":0,"comment_status":"closed","ping_status":"closed","template":"elementor_header_footer","meta":{"_acf_changed":false,"footnotes":""},"class_list":["post-8046","page","type-page","status-publish","hentry"],"acf":[],"yoast_head":"<!-- This site is optimized with the Yoast SEO plugin v27.4 - https:\/\/yoast.com\/product\/yoast-seo-wordpress\/ -->\n<title>Olivenhain - Badia di Pomaio<\/title>\n<meta name=\"robots\" content=\"index, follow, max-snippet:-1, max-image-preview:large, max-video-preview:-1\" \/>\n<link rel=\"canonical\" href=\"https:\/\/badiadipomaio.com\/de\/olivenhain\/\" \/>\n<meta property=\"og:locale\" content=\"de_DE\" \/>\n<meta property=\"og:type\" content=\"article\" \/>\n<meta property=\"og:title\" content=\"Olivenhain - Badia di Pomaio\" \/>\n<meta property=\"og:description\" content=\"Olivenhain Der authentische mediterrane Geschmack Zu den faszinierendsten Aspekten der l\u00e4ndlichen Gegend der Toskana geh\u00f6ren die endlosen Reihen von Olivenb\u00e4umen, die unsere Landschaft durchziehen. Ihre... Weiterlesen &gt;\" \/>\n<meta property=\"og:url\" content=\"https:\/\/badiadipomaio.com\/de\/olivenhain\/\" \/>\n<meta property=\"og:site_name\" content=\"Badia di Pomaio\" \/>\n<meta property=\"og:image\" content=\"https:\/\/badiadipomaio.com\/wp-content\/uploads\/2024\/01\/olio-extravergine-benefici.jpg\" \/>\n<meta name=\"twitter:card\" content=\"summary_large_image\" \/>\n<meta name=\"twitter:label1\" content=\"Gesch\u00e4tzte Lesezeit\" \/>\n\t<meta name=\"twitter:data1\" content=\"1\u00a0Minute\" \/>\n<script type=\"application\/ld+json\" class=\"yoast-schema-graph\">{\"@context\":\"https:\\\/\\\/schema.org\",\"@graph\":[{\"@type\":\"WebPage\",\"@id\":\"https:\\\/\\\/badiadipomaio.com\\\/de\\\/olivenhain\\\/\",\"url\":\"https:\\\/\\\/badiadipomaio.com\\\/de\\\/olivenhain\\\/\",\"name\":\"Olivenhain - Badia di Pomaio\",\"isPartOf\":{\"@id\":\"https:\\\/\\\/badiadipomaio.com\\\/#website\"},\"primaryImageOfPage\":{\"@id\":\"https:\\\/\\\/badiadipomaio.com\\\/de\\\/olivenhain\\\/#primaryimage\"},\"image\":{\"@id\":\"https:\\\/\\\/badiadipomaio.com\\\/de\\\/olivenhain\\\/#primaryimage\"},\"thumbnailUrl\":\"https:\\\/\\\/badiadipomaio.com\\\/wp-content\\\/uploads\\\/2024\\\/01\\\/olio-extravergine-benefici.jpg\",\"datePublished\":\"2024-04-27T13:32:30+00:00\",\"breadcrumb\":{\"@id\":\"https:\\\/\\\/badiadipomaio.com\\\/de\\\/olivenhain\\\/#breadcrumb\"},\"inLanguage\":\"de\",\"potentialAction\":[{\"@type\":\"ReadAction\",\"target\":[\"https:\\\/\\\/badiadipomaio.com\\\/de\\\/olivenhain\\\/\"]}]},{\"@type\":\"ImageObject\",\"inLanguage\":\"de\",\"@id\":\"https:\\\/\\\/badiadipomaio.com\\\/de\\\/olivenhain\\\/#primaryimage\",\"url\":\"https:\\\/\\\/badiadipomaio.com\\\/wp-content\\\/uploads\\\/2024\\\/01\\\/olio-extravergine-benefici.jpg\",\"contentUrl\":\"https:\\\/\\\/badiadipomaio.com\\\/wp-content\\\/uploads\\\/2024\\\/01\\\/olio-extravergine-benefici.jpg\"},{\"@type\":\"BreadcrumbList\",\"@id\":\"https:\\\/\\\/badiadipomaio.com\\\/de\\\/olivenhain\\\/#breadcrumb\",\"itemListElement\":[{\"@type\":\"ListItem\",\"position\":1,\"name\":\"Home\",\"item\":\"https:\\\/\\\/badiadipomaio.com\\\/de\\\/home-2\\\/\"},{\"@type\":\"ListItem\",\"position\":2,\"name\":\"Olivenhain\"}]},{\"@type\":\"WebSite\",\"@id\":\"https:\\\/\\\/badiadipomaio.com\\\/#website\",\"url\":\"https:\\\/\\\/badiadipomaio.com\\\/\",\"name\":\"Badia di Pomaio\",\"description\":\"\",\"publisher\":{\"@id\":\"https:\\\/\\\/badiadipomaio.com\\\/#organization\"},\"potentialAction\":[{\"@type\":\"SearchAction\",\"target\":{\"@type\":\"EntryPoint\",\"urlTemplate\":\"https:\\\/\\\/badiadipomaio.com\\\/?s={search_term_string}\"},\"query-input\":{\"@type\":\"PropertyValueSpecification\",\"valueRequired\":true,\"valueName\":\"search_term_string\"}}],\"inLanguage\":\"de\"},{\"@type\":\"Organization\",\"@id\":\"https:\\\/\\\/badiadipomaio.com\\\/#organization\",\"name\":\"Badia di Pomaio\",\"url\":\"https:\\\/\\\/badiadipomaio.com\\\/\",\"logo\":{\"@type\":\"ImageObject\",\"inLanguage\":\"de\",\"@id\":\"https:\\\/\\\/badiadipomaio.com\\\/#\\\/schema\\\/logo\\\/image\\\/\",\"url\":\"https:\\\/\\\/badiadipomaio.com\\\/wp-content\\\/uploads\\\/2020\\\/11\\\/bdp_logo.png\",\"contentUrl\":\"https:\\\/\\\/badiadipomaio.com\\\/wp-content\\\/uploads\\\/2020\\\/11\\\/bdp_logo.png\",\"width\":368,\"height\":117,\"caption\":\"Badia di Pomaio\"},\"image\":{\"@id\":\"https:\\\/\\\/badiadipomaio.com\\\/#\\\/schema\\\/logo\\\/image\\\/\"}}]}<\/script>\n<!-- \/ Yoast SEO plugin. -->","yoast_head_json":{"title":"Olivenhain - Badia di Pomaio","robots":{"index":"index","follow":"follow","max-snippet":"max-snippet:-1","max-image-preview":"max-image-preview:large","max-video-preview":"max-video-preview:-1"},"canonical":"https:\/\/badiadipomaio.com\/de\/olivenhain\/","og_locale":"de_DE","og_type":"article","og_title":"Olivenhain - Badia di Pomaio","og_description":"Olivenhain Der authentische mediterrane Geschmack Zu den faszinierendsten Aspekten der l\u00e4ndlichen Gegend der Toskana geh\u00f6ren die endlosen Reihen von Olivenb\u00e4umen, die unsere Landschaft durchziehen. Ihre... Weiterlesen >","og_url":"https:\/\/badiadipomaio.com\/de\/olivenhain\/","og_site_name":"Badia di Pomaio","og_image":[{"url":"https:\/\/badiadipomaio.com\/wp-content\/uploads\/2024\/01\/olio-extravergine-benefici.jpg","type":"","width":"","height":""}],"twitter_card":"summary_large_image","twitter_misc":{"Gesch\u00e4tzte Lesezeit":"1\u00a0Minute"},"schema":{"@context":"https:\/\/schema.org","@graph":[{"@type":"WebPage","@id":"https:\/\/badiadipomaio.com\/de\/olivenhain\/","url":"https:\/\/badiadipomaio.com\/de\/olivenhain\/","name":"Olivenhain - Badia di Pomaio","isPartOf":{"@id":"https:\/\/badiadipomaio.com\/#website"},"primaryImageOfPage":{"@id":"https:\/\/badiadipomaio.com\/de\/olivenhain\/#primaryimage"},"image":{"@id":"https:\/\/badiadipomaio.com\/de\/olivenhain\/#primaryimage"},"thumbnailUrl":"https:\/\/badiadipomaio.com\/wp-content\/uploads\/2024\/01\/olio-extravergine-benefici.jpg","datePublished":"2024-04-27T13:32:30+00:00","breadcrumb":{"@id":"https:\/\/badiadipomaio.com\/de\/olivenhain\/#breadcrumb"},"inLanguage":"de","potentialAction":[{"@type":"ReadAction","target":["https:\/\/badiadipomaio.com\/de\/olivenhain\/"]}]},{"@type":"ImageObject","inLanguage":"de","@id":"https:\/\/badiadipomaio.com\/de\/olivenhain\/#primaryimage","url":"https:\/\/badiadipomaio.com\/wp-content\/uploads\/2024\/01\/olio-extravergine-benefici.jpg","contentUrl":"https:\/\/badiadipomaio.com\/wp-content\/uploads\/2024\/01\/olio-extravergine-benefici.jpg"},{"@type":"BreadcrumbList","@id":"https:\/\/badiadipomaio.com\/de\/olivenhain\/#breadcrumb","itemListElement":[{"@type":"ListItem","position":1,"name":"Home","item":"https:\/\/badiadipomaio.com\/de\/home-2\/"},{"@type":"ListItem","position":2,"name":"Olivenhain"}]},{"@type":"WebSite","@id":"https:\/\/badiadipomaio.com\/#website","url":"https:\/\/badiadipomaio.com\/","name":"Badia di Pomaio","description":"","publisher":{"@id":"https:\/\/badiadipomaio.com\/#organization"},"potentialAction":[{"@type":"SearchAction","target":{"@type":"EntryPoint","urlTemplate":"https:\/\/badiadipomaio.com\/?s={search_term_string}"},"query-input":{"@type":"PropertyValueSpecification","valueRequired":true,"valueName":"search_term_string"}}],"inLanguage":"de"},{"@type":"Organization","@id":"https:\/\/badiadipomaio.com\/#organization","name":"Badia di Pomaio","url":"https:\/\/badiadipomaio.com\/","logo":{"@type":"ImageObject","inLanguage":"de","@id":"https:\/\/badiadipomaio.com\/#\/schema\/logo\/image\/","url":"https:\/\/badiadipomaio.com\/wp-content\/uploads\/2020\/11\/bdp_logo.png","contentUrl":"https:\/\/badiadipomaio.com\/wp-content\/uploads\/2020\/11\/bdp_logo.png","width":368,"height":117,"caption":"Badia di Pomaio"},"image":{"@id":"https:\/\/badiadipomaio.com\/#\/schema\/logo\/image\/"}}]}},"_links":{"self":[{"href":"https:\/\/badiadipomaio.com\/de\/wp-json\/wp\/v2\/pages\/8046","targetHints":{"allow":["GET"]}}],"collection":[{"href":"https:\/\/badiadipomaio.com\/de\/wp-json\/wp\/v2\/pages"}],"about":[{"href":"https:\/\/badiadipomaio.com\/de\/wp-json\/wp\/v2\/types\/page"}],"author":[{"embeddable":true,"href":"https:\/\/badiadipomaio.com\/de\/wp-json\/wp\/v2\/users\/1"}],"replies":[{"embeddable":true,"href":"https:\/\/badiadipomaio.com\/de\/wp-json\/wp\/v2\/comments?post=8046"}],"version-history":[{"count":1,"href":"https:\/\/badiadipomaio.com\/de\/wp-json\/wp\/v2\/pages\/8046\/revisions"}],"predecessor-version":[{"id":8047,"href":"https:\/\/badiadipomaio.com\/de\/wp-json\/wp\/v2\/pages\/8046\/revisions\/8047"}],"wp:attachment":[{"href":"https:\/\/badiadipomaio.com\/de\/wp-json\/wp\/v2\/media?parent=8046"}],"curies":[{"name":"wp","href":"https:\/\/api.w.org\/{rel}","templated":true}]}}