{"id":5914,"date":"2021-12-20T11:51:32","date_gmt":"2021-12-20T10:51:32","guid":{"rendered":"https:\/\/badiadipomaio.com\/?page_id=5914"},"modified":"2026-02-06T15:11:05","modified_gmt":"2026-02-06T14:11:05","slug":"wir-retten-die-bienen","status":"publish","type":"page","link":"https:\/\/badiadipomaio.com\/de\/nachhaltigkeit\/wir-retten-die-bienen\/","title":{"rendered":"Rettet die Bienen"},"content":{"rendered":"\t\t<div data-elementor-type=\"wp-page\" data-elementor-id=\"5914\" class=\"elementor elementor-5914 elementor-5445\">\n\t\t\t\t\t\t<section class=\"elementor-section elementor-top-section elementor-element elementor-element-107ba66 page-title text-white elementor-section-height-min-height elementor-section-items-bottom elementor-section-boxed elementor-section-height-default\" data-id=\"107ba66\" data-element_type=\"section\" data-e-type=\"section\" data-settings=\"{&quot;background_background&quot;:&quot;classic&quot;}\">\n\t\t\t\t\t\t\t<div class=\"elementor-background-overlay\"><\/div>\n\t\t\t\t\t\t\t<div class=\"elementor-container elementor-column-gap-default\">\n\t\t\t\t\t<div class=\"elementor-column elementor-col-100 elementor-top-column elementor-element elementor-element-24bc7e8\" data-id=\"24bc7e8\" data-element_type=\"column\" data-e-type=\"column\">\n\t\t\t<div class=\"elementor-widget-wrap elementor-element-populated\">\n\t\t\t\t\t\t<div class=\"elementor-element elementor-element-9a6183b elementor-widget elementor-widget-text-editor\" data-id=\"9a6183b\" data-element_type=\"widget\" data-e-type=\"widget\" data-widget_type=\"text-editor.default\">\n\t\t\t\t<div class=\"elementor-widget-container\">\n\t\t\t\t\t\t\t\t\t<h1 style=\"text-align: center;\">Rettet die Bienen<\/h1>\t\t\t\t\t\t\t\t<\/div>\n\t\t\t\t<\/div>\n\t\t\t\t\t<\/div>\n\t\t<\/div>\n\t\t\t\t\t<\/div>\n\t\t<\/section>\n\t\t\t\t<section class=\"elementor-section elementor-top-section elementor-element elementor-element-a0a648c elementor-section-boxed elementor-section-height-default elementor-section-height-default\" data-id=\"a0a648c\" data-element_type=\"section\" data-e-type=\"section\" data-settings=\"{&quot;background_background&quot;:&quot;classic&quot;}\">\n\t\t\t\t\t\t<div class=\"elementor-container elementor-column-gap-default\">\n\t\t\t\t\t<div class=\"elementor-column elementor-col-16 elementor-top-column elementor-element elementor-element-d8df054\" data-id=\"d8df054\" data-element_type=\"column\" data-e-type=\"column\">\n\t\t\t<div class=\"elementor-widget-wrap\">\n\t\t\t\t\t\t\t<\/div>\n\t\t<\/div>\n\t\t\t\t<div class=\"elementor-column elementor-col-66 elementor-top-column elementor-element elementor-element-d91a014\" data-id=\"d91a014\" data-element_type=\"column\" data-e-type=\"column\">\n\t\t\t<div class=\"elementor-widget-wrap elementor-element-populated\">\n\t\t\t\t\t\t<div class=\"elementor-element elementor-element-9e33d2d elementor-widget elementor-widget-text-editor\" data-id=\"9e33d2d\" data-element_type=\"widget\" data-e-type=\"widget\" data-widget_type=\"text-editor.default\">\n\t\t\t\t<div class=\"elementor-widget-container\">\n\t\t\t\t\t\t\t\t\t<p style=\"text-align: center;\">In einer ruhigen und gesch\u00fctzten Ecke der G\u00e4rten haben wir unsere Bienenst\u00f6cke aufgestellt.<br>Wir sind besonders stolz auf diese Erg\u00e4nzung, denn wir wissen um die \u00f6kologische Bedeutung der Bienen und was die systematische Zerst\u00f6rung ihrer Lebensr\u00e4ume f\u00fcr uns und unseren Planeten bedeutet. Als weitere Unterst\u00fctzung f\u00fcr unsere Bienen &#8211; und unseren Wald im Allgemeinen &#8211; haben wir \u00fcber tausend Pflanzen gepflanzt, von B\u00e4umen \u00fcber Str\u00e4ucher bis hin zu Blumen.   <\/p>\t\t\t\t\t\t\t\t<\/div>\n\t\t\t\t<\/div>\n\t\t\t\t\t<\/div>\n\t\t<\/div>\n\t\t\t\t<div class=\"elementor-column elementor-col-16 elementor-top-column elementor-element elementor-element-543ad4a\" data-id=\"543ad4a\" data-element_type=\"column\" data-e-type=\"column\">\n\t\t\t<div class=\"elementor-widget-wrap\">\n\t\t\t\t\t\t\t<\/div>\n\t\t<\/div>\n\t\t\t\t\t<\/div>\n\t\t<\/section>\n\t\t\t\t<section class=\"elementor-section elementor-top-section elementor-element elementor-element-1159545 elementor-section-full_width elementor-section-content-middle elementor-section-height-default elementor-section-height-default\" data-id=\"1159545\" data-element_type=\"section\" data-e-type=\"section\" data-settings=\"{&quot;background_background&quot;:&quot;classic&quot;}\">\n\t\t\t\t\t\t<div class=\"elementor-container elementor-column-gap-no\">\n\t\t\t\t\t<div class=\"elementor-column elementor-col-50 elementor-top-column elementor-element elementor-element-c02acdd\" data-id=\"c02acdd\" data-element_type=\"column\" data-e-type=\"column\">\n\t\t\t<div class=\"elementor-widget-wrap elementor-element-populated\">\n\t\t\t\t\t\t<div class=\"elementor-element elementor-element-a66362e elementor-widget elementor-widget-image\" data-id=\"a66362e\" data-element_type=\"widget\" data-e-type=\"widget\" data-widget_type=\"image.default\">\n\t\t\t\t<div class=\"elementor-widget-container\">\n\t\t\t\t\t\t\t\t\t\t\t\t\t\t\t<img fetchpriority=\"high\" decoding=\"async\" width=\"1000\" height=\"1000\" src=\"https:\/\/badiadipomaio.com\/wp-content\/uploads\/2021\/11\/save-the-bees.jpg\" class=\"attachment-full size-full wp-image-5398\" alt=\"\" srcset=\"https:\/\/badiadipomaio.com\/wp-content\/uploads\/2021\/11\/save-the-bees.jpg 1000w, https:\/\/badiadipomaio.com\/wp-content\/uploads\/2021\/11\/save-the-bees-300x300.jpg 300w, https:\/\/badiadipomaio.com\/wp-content\/uploads\/2021\/11\/save-the-bees-150x150.jpg 150w, https:\/\/badiadipomaio.com\/wp-content\/uploads\/2021\/11\/save-the-bees-768x768.jpg 768w, https:\/\/badiadipomaio.com\/wp-content\/uploads\/2021\/11\/save-the-bees-400x400.jpg 400w\" sizes=\"(max-width: 1000px) 100vw, 1000px\" \/>\t\t\t\t\t\t\t\t\t\t\t\t\t\t\t<\/div>\n\t\t\t\t<\/div>\n\t\t\t\t\t<\/div>\n\t\t<\/div>\n\t\t\t\t<div class=\"elementor-column elementor-col-50 elementor-top-column elementor-element elementor-element-12d1078\" data-id=\"12d1078\" data-element_type=\"column\" data-e-type=\"column\">\n\t\t\t<div class=\"elementor-widget-wrap elementor-element-populated\">\n\t\t\t\t\t\t<div class=\"elementor-element elementor-element-f55ed21 elementor-widget elementor-widget-text-editor\" data-id=\"f55ed21\" data-element_type=\"widget\" data-e-type=\"widget\" data-widget_type=\"text-editor.default\">\n\t\t\t\t<div class=\"elementor-widget-container\">\n\t\t\t\t\t\t\t\t\t<p>Dank unserer Bem\u00fchungen sind wir nun in der Lage, dreimal im Jahr einen gesunden und biologischen Honig mit verschiedenen Geschmacksrichtungen zu produzieren, von Wildblumen bis hin zu Kastanien<\/p>\t\t\t\t\t\t\t\t<\/div>\n\t\t\t\t<\/div>\n\t\t\t\t\t<\/div>\n\t\t<\/div>\n\t\t\t\t\t<\/div>\n\t\t<\/section>\n\t\t\t\t<\/div>\n\t\t","protected":false},"excerpt":{"rendered":"<p>Rettet die Bienen In einer ruhigen und gesch\u00fctzten Ecke der G\u00e4rten haben wir unsere Bienenst\u00f6cke aufgestellt.Wir sind besonders stolz auf diese Erg\u00e4nzung, denn wir wissen&#8230; <a class=\"read-more\" style=\"text-decoration:underline;\" href=\"https:\/\/badiadipomaio.com\/de\/nachhaltigkeit\/wir-retten-die-bienen\/\">Weiterlesen ><\/a><\/p>\n","protected":false},"author":1,"featured_media":0,"parent":5879,"menu_order":0,"comment_status":"closed","ping_status":"closed","template":"elementor_header_footer","meta":{"_acf_changed":false,"footnotes":""},"class_list":["post-5914","page","type-page","status-publish","hentry"],"acf":[],"yoast_head":"<!-- This site is optimized with the Yoast SEO plugin v27.4 - https:\/\/yoast.com\/product\/yoast-seo-wordpress\/ -->\n<title>Rettet die Bienen - Badia di Pomaio<\/title>\n<meta name=\"robots\" content=\"index, follow, max-snippet:-1, max-image-preview:large, max-video-preview:-1\" \/>\n<link rel=\"canonical\" href=\"https:\/\/badiadipomaio.com\/de\/nachhaltigkeit\/wir-retten-die-bienen\/\" \/>\n<meta property=\"og:locale\" content=\"de_DE\" \/>\n<meta property=\"og:type\" content=\"article\" \/>\n<meta property=\"og:title\" content=\"Rettet die Bienen - Badia di Pomaio\" \/>\n<meta property=\"og:description\" content=\"Rettet die Bienen In einer ruhigen und gesch\u00fctzten Ecke der G\u00e4rten haben wir unsere Bienenst\u00f6cke aufgestellt.Wir sind besonders stolz auf diese Erg\u00e4nzung, denn wir wissen... Weiterlesen &gt;\" \/>\n<meta property=\"og:url\" content=\"https:\/\/badiadipomaio.com\/de\/nachhaltigkeit\/wir-retten-die-bienen\/\" \/>\n<meta property=\"og:site_name\" content=\"Badia di Pomaio\" \/>\n<meta property=\"article:modified_time\" content=\"2026-02-06T14:11:05+00:00\" \/>\n<meta property=\"og:image\" content=\"https:\/\/badiadipomaio.com\/wp-content\/uploads\/2021\/11\/save-the-bees.jpg\" \/>\n<meta name=\"twitter:card\" content=\"summary_large_image\" \/>\n<meta name=\"twitter:label1\" content=\"Gesch\u00e4tzte Lesezeit\" \/>\n\t<meta name=\"twitter:data1\" content=\"1\u00a0Minute\" \/>\n<script type=\"application\/ld+json\" class=\"yoast-schema-graph\">{\"@context\":\"https:\\\/\\\/schema.org\",\"@graph\":[{\"@type\":\"WebPage\",\"@id\":\"https:\\\/\\\/badiadipomaio.com\\\/de\\\/nachhaltigkeit\\\/wir-retten-die-bienen\\\/\",\"url\":\"https:\\\/\\\/badiadipomaio.com\\\/de\\\/nachhaltigkeit\\\/wir-retten-die-bienen\\\/\",\"name\":\"Rettet die Bienen - Badia di Pomaio\",\"isPartOf\":{\"@id\":\"https:\\\/\\\/badiadipomaio.com\\\/#website\"},\"primaryImageOfPage\":{\"@id\":\"https:\\\/\\\/badiadipomaio.com\\\/de\\\/nachhaltigkeit\\\/wir-retten-die-bienen\\\/#primaryimage\"},\"image\":{\"@id\":\"https:\\\/\\\/badiadipomaio.com\\\/de\\\/nachhaltigkeit\\\/wir-retten-die-bienen\\\/#primaryimage\"},\"thumbnailUrl\":\"https:\\\/\\\/badiadipomaio.com\\\/wp-content\\\/uploads\\\/2021\\\/11\\\/save-the-bees.jpg\",\"datePublished\":\"2021-12-20T10:51:32+00:00\",\"dateModified\":\"2026-02-06T14:11:05+00:00\",\"breadcrumb\":{\"@id\":\"https:\\\/\\\/badiadipomaio.com\\\/de\\\/nachhaltigkeit\\\/wir-retten-die-bienen\\\/#breadcrumb\"},\"inLanguage\":\"de\",\"potentialAction\":[{\"@type\":\"ReadAction\",\"target\":[\"https:\\\/\\\/badiadipomaio.com\\\/de\\\/nachhaltigkeit\\\/wir-retten-die-bienen\\\/\"]}]},{\"@type\":\"ImageObject\",\"inLanguage\":\"de\",\"@id\":\"https:\\\/\\\/badiadipomaio.com\\\/de\\\/nachhaltigkeit\\\/wir-retten-die-bienen\\\/#primaryimage\",\"url\":\"https:\\\/\\\/badiadipomaio.com\\\/wp-content\\\/uploads\\\/2021\\\/11\\\/save-the-bees.jpg\",\"contentUrl\":\"https:\\\/\\\/badiadipomaio.com\\\/wp-content\\\/uploads\\\/2021\\\/11\\\/save-the-bees.jpg\"},{\"@type\":\"BreadcrumbList\",\"@id\":\"https:\\\/\\\/badiadipomaio.com\\\/de\\\/nachhaltigkeit\\\/wir-retten-die-bienen\\\/#breadcrumb\",\"itemListElement\":[{\"@type\":\"ListItem\",\"position\":1,\"name\":\"Home\",\"item\":\"https:\\\/\\\/badiadipomaio.com\\\/de\\\/home-2\\\/\"},{\"@type\":\"ListItem\",\"position\":2,\"name\":\"Nachhaltigkeit\",\"item\":\"https:\\\/\\\/badiadipomaio.com\\\/de\\\/nachhaltigkeit\\\/\"},{\"@type\":\"ListItem\",\"position\":3,\"name\":\"Rettet die Bienen\"}]},{\"@type\":\"WebSite\",\"@id\":\"https:\\\/\\\/badiadipomaio.com\\\/#website\",\"url\":\"https:\\\/\\\/badiadipomaio.com\\\/\",\"name\":\"Badia di Pomaio\",\"description\":\"\",\"publisher\":{\"@id\":\"https:\\\/\\\/badiadipomaio.com\\\/#organization\"},\"potentialAction\":[{\"@type\":\"SearchAction\",\"target\":{\"@type\":\"EntryPoint\",\"urlTemplate\":\"https:\\\/\\\/badiadipomaio.com\\\/?s={search_term_string}\"},\"query-input\":{\"@type\":\"PropertyValueSpecification\",\"valueRequired\":true,\"valueName\":\"search_term_string\"}}],\"inLanguage\":\"de\"},{\"@type\":\"Organization\",\"@id\":\"https:\\\/\\\/badiadipomaio.com\\\/#organization\",\"name\":\"Badia di Pomaio\",\"url\":\"https:\\\/\\\/badiadipomaio.com\\\/\",\"logo\":{\"@type\":\"ImageObject\",\"inLanguage\":\"de\",\"@id\":\"https:\\\/\\\/badiadipomaio.com\\\/#\\\/schema\\\/logo\\\/image\\\/\",\"url\":\"https:\\\/\\\/badiadipomaio.com\\\/wp-content\\\/uploads\\\/2020\\\/11\\\/bdp_logo.png\",\"contentUrl\":\"https:\\\/\\\/badiadipomaio.com\\\/wp-content\\\/uploads\\\/2020\\\/11\\\/bdp_logo.png\",\"width\":368,\"height\":117,\"caption\":\"Badia di Pomaio\"},\"image\":{\"@id\":\"https:\\\/\\\/badiadipomaio.com\\\/#\\\/schema\\\/logo\\\/image\\\/\"}}]}<\/script>\n<!-- \/ Yoast SEO plugin. -->","yoast_head_json":{"title":"Rettet die Bienen - Badia di Pomaio","robots":{"index":"index","follow":"follow","max-snippet":"max-snippet:-1","max-image-preview":"max-image-preview:large","max-video-preview":"max-video-preview:-1"},"canonical":"https:\/\/badiadipomaio.com\/de\/nachhaltigkeit\/wir-retten-die-bienen\/","og_locale":"de_DE","og_type":"article","og_title":"Rettet die Bienen - Badia di Pomaio","og_description":"Rettet die Bienen In einer ruhigen und gesch\u00fctzten Ecke der G\u00e4rten haben wir unsere Bienenst\u00f6cke aufgestellt.Wir sind besonders stolz auf diese Erg\u00e4nzung, denn wir wissen... Weiterlesen >","og_url":"https:\/\/badiadipomaio.com\/de\/nachhaltigkeit\/wir-retten-die-bienen\/","og_site_name":"Badia di Pomaio","article_modified_time":"2026-02-06T14:11:05+00:00","og_image":[{"url":"https:\/\/badiadipomaio.com\/wp-content\/uploads\/2021\/11\/save-the-bees.jpg","type":"","width":"","height":""}],"twitter_card":"summary_large_image","twitter_misc":{"Gesch\u00e4tzte Lesezeit":"1\u00a0Minute"},"schema":{"@context":"https:\/\/schema.org","@graph":[{"@type":"WebPage","@id":"https:\/\/badiadipomaio.com\/de\/nachhaltigkeit\/wir-retten-die-bienen\/","url":"https:\/\/badiadipomaio.com\/de\/nachhaltigkeit\/wir-retten-die-bienen\/","name":"Rettet die Bienen - Badia di Pomaio","isPartOf":{"@id":"https:\/\/badiadipomaio.com\/#website"},"primaryImageOfPage":{"@id":"https:\/\/badiadipomaio.com\/de\/nachhaltigkeit\/wir-retten-die-bienen\/#primaryimage"},"image":{"@id":"https:\/\/badiadipomaio.com\/de\/nachhaltigkeit\/wir-retten-die-bienen\/#primaryimage"},"thumbnailUrl":"https:\/\/badiadipomaio.com\/wp-content\/uploads\/2021\/11\/save-the-bees.jpg","datePublished":"2021-12-20T10:51:32+00:00","dateModified":"2026-02-06T14:11:05+00:00","breadcrumb":{"@id":"https:\/\/badiadipomaio.com\/de\/nachhaltigkeit\/wir-retten-die-bienen\/#breadcrumb"},"inLanguage":"de","potentialAction":[{"@type":"ReadAction","target":["https:\/\/badiadipomaio.com\/de\/nachhaltigkeit\/wir-retten-die-bienen\/"]}]},{"@type":"ImageObject","inLanguage":"de","@id":"https:\/\/badiadipomaio.com\/de\/nachhaltigkeit\/wir-retten-die-bienen\/#primaryimage","url":"https:\/\/badiadipomaio.com\/wp-content\/uploads\/2021\/11\/save-the-bees.jpg","contentUrl":"https:\/\/badiadipomaio.com\/wp-content\/uploads\/2021\/11\/save-the-bees.jpg"},{"@type":"BreadcrumbList","@id":"https:\/\/badiadipomaio.com\/de\/nachhaltigkeit\/wir-retten-die-bienen\/#breadcrumb","itemListElement":[{"@type":"ListItem","position":1,"name":"Home","item":"https:\/\/badiadipomaio.com\/de\/home-2\/"},{"@type":"ListItem","position":2,"name":"Nachhaltigkeit","item":"https:\/\/badiadipomaio.com\/de\/nachhaltigkeit\/"},{"@type":"ListItem","position":3,"name":"Rettet die Bienen"}]},{"@type":"WebSite","@id":"https:\/\/badiadipomaio.com\/#website","url":"https:\/\/badiadipomaio.com\/","name":"Badia di Pomaio","description":"","publisher":{"@id":"https:\/\/badiadipomaio.com\/#organization"},"potentialAction":[{"@type":"SearchAction","target":{"@type":"EntryPoint","urlTemplate":"https:\/\/badiadipomaio.com\/?s={search_term_string}"},"query-input":{"@type":"PropertyValueSpecification","valueRequired":true,"valueName":"search_term_string"}}],"inLanguage":"de"},{"@type":"Organization","@id":"https:\/\/badiadipomaio.com\/#organization","name":"Badia di Pomaio","url":"https:\/\/badiadipomaio.com\/","logo":{"@type":"ImageObject","inLanguage":"de","@id":"https:\/\/badiadipomaio.com\/#\/schema\/logo\/image\/","url":"https:\/\/badiadipomaio.com\/wp-content\/uploads\/2020\/11\/bdp_logo.png","contentUrl":"https:\/\/badiadipomaio.com\/wp-content\/uploads\/2020\/11\/bdp_logo.png","width":368,"height":117,"caption":"Badia di Pomaio"},"image":{"@id":"https:\/\/badiadipomaio.com\/#\/schema\/logo\/image\/"}}]}},"_links":{"self":[{"href":"https:\/\/badiadipomaio.com\/de\/wp-json\/wp\/v2\/pages\/5914","targetHints":{"allow":["GET"]}}],"collection":[{"href":"https:\/\/badiadipomaio.com\/de\/wp-json\/wp\/v2\/pages"}],"about":[{"href":"https:\/\/badiadipomaio.com\/de\/wp-json\/wp\/v2\/types\/page"}],"author":[{"embeddable":true,"href":"https:\/\/badiadipomaio.com\/de\/wp-json\/wp\/v2\/users\/1"}],"replies":[{"embeddable":true,"href":"https:\/\/badiadipomaio.com\/de\/wp-json\/wp\/v2\/comments?post=5914"}],"version-history":[{"count":6,"href":"https:\/\/badiadipomaio.com\/de\/wp-json\/wp\/v2\/pages\/5914\/revisions"}],"predecessor-version":[{"id":8587,"href":"https:\/\/badiadipomaio.com\/de\/wp-json\/wp\/v2\/pages\/5914\/revisions\/8587"}],"up":[{"embeddable":true,"href":"https:\/\/badiadipomaio.com\/de\/wp-json\/wp\/v2\/pages\/5879"}],"wp:attachment":[{"href":"https:\/\/badiadipomaio.com\/de\/wp-json\/wp\/v2\/media?parent=5914"}],"curies":[{"name":"wp","href":"https:\/\/api.w.org\/{rel}","templated":true}]}}