{"id":5906,"date":"2021-12-20T11:49:08","date_gmt":"2021-12-20T10:49:08","guid":{"rendered":"https:\/\/badiadipomaio.com\/?page_id=5906"},"modified":"2026-02-06T15:11:00","modified_gmt":"2026-02-06T14:11:00","slug":"recyceln","status":"publish","type":"page","link":"https:\/\/badiadipomaio.com\/de\/nachhaltigkeit\/recyceln\/","title":{"rendered":"Recycling"},"content":{"rendered":"\t\t<div data-elementor-type=\"wp-page\" data-elementor-id=\"5906\" class=\"elementor elementor-5906 elementor-5448\">\n\t\t\t\t\t\t<section class=\"elementor-section elementor-top-section elementor-element elementor-element-107ba66 page-title text-white elementor-section-height-min-height elementor-section-items-bottom elementor-section-boxed elementor-section-height-default\" data-id=\"107ba66\" data-element_type=\"section\" data-e-type=\"section\" data-settings=\"{&quot;background_background&quot;:&quot;classic&quot;}\">\n\t\t\t\t\t\t\t<div class=\"elementor-background-overlay\"><\/div>\n\t\t\t\t\t\t\t<div class=\"elementor-container elementor-column-gap-default\">\n\t\t\t\t\t<div class=\"elementor-column elementor-col-100 elementor-top-column elementor-element elementor-element-24bc7e8\" data-id=\"24bc7e8\" data-element_type=\"column\" data-e-type=\"column\">\n\t\t\t<div class=\"elementor-widget-wrap elementor-element-populated\">\n\t\t\t\t\t\t<div class=\"elementor-element elementor-element-9a6183b elementor-widget elementor-widget-text-editor\" data-id=\"9a6183b\" data-element_type=\"widget\" data-e-type=\"widget\" data-widget_type=\"text-editor.default\">\n\t\t\t\t<div class=\"elementor-widget-container\">\n\t\t\t\t\t\t\t\t\t<h1 style=\"text-align: center;\">Recycling<\/h1>\t\t\t\t\t\t\t\t<\/div>\n\t\t\t\t<\/div>\n\t\t\t\t\t<\/div>\n\t\t<\/div>\n\t\t\t\t\t<\/div>\n\t\t<\/section>\n\t\t\t\t<section class=\"elementor-section elementor-top-section elementor-element elementor-element-a0a648c elementor-section-boxed elementor-section-height-default elementor-section-height-default\" data-id=\"a0a648c\" data-element_type=\"section\" data-e-type=\"section\" data-settings=\"{&quot;background_background&quot;:&quot;classic&quot;}\">\n\t\t\t\t\t\t<div class=\"elementor-container elementor-column-gap-default\">\n\t\t\t\t\t<div class=\"elementor-column elementor-col-16 elementor-top-column elementor-element elementor-element-d8df054\" data-id=\"d8df054\" data-element_type=\"column\" data-e-type=\"column\">\n\t\t\t<div class=\"elementor-widget-wrap\">\n\t\t\t\t\t\t\t<\/div>\n\t\t<\/div>\n\t\t\t\t<div class=\"elementor-column elementor-col-66 elementor-top-column elementor-element elementor-element-d91a014\" data-id=\"d91a014\" data-element_type=\"column\" data-e-type=\"column\">\n\t\t\t<div class=\"elementor-widget-wrap elementor-element-populated\">\n\t\t\t\t\t\t<div class=\"elementor-element elementor-element-9e33d2d elementor-widget elementor-widget-text-editor\" data-id=\"9e33d2d\" data-element_type=\"widget\" data-e-type=\"widget\" data-widget_type=\"text-editor.default\">\n\t\t\t\t<div class=\"elementor-widget-container\">\n\t\t\t\t\t\t\t\t\t<p style=\"text-align: center;\">Eines der dr\u00e4ngendsten Probleme der L\u00e4nder der ersten Welt ist die enorme Menge an vermeidbaren Lebensmittelabf\u00e4llen, die wir produzieren. Dies ist in erster Linie ein soziales und wirtschaftliches Problem &#8211; denn die Verschwendung von Lebensmitteln bedeutet eine Verschwendung nat\u00fcrlicher Ressourcen, die besser genutzt werden k\u00f6nnten &#8211; aber es hat auch Auswirkungen auf die Umwelt. <\/p><p style=\"text-align: center;\">Ungenutzte Lebensmittel landen auf der M\u00fclldeponie und produzieren Methan, d.h. sie sind eine Quelle der Umweltverschmutzung.<\/p><p style=\"text-align: center;\">Um dieses Problem zu minimieren, verwendet Badia di Pomaio geeignete Lebensmittelabf\u00e4lle aus seinem Restaurant, um unsere H\u00fchner und Ziegen zu f\u00fcttern. Die restlichen Abf\u00e4lle werden in biologischen D\u00fcnger umgewandelt und f\u00fcr unseren Gem\u00fcsegarten verwendet. <\/p>\t\t\t\t\t\t\t\t<\/div>\n\t\t\t\t<\/div>\n\t\t\t\t\t<\/div>\n\t\t<\/div>\n\t\t\t\t<div class=\"elementor-column elementor-col-16 elementor-top-column elementor-element elementor-element-543ad4a\" data-id=\"543ad4a\" data-element_type=\"column\" data-e-type=\"column\">\n\t\t\t<div class=\"elementor-widget-wrap\">\n\t\t\t\t\t\t\t<\/div>\n\t\t<\/div>\n\t\t\t\t\t<\/div>\n\t\t<\/section>\n\t\t\t\t<section class=\"elementor-section elementor-top-section elementor-element elementor-element-fc7d3da elementor-section-full_width elementor-section-content-middle elementor-section-height-default elementor-section-height-default\" data-id=\"fc7d3da\" data-element_type=\"section\" data-e-type=\"section\" data-settings=\"{&quot;background_background&quot;:&quot;classic&quot;}\">\n\t\t\t\t\t\t<div class=\"elementor-container elementor-column-gap-no\">\n\t\t\t\t\t<div class=\"elementor-column elementor-col-50 elementor-top-column elementor-element elementor-element-f21fdb3\" data-id=\"f21fdb3\" data-element_type=\"column\" data-e-type=\"column\">\n\t\t\t<div class=\"elementor-widget-wrap elementor-element-populated\">\n\t\t\t\t\t\t<div class=\"elementor-element elementor-element-2482d54 elementor-widget elementor-widget-image\" data-id=\"2482d54\" data-element_type=\"widget\" data-e-type=\"widget\" data-widget_type=\"image.default\">\n\t\t\t\t<div class=\"elementor-widget-container\">\n\t\t\t\t\t\t\t\t\t\t\t\t\t\t\t<img fetchpriority=\"high\" decoding=\"async\" width=\"850\" height=\"850\" src=\"https:\/\/badiadipomaio.com\/wp-content\/uploads\/2021\/11\/recycling-squared.jpg\" class=\"attachment-full size-full wp-image-5440\" alt=\"\" srcset=\"https:\/\/badiadipomaio.com\/wp-content\/uploads\/2021\/11\/recycling-squared.jpg 850w, https:\/\/badiadipomaio.com\/wp-content\/uploads\/2021\/11\/recycling-squared-300x300.jpg 300w, https:\/\/badiadipomaio.com\/wp-content\/uploads\/2021\/11\/recycling-squared-150x150.jpg 150w, https:\/\/badiadipomaio.com\/wp-content\/uploads\/2021\/11\/recycling-squared-768x768.jpg 768w, https:\/\/badiadipomaio.com\/wp-content\/uploads\/2021\/11\/recycling-squared-400x400.jpg 400w\" sizes=\"(max-width: 850px) 100vw, 850px\" \/>\t\t\t\t\t\t\t\t\t\t\t\t\t\t\t<\/div>\n\t\t\t\t<\/div>\n\t\t\t\t\t<\/div>\n\t\t<\/div>\n\t\t\t\t<div class=\"elementor-column elementor-col-50 elementor-top-column elementor-element elementor-element-76a7bef\" data-id=\"76a7bef\" data-element_type=\"column\" data-e-type=\"column\">\n\t\t\t<div class=\"elementor-widget-wrap elementor-element-populated\">\n\t\t\t\t\t\t<div class=\"elementor-element elementor-element-7032efa elementor-widget elementor-widget-text-editor\" data-id=\"7032efa\" data-element_type=\"widget\" data-e-type=\"widget\" data-widget_type=\"text-editor.default\">\n\t\t\t\t<div class=\"elementor-widget-container\">\n\t\t\t\t\t\t\t\t\t<p>Wir haben alle unn\u00f6tigen und umweltsch\u00e4dlichen Produkte aus dem Hotel entfernt. Wir verwenden recyceltes Plastik, aber nur, wenn es nicht m\u00f6glich ist, es durch andere Materialien zu ersetzen, wie bei unseren wiederverwendbaren Strohhalmen aus Bambus. <\/p><p>Ein lokaler K\u00fcnstler hat alle unsere Teller von Hand gefertigt und dabei nur nat\u00fcrliche, biologisch abbaubare Produkte und umweltbewusste Techniken verwendet, von denen einige bis in die Zeit der R\u00f6mer oder sogar der Etrusker zur\u00fcckreichen. Ebenso haben wir alle Gl\u00e4ser und Utensilien von lokalen Herstellern gekauft, um die Auswirkungen des Autoverkehrs zu reduzieren. <\/p>\t\t\t\t\t\t\t\t<\/div>\n\t\t\t\t<\/div>\n\t\t\t\t\t<\/div>\n\t\t<\/div>\n\t\t\t\t\t<\/div>\n\t\t<\/section>\n\t\t\t\t<\/div>\n\t\t","protected":false},"excerpt":{"rendered":"<p>Recycling Eines der dr\u00e4ngendsten Probleme der L\u00e4nder der ersten Welt ist die enorme Menge an vermeidbaren Lebensmittelabf\u00e4llen, die wir produzieren. Dies ist in erster Linie&#8230; <a class=\"read-more\" style=\"text-decoration:underline;\" href=\"https:\/\/badiadipomaio.com\/de\/nachhaltigkeit\/recyceln\/\">Weiterlesen ><\/a><\/p>\n","protected":false},"author":1,"featured_media":0,"parent":5879,"menu_order":0,"comment_status":"closed","ping_status":"closed","template":"elementor_header_footer","meta":{"_acf_changed":false,"footnotes":""},"class_list":["post-5906","page","type-page","status-publish","hentry"],"acf":[],"yoast_head":"<!-- This site is optimized with the Yoast SEO plugin v27.0 - https:\/\/yoast.com\/product\/yoast-seo-wordpress\/ -->\n<title>Recycling - Badia di Pomaio<\/title>\n<meta name=\"robots\" content=\"index, follow, max-snippet:-1, max-image-preview:large, max-video-preview:-1\" \/>\n<link rel=\"canonical\" href=\"https:\/\/badiadipomaio.com\/de\/nachhaltigkeit\/recyceln\/\" \/>\n<meta property=\"og:locale\" content=\"de_DE\" \/>\n<meta property=\"og:type\" content=\"article\" \/>\n<meta property=\"og:title\" content=\"Recycling - Badia di Pomaio\" \/>\n<meta property=\"og:description\" content=\"Recycling Eines der dr\u00e4ngendsten Probleme der L\u00e4nder der ersten Welt ist die enorme Menge an vermeidbaren Lebensmittelabf\u00e4llen, die wir produzieren. Dies ist in erster Linie... Weiterlesen &gt;\" \/>\n<meta property=\"og:url\" content=\"https:\/\/badiadipomaio.com\/de\/nachhaltigkeit\/recyceln\/\" \/>\n<meta property=\"og:site_name\" content=\"Badia di Pomaio\" \/>\n<meta property=\"article:modified_time\" content=\"2026-02-06T14:11:00+00:00\" \/>\n<meta property=\"og:image\" content=\"https:\/\/badiadipomaio.com\/wp-content\/uploads\/2021\/11\/recycling-squared.jpg\" \/>\n<meta name=\"twitter:card\" content=\"summary_large_image\" \/>\n<meta name=\"twitter:label1\" content=\"Gesch\u00e4tzte Lesezeit\" \/>\n\t<meta name=\"twitter:data1\" content=\"2\u00a0Minuten\" \/>\n<script type=\"application\/ld+json\" class=\"yoast-schema-graph\">{\"@context\":\"https:\/\/schema.org\",\"@graph\":[{\"@type\":\"WebPage\",\"@id\":\"https:\/\/badiadipomaio.com\/de\/nachhaltigkeit\/recyceln\/\",\"url\":\"https:\/\/badiadipomaio.com\/de\/nachhaltigkeit\/recyceln\/\",\"name\":\"Recycling - Badia di Pomaio\",\"isPartOf\":{\"@id\":\"https:\/\/badiadipomaio.com\/#website\"},\"primaryImageOfPage\":{\"@id\":\"https:\/\/badiadipomaio.com\/de\/nachhaltigkeit\/recyceln\/#primaryimage\"},\"image\":{\"@id\":\"https:\/\/badiadipomaio.com\/de\/nachhaltigkeit\/recyceln\/#primaryimage\"},\"thumbnailUrl\":\"https:\/\/badiadipomaio.com\/wp-content\/uploads\/2021\/11\/recycling-squared.jpg\",\"datePublished\":\"2021-12-20T10:49:08+00:00\",\"dateModified\":\"2026-02-06T14:11:00+00:00\",\"breadcrumb\":{\"@id\":\"https:\/\/badiadipomaio.com\/de\/nachhaltigkeit\/recyceln\/#breadcrumb\"},\"inLanguage\":\"de\",\"potentialAction\":[{\"@type\":\"ReadAction\",\"target\":[\"https:\/\/badiadipomaio.com\/de\/nachhaltigkeit\/recyceln\/\"]}]},{\"@type\":\"ImageObject\",\"inLanguage\":\"de\",\"@id\":\"https:\/\/badiadipomaio.com\/de\/nachhaltigkeit\/recyceln\/#primaryimage\",\"url\":\"https:\/\/badiadipomaio.com\/wp-content\/uploads\/2021\/11\/recycling-squared.jpg\",\"contentUrl\":\"https:\/\/badiadipomaio.com\/wp-content\/uploads\/2021\/11\/recycling-squared.jpg\"},{\"@type\":\"BreadcrumbList\",\"@id\":\"https:\/\/badiadipomaio.com\/de\/nachhaltigkeit\/recyceln\/#breadcrumb\",\"itemListElement\":[{\"@type\":\"ListItem\",\"position\":1,\"name\":\"Home\",\"item\":\"https:\/\/badiadipomaio.com\/de\/home-2\/\"},{\"@type\":\"ListItem\",\"position\":2,\"name\":\"Nachhaltigkeit\",\"item\":\"https:\/\/badiadipomaio.com\/de\/nachhaltigkeit\/\"},{\"@type\":\"ListItem\",\"position\":3,\"name\":\"Recycling\"}]},{\"@type\":\"WebSite\",\"@id\":\"https:\/\/badiadipomaio.com\/#website\",\"url\":\"https:\/\/badiadipomaio.com\/\",\"name\":\"Badia di Pomaio\",\"description\":\"\",\"publisher\":{\"@id\":\"https:\/\/badiadipomaio.com\/#organization\"},\"potentialAction\":[{\"@type\":\"SearchAction\",\"target\":{\"@type\":\"EntryPoint\",\"urlTemplate\":\"https:\/\/badiadipomaio.com\/?s={search_term_string}\"},\"query-input\":{\"@type\":\"PropertyValueSpecification\",\"valueRequired\":true,\"valueName\":\"search_term_string\"}}],\"inLanguage\":\"de\"},{\"@type\":\"Organization\",\"@id\":\"https:\/\/badiadipomaio.com\/#organization\",\"name\":\"Badia di Pomaio\",\"url\":\"https:\/\/badiadipomaio.com\/\",\"logo\":{\"@type\":\"ImageObject\",\"inLanguage\":\"de\",\"@id\":\"https:\/\/badiadipomaio.com\/#\/schema\/logo\/image\/\",\"url\":\"https:\/\/badiadipomaio.com\/wp-content\/uploads\/2020\/11\/bdp_logo.png\",\"contentUrl\":\"https:\/\/badiadipomaio.com\/wp-content\/uploads\/2020\/11\/bdp_logo.png\",\"width\":368,\"height\":117,\"caption\":\"Badia di Pomaio\"},\"image\":{\"@id\":\"https:\/\/badiadipomaio.com\/#\/schema\/logo\/image\/\"}}]}<\/script>\n<!-- \/ Yoast SEO plugin. -->","yoast_head_json":{"title":"Recycling - Badia di Pomaio","robots":{"index":"index","follow":"follow","max-snippet":"max-snippet:-1","max-image-preview":"max-image-preview:large","max-video-preview":"max-video-preview:-1"},"canonical":"https:\/\/badiadipomaio.com\/de\/nachhaltigkeit\/recyceln\/","og_locale":"de_DE","og_type":"article","og_title":"Recycling - Badia di Pomaio","og_description":"Recycling Eines der dr\u00e4ngendsten Probleme der L\u00e4nder der ersten Welt ist die enorme Menge an vermeidbaren Lebensmittelabf\u00e4llen, die wir produzieren. Dies ist in erster Linie... Weiterlesen >","og_url":"https:\/\/badiadipomaio.com\/de\/nachhaltigkeit\/recyceln\/","og_site_name":"Badia di Pomaio","article_modified_time":"2026-02-06T14:11:00+00:00","og_image":[{"url":"https:\/\/badiadipomaio.com\/wp-content\/uploads\/2021\/11\/recycling-squared.jpg","type":"","width":"","height":""}],"twitter_card":"summary_large_image","twitter_misc":{"Gesch\u00e4tzte Lesezeit":"2\u00a0Minuten"},"schema":{"@context":"https:\/\/schema.org","@graph":[{"@type":"WebPage","@id":"https:\/\/badiadipomaio.com\/de\/nachhaltigkeit\/recyceln\/","url":"https:\/\/badiadipomaio.com\/de\/nachhaltigkeit\/recyceln\/","name":"Recycling - Badia di Pomaio","isPartOf":{"@id":"https:\/\/badiadipomaio.com\/#website"},"primaryImageOfPage":{"@id":"https:\/\/badiadipomaio.com\/de\/nachhaltigkeit\/recyceln\/#primaryimage"},"image":{"@id":"https:\/\/badiadipomaio.com\/de\/nachhaltigkeit\/recyceln\/#primaryimage"},"thumbnailUrl":"https:\/\/badiadipomaio.com\/wp-content\/uploads\/2021\/11\/recycling-squared.jpg","datePublished":"2021-12-20T10:49:08+00:00","dateModified":"2026-02-06T14:11:00+00:00","breadcrumb":{"@id":"https:\/\/badiadipomaio.com\/de\/nachhaltigkeit\/recyceln\/#breadcrumb"},"inLanguage":"de","potentialAction":[{"@type":"ReadAction","target":["https:\/\/badiadipomaio.com\/de\/nachhaltigkeit\/recyceln\/"]}]},{"@type":"ImageObject","inLanguage":"de","@id":"https:\/\/badiadipomaio.com\/de\/nachhaltigkeit\/recyceln\/#primaryimage","url":"https:\/\/badiadipomaio.com\/wp-content\/uploads\/2021\/11\/recycling-squared.jpg","contentUrl":"https:\/\/badiadipomaio.com\/wp-content\/uploads\/2021\/11\/recycling-squared.jpg"},{"@type":"BreadcrumbList","@id":"https:\/\/badiadipomaio.com\/de\/nachhaltigkeit\/recyceln\/#breadcrumb","itemListElement":[{"@type":"ListItem","position":1,"name":"Home","item":"https:\/\/badiadipomaio.com\/de\/home-2\/"},{"@type":"ListItem","position":2,"name":"Nachhaltigkeit","item":"https:\/\/badiadipomaio.com\/de\/nachhaltigkeit\/"},{"@type":"ListItem","position":3,"name":"Recycling"}]},{"@type":"WebSite","@id":"https:\/\/badiadipomaio.com\/#website","url":"https:\/\/badiadipomaio.com\/","name":"Badia di Pomaio","description":"","publisher":{"@id":"https:\/\/badiadipomaio.com\/#organization"},"potentialAction":[{"@type":"SearchAction","target":{"@type":"EntryPoint","urlTemplate":"https:\/\/badiadipomaio.com\/?s={search_term_string}"},"query-input":{"@type":"PropertyValueSpecification","valueRequired":true,"valueName":"search_term_string"}}],"inLanguage":"de"},{"@type":"Organization","@id":"https:\/\/badiadipomaio.com\/#organization","name":"Badia di Pomaio","url":"https:\/\/badiadipomaio.com\/","logo":{"@type":"ImageObject","inLanguage":"de","@id":"https:\/\/badiadipomaio.com\/#\/schema\/logo\/image\/","url":"https:\/\/badiadipomaio.com\/wp-content\/uploads\/2020\/11\/bdp_logo.png","contentUrl":"https:\/\/badiadipomaio.com\/wp-content\/uploads\/2020\/11\/bdp_logo.png","width":368,"height":117,"caption":"Badia di Pomaio"},"image":{"@id":"https:\/\/badiadipomaio.com\/#\/schema\/logo\/image\/"}}]}},"_links":{"self":[{"href":"https:\/\/badiadipomaio.com\/de\/wp-json\/wp\/v2\/pages\/5906","targetHints":{"allow":["GET"]}}],"collection":[{"href":"https:\/\/badiadipomaio.com\/de\/wp-json\/wp\/v2\/pages"}],"about":[{"href":"https:\/\/badiadipomaio.com\/de\/wp-json\/wp\/v2\/types\/page"}],"author":[{"embeddable":true,"href":"https:\/\/badiadipomaio.com\/de\/wp-json\/wp\/v2\/users\/1"}],"replies":[{"embeddable":true,"href":"https:\/\/badiadipomaio.com\/de\/wp-json\/wp\/v2\/comments?post=5906"}],"version-history":[{"count":6,"href":"https:\/\/badiadipomaio.com\/de\/wp-json\/wp\/v2\/pages\/5906\/revisions"}],"predecessor-version":[{"id":8574,"href":"https:\/\/badiadipomaio.com\/de\/wp-json\/wp\/v2\/pages\/5906\/revisions\/8574"}],"up":[{"embeddable":true,"href":"https:\/\/badiadipomaio.com\/de\/wp-json\/wp\/v2\/pages\/5879"}],"wp:attachment":[{"href":"https:\/\/badiadipomaio.com\/de\/wp-json\/wp\/v2\/media?parent=5906"}],"curies":[{"name":"wp","href":"https:\/\/api.w.org\/{rel}","templated":true}]}}