{"id":5892,"date":"2021-12-20T11:44:31","date_gmt":"2021-12-20T10:44:31","guid":{"rendered":"https:\/\/badiadipomaio.com\/?page_id=5892"},"modified":"2026-02-06T15:11:26","modified_gmt":"2026-02-06T14:11:26","slug":"energie","status":"publish","type":"page","link":"https:\/\/badiadipomaio.com\/de\/nachhaltigkeit\/energie\/","title":{"rendered":"Energie"},"content":{"rendered":"\t\t<div data-elementor-type=\"wp-page\" data-elementor-id=\"5892\" class=\"elementor elementor-5892 elementor-5316\">\n\t\t\t\t\t\t<section class=\"elementor-section elementor-top-section elementor-element elementor-element-107ba66 page-title text-white elementor-section-height-min-height elementor-section-items-bottom elementor-section-boxed elementor-section-height-default\" data-id=\"107ba66\" data-element_type=\"section\" data-e-type=\"section\" data-settings=\"{&quot;background_background&quot;:&quot;classic&quot;}\">\n\t\t\t\t\t\t\t<div class=\"elementor-background-overlay\"><\/div>\n\t\t\t\t\t\t\t<div class=\"elementor-container elementor-column-gap-default\">\n\t\t\t\t\t<div class=\"elementor-column elementor-col-100 elementor-top-column elementor-element elementor-element-24bc7e8\" data-id=\"24bc7e8\" data-element_type=\"column\" data-e-type=\"column\">\n\t\t\t<div class=\"elementor-widget-wrap elementor-element-populated\">\n\t\t\t\t\t\t<div class=\"elementor-element elementor-element-9a6183b elementor-widget elementor-widget-text-editor\" data-id=\"9a6183b\" data-element_type=\"widget\" data-e-type=\"widget\" data-widget_type=\"text-editor.default\">\n\t\t\t\t<div class=\"elementor-widget-container\">\n\t\t\t\t\t\t\t\t\t<h1 style=\"text-align: center;\">Energie<\/h1>\t\t\t\t\t\t\t\t<\/div>\n\t\t\t\t<\/div>\n\t\t\t\t\t<\/div>\n\t\t<\/div>\n\t\t\t\t\t<\/div>\n\t\t<\/section>\n\t\t\t\t<section class=\"elementor-section elementor-top-section elementor-element elementor-element-a0a648c elementor-section-boxed elementor-section-height-default elementor-section-height-default\" data-id=\"a0a648c\" data-element_type=\"section\" data-e-type=\"section\" data-settings=\"{&quot;background_background&quot;:&quot;classic&quot;}\">\n\t\t\t\t\t\t<div class=\"elementor-container elementor-column-gap-default\">\n\t\t\t\t\t<div class=\"elementor-column elementor-col-16 elementor-top-column elementor-element elementor-element-d8df054\" data-id=\"d8df054\" data-element_type=\"column\" data-e-type=\"column\">\n\t\t\t<div class=\"elementor-widget-wrap\">\n\t\t\t\t\t\t\t<\/div>\n\t\t<\/div>\n\t\t\t\t<div class=\"elementor-column elementor-col-66 elementor-top-column elementor-element elementor-element-d91a014\" data-id=\"d91a014\" data-element_type=\"column\" data-e-type=\"column\">\n\t\t\t<div class=\"elementor-widget-wrap elementor-element-populated\">\n\t\t\t\t\t\t<div class=\"elementor-element elementor-element-9e33d2d elementor-widget elementor-widget-text-editor\" data-id=\"9e33d2d\" data-element_type=\"widget\" data-e-type=\"widget\" data-widget_type=\"text-editor.default\">\n\t\t\t\t<div class=\"elementor-widget-container\">\n\t\t\t\t\t\t\t\t\t<p style=\"text-align: center;\">Ein System von Sonnenkollektoren f\u00e4ngt die Energie ein, die das Hotel ben\u00f6tigt, um gen\u00fcgend erneuerbaren Strom zu erzeugen, um sich selbst zu versorgen. Die \u00fcbersch\u00fcssige Energie wird gespeichert und zum Heizen des Wassers und der Handtuchhalter in den Badezimmern verwendet. <\/p><p style=\"text-align: center;\">Eines der Systeme, die wir einsetzen, um ein hohes Ma\u00df an Energieeffizienz und -speicherung zu erreichen, ist der Einsatz von intelligenter Beleuchtung. Die Beleuchtung au\u00dferhalb des Geb\u00e4udes und in den Gemeinschaftsbereichen ist automatisiert und schaltet sich zu bestimmten Zeiten ein und aus, je nach Sonnenauf- und -untergang. <\/p>\t\t\t\t\t\t\t\t<\/div>\n\t\t\t\t<\/div>\n\t\t\t\t\t<\/div>\n\t\t<\/div>\n\t\t\t\t<div class=\"elementor-column elementor-col-16 elementor-top-column elementor-element elementor-element-543ad4a\" data-id=\"543ad4a\" data-element_type=\"column\" data-e-type=\"column\">\n\t\t\t<div class=\"elementor-widget-wrap\">\n\t\t\t\t\t\t\t<\/div>\n\t\t<\/div>\n\t\t\t\t\t<\/div>\n\t\t<\/section>\n\t\t\t\t<section class=\"elementor-section elementor-top-section elementor-element elementor-element-2b9c36e elementor-section-full_width elementor-section-content-middle elementor-section-height-default elementor-section-height-default\" data-id=\"2b9c36e\" data-element_type=\"section\" data-e-type=\"section\" data-settings=\"{&quot;background_background&quot;:&quot;classic&quot;}\">\n\t\t\t\t\t\t<div class=\"elementor-container elementor-column-gap-no\">\n\t\t\t\t\t<div class=\"elementor-column elementor-col-50 elementor-top-column elementor-element elementor-element-b3eb459\" data-id=\"b3eb459\" data-element_type=\"column\" data-e-type=\"column\">\n\t\t\t<div class=\"elementor-widget-wrap elementor-element-populated\">\n\t\t\t\t\t\t<div class=\"elementor-element elementor-element-0671c23 elementor-widget elementor-widget-image\" data-id=\"0671c23\" data-element_type=\"widget\" data-e-type=\"widget\" data-widget_type=\"image.default\">\n\t\t\t\t<div class=\"elementor-widget-container\">\n\t\t\t\t\t\t\t\t\t\t\t\t\t\t\t<img fetchpriority=\"high\" decoding=\"async\" width=\"1000\" height=\"1000\" src=\"https:\/\/badiadipomaio.com\/wp-content\/uploads\/2021\/11\/energy-details.jpg\" class=\"attachment-full size-full wp-image-5476\" alt=\"\" srcset=\"https:\/\/badiadipomaio.com\/wp-content\/uploads\/2021\/11\/energy-details.jpg 1000w, https:\/\/badiadipomaio.com\/wp-content\/uploads\/2021\/11\/energy-details-300x300.jpg 300w, https:\/\/badiadipomaio.com\/wp-content\/uploads\/2021\/11\/energy-details-150x150.jpg 150w, https:\/\/badiadipomaio.com\/wp-content\/uploads\/2021\/11\/energy-details-768x768.jpg 768w, https:\/\/badiadipomaio.com\/wp-content\/uploads\/2021\/11\/energy-details-400x400.jpg 400w\" sizes=\"(max-width: 1000px) 100vw, 1000px\" \/>\t\t\t\t\t\t\t\t\t\t\t\t\t\t\t<\/div>\n\t\t\t\t<\/div>\n\t\t\t\t\t<\/div>\n\t\t<\/div>\n\t\t\t\t<div class=\"elementor-column elementor-col-50 elementor-top-column elementor-element elementor-element-9f79260\" data-id=\"9f79260\" data-element_type=\"column\" data-e-type=\"column\">\n\t\t\t<div class=\"elementor-widget-wrap elementor-element-populated\">\n\t\t\t\t\t\t<div class=\"elementor-element elementor-element-563db3b elementor-widget elementor-widget-text-editor\" data-id=\"563db3b\" data-element_type=\"widget\" data-e-type=\"widget\" data-widget_type=\"text-editor.default\">\n\t\t\t\t<div class=\"elementor-widget-container\">\n\t\t\t\t\t\t\t\t\t<p>Die Lichter in den Zimmern sind mit einem Chipkartensystem verbunden und schalten sich nur ein, wenn die G\u00e4ste im Zimmer sind und die Karte in ihren Schlitz gesteckt wird. Die Smartcards steuern auch die Klimaanlage und die Heizung in den Zimmern, die sich als zus\u00e4tzliche Ma\u00dfnahme zur Vermeidung von Energieverlusten automatisch abschaltet, wenn die Fenster ge\u00f6ffnet sind. <\/p><p>Da viele unserer G\u00e4ste mit Elektroautos unterwegs sind, haben wir vor kurzem eine Lades\u00e4ule installiert, die sie nutzen k\u00f6nnen.<\/p>\t\t\t\t\t\t\t\t<\/div>\n\t\t\t\t<\/div>\n\t\t\t\t\t<\/div>\n\t\t<\/div>\n\t\t\t\t\t<\/div>\n\t\t<\/section>\n\t\t\t\t<\/div>\n\t\t","protected":false},"excerpt":{"rendered":"<p>Energie Ein System von Sonnenkollektoren f\u00e4ngt die Energie ein, die das Hotel ben\u00f6tigt, um gen\u00fcgend erneuerbaren Strom zu erzeugen, um sich selbst zu versorgen. Die&#8230; <a class=\"read-more\" style=\"text-decoration:underline;\" href=\"https:\/\/badiadipomaio.com\/de\/nachhaltigkeit\/energie\/\">Weiterlesen ><\/a><\/p>\n","protected":false},"author":1,"featured_media":0,"parent":5879,"menu_order":0,"comment_status":"closed","ping_status":"closed","template":"elementor_header_footer","meta":{"_acf_changed":false,"footnotes":""},"class_list":["post-5892","page","type-page","status-publish","hentry"],"acf":[],"yoast_head":"<!-- This site is optimized with the Yoast SEO plugin v27.0 - https:\/\/yoast.com\/product\/yoast-seo-wordpress\/ -->\n<title>Energie - Badia di Pomaio<\/title>\n<meta name=\"robots\" content=\"index, follow, max-snippet:-1, max-image-preview:large, max-video-preview:-1\" \/>\n<link rel=\"canonical\" href=\"https:\/\/badiadipomaio.com\/de\/nachhaltigkeit\/energie\/\" \/>\n<meta property=\"og:locale\" content=\"de_DE\" \/>\n<meta property=\"og:type\" content=\"article\" \/>\n<meta property=\"og:title\" content=\"Energie - Badia di Pomaio\" \/>\n<meta property=\"og:description\" content=\"Energie Ein System von Sonnenkollektoren f\u00e4ngt die Energie ein, die das Hotel ben\u00f6tigt, um gen\u00fcgend erneuerbaren Strom zu erzeugen, um sich selbst zu versorgen. Die... Weiterlesen &gt;\" \/>\n<meta property=\"og:url\" content=\"https:\/\/badiadipomaio.com\/de\/nachhaltigkeit\/energie\/\" \/>\n<meta property=\"og:site_name\" content=\"Badia di Pomaio\" \/>\n<meta property=\"article:modified_time\" content=\"2026-02-06T14:11:26+00:00\" \/>\n<meta property=\"og:image\" content=\"https:\/\/badiadipomaio.com\/wp-content\/uploads\/2021\/11\/energy-details.jpg\" \/>\n<meta name=\"twitter:card\" content=\"summary_large_image\" \/>\n<meta name=\"twitter:label1\" content=\"Gesch\u00e4tzte Lesezeit\" \/>\n\t<meta name=\"twitter:data1\" content=\"1\u00a0Minute\" \/>\n<script type=\"application\/ld+json\" class=\"yoast-schema-graph\">{\"@context\":\"https:\/\/schema.org\",\"@graph\":[{\"@type\":\"WebPage\",\"@id\":\"https:\/\/badiadipomaio.com\/de\/nachhaltigkeit\/energie\/\",\"url\":\"https:\/\/badiadipomaio.com\/de\/nachhaltigkeit\/energie\/\",\"name\":\"Energie - Badia di Pomaio\",\"isPartOf\":{\"@id\":\"https:\/\/badiadipomaio.com\/#website\"},\"primaryImageOfPage\":{\"@id\":\"https:\/\/badiadipomaio.com\/de\/nachhaltigkeit\/energie\/#primaryimage\"},\"image\":{\"@id\":\"https:\/\/badiadipomaio.com\/de\/nachhaltigkeit\/energie\/#primaryimage\"},\"thumbnailUrl\":\"https:\/\/badiadipomaio.com\/wp-content\/uploads\/2021\/11\/energy-details.jpg\",\"datePublished\":\"2021-12-20T10:44:31+00:00\",\"dateModified\":\"2026-02-06T14:11:26+00:00\",\"breadcrumb\":{\"@id\":\"https:\/\/badiadipomaio.com\/de\/nachhaltigkeit\/energie\/#breadcrumb\"},\"inLanguage\":\"de\",\"potentialAction\":[{\"@type\":\"ReadAction\",\"target\":[\"https:\/\/badiadipomaio.com\/de\/nachhaltigkeit\/energie\/\"]}]},{\"@type\":\"ImageObject\",\"inLanguage\":\"de\",\"@id\":\"https:\/\/badiadipomaio.com\/de\/nachhaltigkeit\/energie\/#primaryimage\",\"url\":\"https:\/\/badiadipomaio.com\/wp-content\/uploads\/2021\/11\/energy-details.jpg\",\"contentUrl\":\"https:\/\/badiadipomaio.com\/wp-content\/uploads\/2021\/11\/energy-details.jpg\"},{\"@type\":\"BreadcrumbList\",\"@id\":\"https:\/\/badiadipomaio.com\/de\/nachhaltigkeit\/energie\/#breadcrumb\",\"itemListElement\":[{\"@type\":\"ListItem\",\"position\":1,\"name\":\"Home\",\"item\":\"https:\/\/badiadipomaio.com\/de\/home-2\/\"},{\"@type\":\"ListItem\",\"position\":2,\"name\":\"Nachhaltigkeit\",\"item\":\"https:\/\/badiadipomaio.com\/de\/nachhaltigkeit\/\"},{\"@type\":\"ListItem\",\"position\":3,\"name\":\"Energie\"}]},{\"@type\":\"WebSite\",\"@id\":\"https:\/\/badiadipomaio.com\/#website\",\"url\":\"https:\/\/badiadipomaio.com\/\",\"name\":\"Badia di Pomaio\",\"description\":\"\",\"publisher\":{\"@id\":\"https:\/\/badiadipomaio.com\/#organization\"},\"potentialAction\":[{\"@type\":\"SearchAction\",\"target\":{\"@type\":\"EntryPoint\",\"urlTemplate\":\"https:\/\/badiadipomaio.com\/?s={search_term_string}\"},\"query-input\":{\"@type\":\"PropertyValueSpecification\",\"valueRequired\":true,\"valueName\":\"search_term_string\"}}],\"inLanguage\":\"de\"},{\"@type\":\"Organization\",\"@id\":\"https:\/\/badiadipomaio.com\/#organization\",\"name\":\"Badia di Pomaio\",\"url\":\"https:\/\/badiadipomaio.com\/\",\"logo\":{\"@type\":\"ImageObject\",\"inLanguage\":\"de\",\"@id\":\"https:\/\/badiadipomaio.com\/#\/schema\/logo\/image\/\",\"url\":\"https:\/\/badiadipomaio.com\/wp-content\/uploads\/2020\/11\/bdp_logo.png\",\"contentUrl\":\"https:\/\/badiadipomaio.com\/wp-content\/uploads\/2020\/11\/bdp_logo.png\",\"width\":368,\"height\":117,\"caption\":\"Badia di Pomaio\"},\"image\":{\"@id\":\"https:\/\/badiadipomaio.com\/#\/schema\/logo\/image\/\"}}]}<\/script>\n<!-- \/ Yoast SEO plugin. -->","yoast_head_json":{"title":"Energie - Badia di Pomaio","robots":{"index":"index","follow":"follow","max-snippet":"max-snippet:-1","max-image-preview":"max-image-preview:large","max-video-preview":"max-video-preview:-1"},"canonical":"https:\/\/badiadipomaio.com\/de\/nachhaltigkeit\/energie\/","og_locale":"de_DE","og_type":"article","og_title":"Energie - Badia di Pomaio","og_description":"Energie Ein System von Sonnenkollektoren f\u00e4ngt die Energie ein, die das Hotel ben\u00f6tigt, um gen\u00fcgend erneuerbaren Strom zu erzeugen, um sich selbst zu versorgen. Die... Weiterlesen >","og_url":"https:\/\/badiadipomaio.com\/de\/nachhaltigkeit\/energie\/","og_site_name":"Badia di Pomaio","article_modified_time":"2026-02-06T14:11:26+00:00","og_image":[{"url":"https:\/\/badiadipomaio.com\/wp-content\/uploads\/2021\/11\/energy-details.jpg","type":"","width":"","height":""}],"twitter_card":"summary_large_image","twitter_misc":{"Gesch\u00e4tzte Lesezeit":"1\u00a0Minute"},"schema":{"@context":"https:\/\/schema.org","@graph":[{"@type":"WebPage","@id":"https:\/\/badiadipomaio.com\/de\/nachhaltigkeit\/energie\/","url":"https:\/\/badiadipomaio.com\/de\/nachhaltigkeit\/energie\/","name":"Energie - Badia di Pomaio","isPartOf":{"@id":"https:\/\/badiadipomaio.com\/#website"},"primaryImageOfPage":{"@id":"https:\/\/badiadipomaio.com\/de\/nachhaltigkeit\/energie\/#primaryimage"},"image":{"@id":"https:\/\/badiadipomaio.com\/de\/nachhaltigkeit\/energie\/#primaryimage"},"thumbnailUrl":"https:\/\/badiadipomaio.com\/wp-content\/uploads\/2021\/11\/energy-details.jpg","datePublished":"2021-12-20T10:44:31+00:00","dateModified":"2026-02-06T14:11:26+00:00","breadcrumb":{"@id":"https:\/\/badiadipomaio.com\/de\/nachhaltigkeit\/energie\/#breadcrumb"},"inLanguage":"de","potentialAction":[{"@type":"ReadAction","target":["https:\/\/badiadipomaio.com\/de\/nachhaltigkeit\/energie\/"]}]},{"@type":"ImageObject","inLanguage":"de","@id":"https:\/\/badiadipomaio.com\/de\/nachhaltigkeit\/energie\/#primaryimage","url":"https:\/\/badiadipomaio.com\/wp-content\/uploads\/2021\/11\/energy-details.jpg","contentUrl":"https:\/\/badiadipomaio.com\/wp-content\/uploads\/2021\/11\/energy-details.jpg"},{"@type":"BreadcrumbList","@id":"https:\/\/badiadipomaio.com\/de\/nachhaltigkeit\/energie\/#breadcrumb","itemListElement":[{"@type":"ListItem","position":1,"name":"Home","item":"https:\/\/badiadipomaio.com\/de\/home-2\/"},{"@type":"ListItem","position":2,"name":"Nachhaltigkeit","item":"https:\/\/badiadipomaio.com\/de\/nachhaltigkeit\/"},{"@type":"ListItem","position":3,"name":"Energie"}]},{"@type":"WebSite","@id":"https:\/\/badiadipomaio.com\/#website","url":"https:\/\/badiadipomaio.com\/","name":"Badia di Pomaio","description":"","publisher":{"@id":"https:\/\/badiadipomaio.com\/#organization"},"potentialAction":[{"@type":"SearchAction","target":{"@type":"EntryPoint","urlTemplate":"https:\/\/badiadipomaio.com\/?s={search_term_string}"},"query-input":{"@type":"PropertyValueSpecification","valueRequired":true,"valueName":"search_term_string"}}],"inLanguage":"de"},{"@type":"Organization","@id":"https:\/\/badiadipomaio.com\/#organization","name":"Badia di Pomaio","url":"https:\/\/badiadipomaio.com\/","logo":{"@type":"ImageObject","inLanguage":"de","@id":"https:\/\/badiadipomaio.com\/#\/schema\/logo\/image\/","url":"https:\/\/badiadipomaio.com\/wp-content\/uploads\/2020\/11\/bdp_logo.png","contentUrl":"https:\/\/badiadipomaio.com\/wp-content\/uploads\/2020\/11\/bdp_logo.png","width":368,"height":117,"caption":"Badia di Pomaio"},"image":{"@id":"https:\/\/badiadipomaio.com\/#\/schema\/logo\/image\/"}}]}},"_links":{"self":[{"href":"https:\/\/badiadipomaio.com\/de\/wp-json\/wp\/v2\/pages\/5892","targetHints":{"allow":["GET"]}}],"collection":[{"href":"https:\/\/badiadipomaio.com\/de\/wp-json\/wp\/v2\/pages"}],"about":[{"href":"https:\/\/badiadipomaio.com\/de\/wp-json\/wp\/v2\/types\/page"}],"author":[{"embeddable":true,"href":"https:\/\/badiadipomaio.com\/de\/wp-json\/wp\/v2\/users\/1"}],"replies":[{"embeddable":true,"href":"https:\/\/badiadipomaio.com\/de\/wp-json\/wp\/v2\/comments?post=5892"}],"version-history":[{"count":6,"href":"https:\/\/badiadipomaio.com\/de\/wp-json\/wp\/v2\/pages\/5892\/revisions"}],"predecessor-version":[{"id":8668,"href":"https:\/\/badiadipomaio.com\/de\/wp-json\/wp\/v2\/pages\/5892\/revisions\/8668"}],"up":[{"embeddable":true,"href":"https:\/\/badiadipomaio.com\/de\/wp-json\/wp\/v2\/pages\/5879"}],"wp:attachment":[{"href":"https:\/\/badiadipomaio.com\/de\/wp-json\/wp\/v2\/media?parent=5892"}],"curies":[{"name":"wp","href":"https:\/\/api.w.org\/{rel}","templated":true}]}}